{"id":856,"date":"2025-08-18T16:25:17","date_gmt":"2025-08-18T14:25:17","guid":{"rendered":"https:\/\/www.issat.info\/2026\/?page_id=856"},"modified":"2026-03-30T16:20:35","modified_gmt":"2026-03-30T14:20:35","slug":"contact-issat-redon","status":"publish","type":"page","link":"https:\/\/www.issat.info\/2026\/contact-issat-redon\/","title":{"rendered":"Contact"},"content":{"rendered":"\t\t<div data-elementor-type=\"wp-page\" data-elementor-id=\"856\" class=\"elementor elementor-856\" data-elementor-post-type=\"page\">\n\t\t\t\t\t\t<section class=\"elementor-section elementor-top-section elementor-element elementor-element-6bd23045 elementor-section-height-min-height elementor-section-boxed elementor-section-height-default elementor-section-items-middle\" data-id=\"6bd23045\" data-element_type=\"section\" data-e-type=\"section\" data-settings=\"{&quot;background_background&quot;:&quot;classic&quot;}\">\n\t\t\t\t\t\t\t<div class=\"elementor-background-overlay\"><\/div>\n\t\t\t\t\t\t\t<div class=\"elementor-container elementor-column-gap-wider\">\n\t\t\t\t\t<div class=\"elementor-column elementor-col-100 elementor-top-column elementor-element elementor-element-414f805b\" data-id=\"414f805b\" data-element_type=\"column\" data-e-type=\"column\">\n\t\t\t<div class=\"elementor-widget-wrap elementor-element-populated\">\n\t\t\t\t\t\t<div class=\"elementor-element elementor-element-45a30155 elementor-invisible elementor-widget elementor-widget-heading\" data-id=\"45a30155\" data-element_type=\"widget\" data-e-type=\"widget\" data-settings=\"{&quot;_animation&quot;:&quot;fadeInDown&quot;,&quot;_animation_delay&quot;:200}\" data-widget_type=\"heading.default\">\n\t\t\t\t\t<h1 class=\"elementor-heading-title elementor-size-default\">Contact<\/h1>\t\t\t\t<\/div>\n\t\t\t\t\t<\/div>\n\t\t<\/div>\n\t\t\t\t\t<\/div>\n\t\t<\/section>\n\t\t\t\t<section class=\"elementor-section elementor-top-section elementor-element elementor-element-630d8ea7 elementor-section-boxed elementor-section-height-default elementor-section-height-default\" data-id=\"630d8ea7\" data-element_type=\"section\" data-e-type=\"section\">\n\t\t\t\t\t\t<div class=\"elementor-container elementor-column-gap-wider\">\n\t\t\t\t\t<div class=\"elementor-column elementor-col-33 elementor-top-column elementor-element elementor-element-4325a8c8\" data-id=\"4325a8c8\" data-element_type=\"column\" data-e-type=\"column\">\n\t\t\t<div class=\"elementor-widget-wrap elementor-element-populated\">\n\t\t\t\t\t\t<div class=\"elementor-element elementor-element-246e6b68 elementor-widget__width-initial elementor-invisible elementor-widget elementor-widget-heading\" data-id=\"246e6b68\" data-element_type=\"widget\" data-e-type=\"widget\" data-settings=\"{&quot;_animation&quot;:&quot;fadeInDown&quot;,&quot;_animation_delay&quot;:&quot;200&quot;}\" data-widget_type=\"heading.default\">\n\t\t\t\t\t<div class=\"elementor-heading-title elementor-size-default\">Vous avez une question ?<\/div>\t\t\t\t<\/div>\n\t\t\t\t<div class=\"elementor-element elementor-element-41fe96f3 elementor-headline--style-highlight elementor-invisible elementor-widget elementor-widget-animated-headline\" data-id=\"41fe96f3\" data-element_type=\"widget\" data-e-type=\"widget\" data-settings=\"{&quot;highlighted_text&quot;:&quot;\\u00c9changeons&quot;,&quot;_animation&quot;:&quot;fadeInDown&quot;,&quot;_animation_delay&quot;:400,&quot;headline_style&quot;:&quot;highlight&quot;,&quot;marker&quot;:&quot;circle&quot;,&quot;loop&quot;:&quot;yes&quot;,&quot;highlight_animation_duration&quot;:1200,&quot;highlight_iteration_delay&quot;:8000}\" data-widget_type=\"animated-headline.default\">\n\t\t\t\t\t\t\t<h2 class=\"elementor-headline\">\n\t\t\t\t<span class=\"elementor-headline-dynamic-wrapper elementor-headline-text-wrapper\">\n\t\t\t\t\t<span class=\"elementor-headline-dynamic-text elementor-headline-text-active\">\u00c9changeons<\/span>\n\t\t\t\t<\/span>\n\t\t\t\t<\/h2>\n\t\t\t\t\t\t<\/div>\n\t\t\t\t<div class=\"elementor-element elementor-element-3833602f elementor-widget-divider--view-line elementor-invisible elementor-widget elementor-widget-divider\" data-id=\"3833602f\" data-element_type=\"widget\" data-e-type=\"widget\" data-settings=\"{&quot;_animation&quot;:&quot;fadeInDown&quot;,&quot;_animation_delay&quot;:600}\" data-widget_type=\"divider.default\">\n\t\t\t\t\t\t\t<div class=\"elementor-divider\">\n\t\t\t<span class=\"elementor-divider-separator\">\n\t\t\t\t\t\t<\/span>\n\t\t<\/div>\n\t\t\t\t\t\t<\/div>\n\t\t\t\t<div class=\"elementor-element elementor-element-515dfc33 elementor-widget elementor-widget-text-editor\" data-id=\"515dfc33\" data-element_type=\"widget\" data-e-type=\"widget\" data-widget_type=\"text-editor.default\">\n\t\t\t\t\t\t\t\t\t<p>Vous pouvez contacter le Lyc\u00e9e ISSAT \u00e0 Redon du lundi au jeudi de 8h \u00e0 12h15 puis de 13h30 \u00e0 17h15 et le vendredi le vendredi jusqu&rsquo;\u00e0 16h15 !<\/p>\t\t\t\t\t\t\t\t<\/div>\n\t\t\t\t<div class=\"elementor-element elementor-element-95e9293 elementor-widget__width-initial elementor-widget-mobile__width-inherit elementor-widget elementor-widget-text-editor\" data-id=\"95e9293\" data-element_type=\"widget\" data-e-type=\"widget\" data-widget_type=\"text-editor.default\">\n\t\t\t\t\t\t\t\t\t<h5>Nous trouver<\/h5><p>\ud83d\udccd6 Rue de la Maillardaie, 35600 Redon<\/p>\t\t\t\t\t\t\t\t<\/div>\n\t\t\t\t<div class=\"elementor-element elementor-element-1a068424 elementor-widget__width-initial elementor-widget-mobile__width-inherit elementor-widget elementor-widget-text-editor\" data-id=\"1a068424\" data-element_type=\"widget\" data-e-type=\"widget\" data-widget_type=\"text-editor.default\">\n\t\t\t\t\t\t\t\t\t<h5>Nous contacter<\/h5><p>\ud83d\udcde 02 99 71 11 00<\/p><p>\u2709\ufe0f accueil@issat.cneap.fr<\/p>\t\t\t\t\t\t\t\t<\/div>\n\t\t\t\t\t<\/div>\n\t\t<\/div>\n\t\t\t\t<div class=\"elementor-column elementor-col-33 elementor-top-column elementor-element elementor-element-2dc1624f\" data-id=\"2dc1624f\" data-element_type=\"column\" data-e-type=\"column\">\n\t\t\t<div class=\"elementor-widget-wrap\">\n\t\t\t\t\t\t\t<\/div>\n\t\t<\/div>\n\t\t\t\t<div class=\"elementor-column elementor-col-33 elementor-top-column elementor-element elementor-element-13a0b887\" data-id=\"13a0b887\" data-element_type=\"column\" data-e-type=\"column\">\n\t\t\t<div class=\"elementor-widget-wrap elementor-element-populated\">\n\t\t\t\t\t\t<div class=\"elementor-element elementor-element-15db3017 elementor-button-align-start elementor-widget elementor-widget-form\" data-id=\"15db3017\" data-element_type=\"widget\" data-e-type=\"widget\" data-settings=\"{&quot;step_next_label&quot;:&quot;Next&quot;,&quot;step_previous_label&quot;:&quot;Previous&quot;,&quot;button_width&quot;:&quot;33&quot;,&quot;step_type&quot;:&quot;number_text&quot;,&quot;step_icon_shape&quot;:&quot;circle&quot;}\" data-widget_type=\"form.default\">\n\t\t\t\t\t\t\t<form class=\"elementor-form\" method=\"post\" name=\"New Form\" aria-label=\"New Form\">\n\t\t\t<input type=\"hidden\" name=\"post_id\" value=\"856\"\/>\n\t\t\t<input type=\"hidden\" name=\"form_id\" value=\"15db3017\"\/>\n\t\t\t<input type=\"hidden\" name=\"referer_title\" value=\"contact ISSAT Redon \u2013 Adresse et t\u00e9l\u00e9phone\" \/>\n\n\t\t\t\t\t\t\t<input type=\"hidden\" name=\"queried_id\" value=\"856\"\/>\n\t\t\t\n\t\t\t<div class=\"elementor-form-fields-wrapper elementor-labels-\">\n\t\t\t\t\t\t\t\t<div class=\"elementor-field-type-text elementor-field-group elementor-column elementor-field-group-name elementor-col-100\">\n\t\t\t\t\t\t\t\t\t\t\t\t<label for=\"form-field-name\" class=\"elementor-field-label elementor-screen-only\">\n\t\t\t\t\t\t\t\tNom Pr\u00e9nom\t\t\t\t\t\t\t<\/label>\n\t\t\t\t\t\t\t\t\t\t\t\t\t\t<input size=\"1\" type=\"text\" name=\"form_fields[name]\" id=\"form-field-name\" class=\"elementor-field elementor-size-sm  elementor-field-textual\" placeholder=\"Nom Pr\u00e9nom\">\n\t\t\t\t\t\t\t\t\t\t\t<\/div>\n\t\t\t\t\t\t\t\t<div class=\"elementor-field-type-email elementor-field-group elementor-column elementor-field-group-email elementor-col-100 elementor-field-required\">\n\t\t\t\t\t\t\t\t\t\t\t\t<label for=\"form-field-email\" class=\"elementor-field-label elementor-screen-only\">\n\t\t\t\t\t\t\t\tEmail\t\t\t\t\t\t\t<\/label>\n\t\t\t\t\t\t\t\t\t\t\t\t\t\t<input size=\"1\" type=\"email\" name=\"form_fields[email]\" id=\"form-field-email\" class=\"elementor-field elementor-size-sm  elementor-field-textual\" placeholder=\"Email\" required=\"required\">\n\t\t\t\t\t\t\t\t\t\t\t<\/div>\n\t\t\t\t\t\t\t\t<div class=\"elementor-field-type-textarea elementor-field-group elementor-column elementor-field-group-message elementor-col-100 elementor-field-required\">\n\t\t\t\t\t\t\t\t\t\t\t\t<label for=\"form-field-message\" class=\"elementor-field-label elementor-screen-only\">\n\t\t\t\t\t\t\t\tMessage\t\t\t\t\t\t\t<\/label>\n\t\t\t\t\t\t<textarea class=\"elementor-field-textual elementor-field  elementor-size-sm\" name=\"form_fields[message]\" id=\"form-field-message\" rows=\"4\" placeholder=\"Message\" required=\"required\"><\/textarea>\t\t\t\t<\/div>\n\t\t\t\t\t\t\t\t<div class=\"elementor-field-group elementor-column elementor-field-type-submit elementor-col-33 e-form__buttons\">\n\t\t\t\t\t<button class=\"elementor-button elementor-size-sm\" type=\"submit\">\n\t\t\t\t\t\t<span class=\"elementor-button-content-wrapper\">\n\t\t\t\t\t\t\t\t\t\t\t\t\t\t\t\t\t\t\t\t\t\t<span class=\"elementor-button-text\">Envoyer<\/span>\n\t\t\t\t\t\t\t\t\t\t\t\t\t<\/span>\n\t\t\t\t\t<\/button>\n\t\t\t\t<\/div>\n\t\t\t<\/div>\n\t\t<\/form>\n\t\t\t\t\t\t<\/div>\n\t\t\t\t\t<\/div>\n\t\t<\/div>\n\t\t\t\t\t<\/div>\n\t\t<\/section>\n\t\t\t\t<section class=\"elementor-section elementor-top-section elementor-element elementor-element-53fa20d3 elementor-section-full_width elementor-section-height-default elementor-section-height-default\" data-id=\"53fa20d3\" data-element_type=\"section\" data-e-type=\"section\">\n\t\t\t\t\t\t<div class=\"elementor-container elementor-column-gap-no\">\n\t\t\t\t\t<div class=\"elementor-column elementor-col-100 elementor-top-column elementor-element elementor-element-123678c9\" data-id=\"123678c9\" data-element_type=\"column\" data-e-type=\"column\">\n\t\t\t<div class=\"elementor-widget-wrap elementor-element-populated\">\n\t\t\t\t\t\t<div class=\"elementor-element elementor-element-4992405e elementor-widget elementor-widget-google_maps\" data-id=\"4992405e\" data-element_type=\"widget\" data-e-type=\"widget\" data-widget_type=\"google_maps.default\">\n\t\t\t\t\t\t\t<div class=\"elementor-custom-embed\">\n\t\t\t<iframe loading=\"lazy\"\n\t\t\t\t\tsrc=\"https:\/\/maps.google.com\/maps?q=issat%20redon&#038;t=m&#038;z=12&#038;output=embed&#038;iwloc=near\"\n\t\t\t\t\ttitle=\"issat redon\"\n\t\t\t\t\taria-label=\"issat redon\"\n\t\t\t><\/iframe>\n\t\t<\/div>\n\t\t\t\t\t\t<\/div>\n\t\t\t\t\t<\/div>\n\t\t<\/div>\n\t\t\t\t\t<\/div>\n\t\t<\/section>\n\t\t\t\t<\/div>\n\t\t","protected":false},"excerpt":{"rendered":"<p>Contact Vous avez une question ? \u00c9changeons Vous pouvez contacter le Lyc\u00e9e ISSAT \u00e0 Redon du lundi au jeudi de 8h \u00e0 12h15 puis de 13h30 \u00e0 17h15 et le vendredi le vendredi jusqu&rsquo;\u00e0 16h15 ! Nous trouver \ud83d\udccd6 Rue de la Maillardaie, 35600 Redon Nous contacter \ud83d\udcde 02 99 71 11 00 \u2709\ufe0f accueil@issat.cneap.fr<\/p>\n","protected":false},"author":1,"featured_media":1176,"parent":0,"menu_order":0,"comment_status":"closed","ping_status":"closed","template":"","meta":{"footnotes":""},"mode-d039enseignement":[],"type-de-diplome":[],"filiere":[],"folder":[],"class_list":["post-856","page","type-page","status-publish","has-post-thumbnail","hentry"],"yoast_head":"<!-- This site is optimized with the Yoast SEO plugin v27.2 - https:\/\/yoast.com\/product\/yoast-seo-wordpress\/ -->\n<title>contact ISSAT Redon \u2013 Adresse et t\u00e9l\u00e9phone<\/title>\n<meta name=\"description\" content=\"Contact issat redonContact ISSAT Redon : adresse, t\u00e9l\u00e9phone, email et horaires pour nous joindre facilement et obtenir des informations.\" \/>\n<meta name=\"robots\" content=\"index, follow, max-snippet:-1, max-image-preview:large, max-video-preview:-1\" \/>\n<link rel=\"canonical\" href=\"https:\/\/www.issat.info\/2026\/contact-issat-redon\/\" \/>\n<meta property=\"og:locale\" content=\"fr_FR\" \/>\n<meta property=\"og:type\" content=\"article\" \/>\n<meta property=\"og:title\" content=\"contact ISSAT Redon \u2013 Adresse et t\u00e9l\u00e9phone\" \/>\n<meta property=\"og:description\" content=\"Contact issat redonContact ISSAT Redon : adresse, t\u00e9l\u00e9phone, email et horaires pour nous joindre facilement et obtenir des informations.\" \/>\n<meta property=\"og:url\" content=\"https:\/\/www.issat.info\/2026\/contact-issat-redon\/\" \/>\n<meta property=\"og:site_name\" content=\"ISSAT Pays de Vilaine\" \/>\n<meta property=\"article:publisher\" content=\"https:\/\/www.facebook.com\/lyceeissat\/\" \/>\n<meta property=\"article:modified_time\" content=\"2026-03-30T14:20:35+00:00\" \/>\n<meta property=\"og:image\" content=\"https:\/\/www.issat.info\/2026\/wp-content\/uploads\/2025\/09\/20250819_091849132_iOS-1-scaled.jpg\" \/>\n\t<meta property=\"og:image:width\" content=\"2560\" \/>\n\t<meta property=\"og:image:height\" content=\"1920\" \/>\n\t<meta property=\"og:image:type\" content=\"image\/jpeg\" \/>\n<meta name=\"twitter:card\" content=\"summary_large_image\" \/>\n<meta name=\"twitter:label1\" content=\"Dur\u00e9e de lecture estim\u00e9e\" \/>\n\t<meta name=\"twitter:data1\" content=\"1 minute\" \/>\n<script type=\"application\/ld+json\" class=\"yoast-schema-graph\">{\"@context\":\"https:\/\/schema.org\",\"@graph\":[{\"@type\":\"WebPage\",\"@id\":\"https:\/\/www.issat.info\/2026\/contact-issat-redon\/\",\"url\":\"https:\/\/www.issat.info\/2026\/contact-issat-redon\/\",\"name\":\"contact ISSAT Redon \u2013 Adresse et t\u00e9l\u00e9phone\",\"isPartOf\":{\"@id\":\"https:\/\/www.issat.info\/2026\/#website\"},\"primaryImageOfPage\":{\"@id\":\"https:\/\/www.issat.info\/2026\/contact-issat-redon\/#primaryimage\"},\"image\":{\"@id\":\"https:\/\/www.issat.info\/2026\/contact-issat-redon\/#primaryimage\"},\"thumbnailUrl\":\"https:\/\/www.issat.info\/2026\/wp-content\/uploads\/2025\/09\/20250819_091849132_iOS-1-scaled.jpg\",\"datePublished\":\"2025-08-18T14:25:17+00:00\",\"dateModified\":\"2026-03-30T14:20:35+00:00\",\"description\":\"Contact issat redonContact ISSAT Redon : adresse, t\u00e9l\u00e9phone, email et horaires pour nous joindre facilement et obtenir des informations.\",\"breadcrumb\":{\"@id\":\"https:\/\/www.issat.info\/2026\/contact-issat-redon\/#breadcrumb\"},\"inLanguage\":\"fr-FR\",\"potentialAction\":[{\"@type\":\"ReadAction\",\"target\":[\"https:\/\/www.issat.info\/2026\/contact-issat-redon\/\"]}]},{\"@type\":\"ImageObject\",\"inLanguage\":\"fr-FR\",\"@id\":\"https:\/\/www.issat.info\/2026\/contact-issat-redon\/#primaryimage\",\"url\":\"https:\/\/www.issat.info\/2026\/wp-content\/uploads\/2025\/09\/20250819_091849132_iOS-1-scaled.jpg\",\"contentUrl\":\"https:\/\/www.issat.info\/2026\/wp-content\/uploads\/2025\/09\/20250819_091849132_iOS-1-scaled.jpg\",\"width\":2560,\"height\":1920,\"caption\":\"Accueil ISSAT REDON\"},{\"@type\":\"BreadcrumbList\",\"@id\":\"https:\/\/www.issat.info\/2026\/contact-issat-redon\/#breadcrumb\",\"itemListElement\":[{\"@type\":\"ListItem\",\"position\":1,\"name\":\"Accueil\",\"item\":\"https:\/\/www.issat.info\/2026\/\"},{\"@type\":\"ListItem\",\"position\":2,\"name\":\"Contact\"}]},{\"@type\":\"WebSite\",\"@id\":\"https:\/\/www.issat.info\/2026\/#website\",\"url\":\"https:\/\/www.issat.info\/2026\/\",\"name\":\"ISSAT\",\"description\":\"Lyc\u00e9e Professionnel \/ Apprentissage \/ \u00c9tudes Sup\u00e9rieures et Formation continue\",\"publisher\":{\"@id\":\"https:\/\/www.issat.info\/2026\/#organization\"},\"alternateName\":\"ISSAT\",\"potentialAction\":[{\"@type\":\"SearchAction\",\"target\":{\"@type\":\"EntryPoint\",\"urlTemplate\":\"https:\/\/www.issat.info\/2026\/?s={search_term_string}\"},\"query-input\":{\"@type\":\"PropertyValueSpecification\",\"valueRequired\":true,\"valueName\":\"search_term_string\"}}],\"inLanguage\":\"fr-FR\"},{\"@type\":\"Organization\",\"@id\":\"https:\/\/www.issat.info\/2026\/#organization\",\"name\":\"ISSAT\",\"url\":\"https:\/\/www.issat.info\/2026\/\",\"logo\":{\"@type\":\"ImageObject\",\"inLanguage\":\"fr-FR\",\"@id\":\"https:\/\/www.issat.info\/2026\/#\/schema\/logo\/image\/\",\"url\":\"https:\/\/www.issat.info\/2026\/wp-content\/uploads\/2025\/07\/logo-site-couleur.png\",\"contentUrl\":\"https:\/\/www.issat.info\/2026\/wp-content\/uploads\/2025\/07\/logo-site-couleur.png\",\"width\":1459,\"height\":417,\"caption\":\"ISSAT\"},\"image\":{\"@id\":\"https:\/\/www.issat.info\/2026\/#\/schema\/logo\/image\/\"},\"sameAs\":[\"https:\/\/www.facebook.com\/lyceeissat\/\",\"https:\/\/www.instagram.com\/lyceeissat\/\",\"https:\/\/fr.linkedin.com\/school\/lyce-issat\/\"]}]}<\/script>\n<!-- \/ Yoast SEO plugin. -->","yoast_head_json":{"title":"contact ISSAT Redon \u2013 Adresse et t\u00e9l\u00e9phone","description":"Contact issat redonContact ISSAT Redon : adresse, t\u00e9l\u00e9phone, email et horaires pour nous joindre facilement et obtenir des informations.","robots":{"index":"index","follow":"follow","max-snippet":"max-snippet:-1","max-image-preview":"max-image-preview:large","max-video-preview":"max-video-preview:-1"},"canonical":"https:\/\/www.issat.info\/2026\/contact-issat-redon\/","og_locale":"fr_FR","og_type":"article","og_title":"contact ISSAT Redon \u2013 Adresse et t\u00e9l\u00e9phone","og_description":"Contact issat redonContact ISSAT Redon : adresse, t\u00e9l\u00e9phone, email et horaires pour nous joindre facilement et obtenir des informations.","og_url":"https:\/\/www.issat.info\/2026\/contact-issat-redon\/","og_site_name":"ISSAT Pays de Vilaine","article_publisher":"https:\/\/www.facebook.com\/lyceeissat\/","article_modified_time":"2026-03-30T14:20:35+00:00","og_image":[{"width":2560,"height":1920,"url":"https:\/\/www.issat.info\/2026\/wp-content\/uploads\/2025\/09\/20250819_091849132_iOS-1-scaled.jpg","type":"image\/jpeg"}],"twitter_card":"summary_large_image","twitter_misc":{"Dur\u00e9e de lecture estim\u00e9e":"1 minute"},"schema":{"@context":"https:\/\/schema.org","@graph":[{"@type":"WebPage","@id":"https:\/\/www.issat.info\/2026\/contact-issat-redon\/","url":"https:\/\/www.issat.info\/2026\/contact-issat-redon\/","name":"contact ISSAT Redon \u2013 Adresse et t\u00e9l\u00e9phone","isPartOf":{"@id":"https:\/\/www.issat.info\/2026\/#website"},"primaryImageOfPage":{"@id":"https:\/\/www.issat.info\/2026\/contact-issat-redon\/#primaryimage"},"image":{"@id":"https:\/\/www.issat.info\/2026\/contact-issat-redon\/#primaryimage"},"thumbnailUrl":"https:\/\/www.issat.info\/2026\/wp-content\/uploads\/2025\/09\/20250819_091849132_iOS-1-scaled.jpg","datePublished":"2025-08-18T14:25:17+00:00","dateModified":"2026-03-30T14:20:35+00:00","description":"Contact issat redonContact ISSAT Redon : adresse, t\u00e9l\u00e9phone, email et horaires pour nous joindre facilement et obtenir des informations.","breadcrumb":{"@id":"https:\/\/www.issat.info\/2026\/contact-issat-redon\/#breadcrumb"},"inLanguage":"fr-FR","potentialAction":[{"@type":"ReadAction","target":["https:\/\/www.issat.info\/2026\/contact-issat-redon\/"]}]},{"@type":"ImageObject","inLanguage":"fr-FR","@id":"https:\/\/www.issat.info\/2026\/contact-issat-redon\/#primaryimage","url":"https:\/\/www.issat.info\/2026\/wp-content\/uploads\/2025\/09\/20250819_091849132_iOS-1-scaled.jpg","contentUrl":"https:\/\/www.issat.info\/2026\/wp-content\/uploads\/2025\/09\/20250819_091849132_iOS-1-scaled.jpg","width":2560,"height":1920,"caption":"Accueil ISSAT REDON"},{"@type":"BreadcrumbList","@id":"https:\/\/www.issat.info\/2026\/contact-issat-redon\/#breadcrumb","itemListElement":[{"@type":"ListItem","position":1,"name":"Accueil","item":"https:\/\/www.issat.info\/2026\/"},{"@type":"ListItem","position":2,"name":"Contact"}]},{"@type":"WebSite","@id":"https:\/\/www.issat.info\/2026\/#website","url":"https:\/\/www.issat.info\/2026\/","name":"ISSAT","description":"Lyc\u00e9e Professionnel \/ Apprentissage \/ \u00c9tudes Sup\u00e9rieures et Formation continue","publisher":{"@id":"https:\/\/www.issat.info\/2026\/#organization"},"alternateName":"ISSAT","potentialAction":[{"@type":"SearchAction","target":{"@type":"EntryPoint","urlTemplate":"https:\/\/www.issat.info\/2026\/?s={search_term_string}"},"query-input":{"@type":"PropertyValueSpecification","valueRequired":true,"valueName":"search_term_string"}}],"inLanguage":"fr-FR"},{"@type":"Organization","@id":"https:\/\/www.issat.info\/2026\/#organization","name":"ISSAT","url":"https:\/\/www.issat.info\/2026\/","logo":{"@type":"ImageObject","inLanguage":"fr-FR","@id":"https:\/\/www.issat.info\/2026\/#\/schema\/logo\/image\/","url":"https:\/\/www.issat.info\/2026\/wp-content\/uploads\/2025\/07\/logo-site-couleur.png","contentUrl":"https:\/\/www.issat.info\/2026\/wp-content\/uploads\/2025\/07\/logo-site-couleur.png","width":1459,"height":417,"caption":"ISSAT"},"image":{"@id":"https:\/\/www.issat.info\/2026\/#\/schema\/logo\/image\/"},"sameAs":["https:\/\/www.facebook.com\/lyceeissat\/","https:\/\/www.instagram.com\/lyceeissat\/","https:\/\/fr.linkedin.com\/school\/lyce-issat\/"]}]}},"_links":{"self":[{"href":"https:\/\/www.issat.info\/2026\/wp-json\/wp\/v2\/pages\/856","targetHints":{"allow":["GET"]}}],"collection":[{"href":"https:\/\/www.issat.info\/2026\/wp-json\/wp\/v2\/pages"}],"about":[{"href":"https:\/\/www.issat.info\/2026\/wp-json\/wp\/v2\/types\/page"}],"author":[{"embeddable":true,"href":"https:\/\/www.issat.info\/2026\/wp-json\/wp\/v2\/users\/1"}],"replies":[{"embeddable":true,"href":"https:\/\/www.issat.info\/2026\/wp-json\/wp\/v2\/comments?post=856"}],"version-history":[{"count":22,"href":"https:\/\/www.issat.info\/2026\/wp-json\/wp\/v2\/pages\/856\/revisions"}],"predecessor-version":[{"id":3200,"href":"https:\/\/www.issat.info\/2026\/wp-json\/wp\/v2\/pages\/856\/revisions\/3200"}],"wp:featuredmedia":[{"embeddable":true,"href":"https:\/\/www.issat.info\/2026\/wp-json\/wp\/v2\/media\/1176"}],"wp:attachment":[{"href":"https:\/\/www.issat.info\/2026\/wp-json\/wp\/v2\/media?parent=856"}],"wp:term":[{"taxonomy":"mode-d039enseignement","embeddable":true,"href":"https:\/\/www.issat.info\/2026\/wp-json\/wp\/v2\/mode-d039enseignement?post=856"},{"taxonomy":"type-de-diplome","embeddable":true,"href":"https:\/\/www.issat.info\/2026\/wp-json\/wp\/v2\/type-de-diplome?post=856"},{"taxonomy":"filiere","embeddable":true,"href":"https:\/\/www.issat.info\/2026\/wp-json\/wp\/v2\/filiere?post=856"},{"taxonomy":"folder","embeddable":true,"href":"https:\/\/www.issat.info\/2026\/wp-json\/wp\/v2\/folder?post=856"}],"curies":[{"name":"wp","href":"https:\/\/api.w.org\/{rel}","templated":true}]}}