{"id":737,"date":"2025-07-18T14:43:26","date_gmt":"2025-07-18T12:43:26","guid":{"rendered":"https:\/\/www.issat.info\/2026\/?page_id=737"},"modified":"2026-03-31T11:22:38","modified_gmt":"2026-03-31T09:22:38","slug":"option-langue-des-signes","status":"publish","type":"page","link":"https:\/\/www.issat.info\/2026\/option-langue-des-signes\/","title":{"rendered":"Langue des signes"},"content":{"rendered":"\t\t<div data-elementor-type=\"wp-page\" data-elementor-id=\"737\" class=\"elementor elementor-737\" data-elementor-post-type=\"page\">\n\t\t\t\t\t\t<section class=\"elementor-section elementor-top-section elementor-element elementor-element-27c0d0a9 elementor-section-height-min-height elementor-section-boxed elementor-section-height-default elementor-section-items-middle\" data-id=\"27c0d0a9\" data-element_type=\"section\" data-e-type=\"section\" data-settings=\"{&quot;background_background&quot;:&quot;classic&quot;}\">\n\t\t\t\t\t\t\t<div class=\"elementor-background-overlay\"><\/div>\n\t\t\t\t\t\t\t<div class=\"elementor-container elementor-column-gap-wider\">\n\t\t\t\t\t<div class=\"elementor-column elementor-col-100 elementor-top-column elementor-element elementor-element-6c33ea5c\" data-id=\"6c33ea5c\" data-element_type=\"column\" data-e-type=\"column\">\n\t\t\t<div class=\"elementor-widget-wrap elementor-element-populated\">\n\t\t\t\t\t\t<div class=\"elementor-element elementor-element-42ec3598 elementor-invisible elementor-widget elementor-widget-heading\" data-id=\"42ec3598\" data-element_type=\"widget\" data-e-type=\"widget\" data-settings=\"{&quot;_animation&quot;:&quot;fadeInDown&quot;,&quot;_animation_delay&quot;:200}\" data-widget_type=\"heading.default\">\n\t\t\t\t\t<h1 class=\"elementor-heading-title elementor-size-default\">Langue des signes<\/h1>\t\t\t\t<\/div>\n\t\t\t\t\t<\/div>\n\t\t<\/div>\n\t\t\t\t\t<\/div>\n\t\t<\/section>\n\t\t\t\t<section class=\"elementor-section elementor-top-section elementor-element elementor-element-11639aa elementor-section-boxed elementor-section-height-default elementor-section-height-default\" data-id=\"11639aa\" data-element_type=\"section\" data-e-type=\"section\" data-settings=\"{&quot;background_background&quot;:&quot;classic&quot;}\">\n\t\t\t\t\t\t<div class=\"elementor-container elementor-column-gap-wider\">\n\t\t\t\t\t<div class=\"elementor-column elementor-col-33 elementor-top-column elementor-element elementor-element-61ce585d elementor-hidden-mobile\" data-id=\"61ce585d\" data-element_type=\"column\" data-e-type=\"column\">\n\t\t\t<div class=\"elementor-widget-wrap elementor-element-populated\">\n\t\t\t\t\t\t<div class=\"elementor-element elementor-element-1d49fb8d elementor-widget elementor-widget-image\" data-id=\"1d49fb8d\" data-element_type=\"widget\" data-e-type=\"widget\" data-widget_type=\"image.default\">\n\t\t\t\t\t\t\t\t\t\t\t\t\t\t\t<img decoding=\"async\" src=\"https:\/\/www.issat.info\/2026\/wp-content\/uploads\/elementor\/thumbs\/v1066-070c-scaled-rg75ikke6et4ohhebbtzj2dos7se0du42e1uuicdc8.jpg\" title=\"ISSAT option langue des signes Redon\" alt=\"ISSAT option langue des signes Redon\" loading=\"lazy\" \/>\t\t\t\t\t\t\t\t\t\t\t\t\t\t\t<\/div>\n\t\t\t\t<div class=\"elementor-element elementor-element-d713566 elementor-widget elementor-widget-image\" data-id=\"d713566\" data-element_type=\"widget\" data-e-type=\"widget\" data-widget_type=\"image.default\">\n\t\t\t\t\t\t\t\t\t\t\t\t\t\t\t<img fetchpriority=\"high\" decoding=\"async\" width=\"800\" height=\"534\" src=\"https:\/\/www.issat.info\/2026\/wp-content\/uploads\/2025\/07\/pexels-kevin-malik-9017412-1024x683.jpg\" class=\"attachment-large size-large wp-image-741\" alt=\"Langue des signes lyc\u00e9e agricole bretagne\" srcset=\"https:\/\/www.issat.info\/2026\/wp-content\/uploads\/2025\/07\/pexels-kevin-malik-9017412-1024x683.jpg 1024w, https:\/\/www.issat.info\/2026\/wp-content\/uploads\/2025\/07\/pexels-kevin-malik-9017412-300x200.jpg 300w, https:\/\/www.issat.info\/2026\/wp-content\/uploads\/2025\/07\/pexels-kevin-malik-9017412-768x512.jpg 768w, https:\/\/www.issat.info\/2026\/wp-content\/uploads\/2025\/07\/pexels-kevin-malik-9017412-1536x1024.jpg 1536w, https:\/\/www.issat.info\/2026\/wp-content\/uploads\/2025\/07\/pexels-kevin-malik-9017412-2048x1365.jpg 2048w\" sizes=\"(max-width: 800px) 100vw, 800px\" \/>\t\t\t\t\t\t\t\t\t\t\t\t\t\t\t<\/div>\n\t\t\t\t\t<\/div>\n\t\t<\/div>\n\t\t\t\t<div class=\"elementor-column elementor-col-33 elementor-top-column elementor-element elementor-element-3c9da0cb\" data-id=\"3c9da0cb\" data-element_type=\"column\" data-e-type=\"column\">\n\t\t\t<div class=\"elementor-widget-wrap\">\n\t\t\t\t\t\t\t<\/div>\n\t\t<\/div>\n\t\t\t\t<div class=\"elementor-column elementor-col-33 elementor-top-column elementor-element elementor-element-60f26470\" data-id=\"60f26470\" data-element_type=\"column\" data-e-type=\"column\">\n\t\t\t<div class=\"elementor-widget-wrap elementor-element-populated\">\n\t\t\t\t\t\t<div class=\"elementor-element elementor-element-26403b51 elementor-widget__width-initial elementor-widget-tablet__width-initial elementor-headline--style-highlight elementor-invisible elementor-widget elementor-widget-animated-headline\" data-id=\"26403b51\" data-element_type=\"widget\" data-e-type=\"widget\" data-settings=\"{&quot;highlighted_text&quot;:&quot;lANGUE DES SIGNES&quot;,&quot;_animation&quot;:&quot;fadeInDown&quot;,&quot;_animation_delay&quot;:400,&quot;headline_style&quot;:&quot;highlight&quot;,&quot;marker&quot;:&quot;circle&quot;,&quot;loop&quot;:&quot;yes&quot;,&quot;highlight_animation_duration&quot;:1200,&quot;highlight_iteration_delay&quot;:8000}\" data-widget_type=\"animated-headline.default\">\n\t\t\t\t\t\t\t<h2 class=\"elementor-headline\">\n\t\t\t\t\t<span class=\"elementor-headline-plain-text elementor-headline-text-wrapper\">OPTION<\/span>\n\t\t\t\t<span class=\"elementor-headline-dynamic-wrapper elementor-headline-text-wrapper\">\n\t\t\t\t\t<span class=\"elementor-headline-dynamic-text elementor-headline-text-active\">lANGUE DES SIGNES<\/span>\n\t\t\t\t<\/span>\n\t\t\t\t<\/h2>\n\t\t\t\t\t\t<\/div>\n\t\t\t\t<div class=\"elementor-element elementor-element-160e94f4 elementor-invisible elementor-widget elementor-widget-heading\" data-id=\"160e94f4\" data-element_type=\"widget\" data-e-type=\"widget\" data-settings=\"{&quot;_animation&quot;:&quot;fadeInDown&quot;,&quot;_animation_delay&quot;:200}\" data-widget_type=\"heading.default\">\n\t\t\t\t\t<div class=\"elementor-heading-title elementor-size-default\">Allier inclusion et r\u00e9ussite scolaire au sein du lyc\u00e9e agricole<\/div>\t\t\t\t<\/div>\n\t\t\t\t<div class=\"elementor-element elementor-element-45dbfd1f elementor-widget-divider--view-line elementor-invisible elementor-widget elementor-widget-divider\" data-id=\"45dbfd1f\" data-element_type=\"widget\" data-e-type=\"widget\" data-settings=\"{&quot;_animation&quot;:&quot;fadeInDown&quot;,&quot;_animation_delay&quot;:600}\" data-widget_type=\"divider.default\">\n\t\t\t\t\t\t\t<div class=\"elementor-divider\">\n\t\t\t<span class=\"elementor-divider-separator\">\n\t\t\t\t\t\t<\/span>\n\t\t<\/div>\n\t\t\t\t\t\t<\/div>\n\t\t\t\t<div class=\"elementor-element elementor-element-6a2328ac elementor-widget elementor-widget-text-editor\" data-id=\"6a2328ac\" data-element_type=\"widget\" data-e-type=\"widget\" data-widget_type=\"text-editor.default\">\n\t\t\t\t\t\t\t\t\t<p data-start=\"899\" data-end=\"1046\">Option facultative accessible d\u00e8s la classe de Seconde et valoris\u00e9e \u00e0 l\u2019examen du Bac Pro. Environ 2h par semaine sur trois ans.<\/p><p data-start=\"899\" data-end=\"1046\">L\u2019option Langue des Signes Fran\u00e7aise (LSF) \u00e0 l\u2019ISSAT Redon propose aux \u00e9l\u00e8ves de d\u00e9couvrir une langue visuelle, riche et accessible, tout en sensibilisant \u00e0 la culture sourde.<br data-start=\"1241\" data-end=\"1244\" \/>Cette comp\u00e9tence unique favorise l\u2019inclusion, d\u00e9veloppe l\u2019\u00e9coute active, la communication non verbale et peut s\u2019av\u00e9rer pr\u00e9cieuse dans de nombreux secteurs professionnels : social, sant\u00e9, enseignement ou animation.<br data-start=\"1457\" data-end=\"1460\" \/>S\u2019engager dans cette option, c\u2019est faire le choix d\u2019un parcours plus ouvert, plus humain, et valoris\u00e9 \u00e0 l\u2019examen.<\/p>\t\t\t\t\t\t\t\t<\/div>\n\t\t\t\t\t<\/div>\n\t\t<\/div>\n\t\t\t\t\t<\/div>\n\t\t<\/section>\n\t\t\t\t<\/div>\n\t\t","protected":false},"excerpt":{"rendered":"<p>Langue des signes OPTION lANGUE DES SIGNES Allier inclusion et r\u00e9ussite scolaire au sein du lyc\u00e9e agricole Option facultative accessible d\u00e8s la classe de Seconde et valoris\u00e9e \u00e0 l\u2019examen du Bac Pro. Environ 2h par semaine sur trois ans. L\u2019option Langue des Signes Fran\u00e7aise (LSF) \u00e0 l\u2019ISSAT Redon propose aux \u00e9l\u00e8ves de d\u00e9couvrir une langue [&hellip;]<\/p>\n","protected":false},"author":1,"featured_media":0,"parent":0,"menu_order":0,"comment_status":"closed","ping_status":"closed","template":"","meta":{"footnotes":""},"mode-d039enseignement":[],"type-de-diplome":[],"filiere":[],"folder":[15],"class_list":["post-737","page","type-page","status-publish","hentry"],"yoast_head":"<!-- This site is optimized with the Yoast SEO plugin v27.2 - https:\/\/yoast.com\/product\/yoast-seo-wordpress\/ -->\n<title>Option langue des signes<\/title>\n<meta name=\"description\" content=\"L\u2019option Langue des Signes \u00e0 l\u2019ISSAT Redon d\u00e9veloppe inclusion, communication et ouverture, avec une comp\u00e9tence valorisante pour l\u2019examen.\" \/>\n<meta name=\"robots\" content=\"index, follow, max-snippet:-1, max-image-preview:large, max-video-preview:-1\" \/>\n<link rel=\"canonical\" href=\"https:\/\/www.issat.info\/2026\/option-langue-des-signes\/\" \/>\n<meta property=\"og:locale\" content=\"fr_FR\" \/>\n<meta property=\"og:type\" content=\"article\" \/>\n<meta property=\"og:title\" content=\"Option langue des signes\" \/>\n<meta property=\"og:description\" content=\"L\u2019option Langue des Signes \u00e0 l\u2019ISSAT Redon d\u00e9veloppe inclusion, communication et ouverture, avec une comp\u00e9tence valorisante pour l\u2019examen.\" \/>\n<meta property=\"og:url\" content=\"https:\/\/www.issat.info\/2026\/option-langue-des-signes\/\" \/>\n<meta property=\"og:site_name\" content=\"ISSAT Pays de Vilaine\" \/>\n<meta property=\"article:publisher\" content=\"https:\/\/www.facebook.com\/lyceeissat\/\" \/>\n<meta property=\"article:modified_time\" content=\"2026-03-31T09:22:38+00:00\" \/>\n<meta property=\"og:image\" content=\"https:\/\/www.issat.info\/2026\/wp-content\/uploads\/elementor\/thumbs\/v1066-070c-scaled-r8xvo1amocihea6f0k87jr6ss60maohdruhj7lk58o.jpg\" \/>\n<meta name=\"twitter:card\" content=\"summary_large_image\" \/>\n<meta name=\"twitter:label1\" content=\"Dur\u00e9e de lecture estim\u00e9e\" \/>\n\t<meta name=\"twitter:data1\" content=\"1 minute\" \/>\n<script type=\"application\/ld+json\" class=\"yoast-schema-graph\">{\"@context\":\"https:\/\/schema.org\",\"@graph\":[{\"@type\":\"WebPage\",\"@id\":\"https:\/\/www.issat.info\/2026\/option-langue-des-signes\/\",\"url\":\"https:\/\/www.issat.info\/2026\/option-langue-des-signes\/\",\"name\":\"Option langue des signes\",\"isPartOf\":{\"@id\":\"https:\/\/www.issat.info\/2026\/#website\"},\"primaryImageOfPage\":{\"@id\":\"https:\/\/www.issat.info\/2026\/option-langue-des-signes\/#primaryimage\"},\"image\":{\"@id\":\"https:\/\/www.issat.info\/2026\/option-langue-des-signes\/#primaryimage\"},\"thumbnailUrl\":\"https:\/\/www.issat.info\/2026\/wp-content\/uploads\/elementor\/thumbs\/v1066-070c-scaled-r8xvo1amocihea6f0k87jr6ss60maohdruhj7lk58o.jpg\",\"datePublished\":\"2025-07-18T12:43:26+00:00\",\"dateModified\":\"2026-03-31T09:22:38+00:00\",\"description\":\"L\u2019option Langue des Signes \u00e0 l\u2019ISSAT Redon d\u00e9veloppe inclusion, communication et ouverture, avec une comp\u00e9tence valorisante pour l\u2019examen.\",\"breadcrumb\":{\"@id\":\"https:\/\/www.issat.info\/2026\/option-langue-des-signes\/#breadcrumb\"},\"inLanguage\":\"fr-FR\",\"potentialAction\":[{\"@type\":\"ReadAction\",\"target\":[\"https:\/\/www.issat.info\/2026\/option-langue-des-signes\/\"]}]},{\"@type\":\"ImageObject\",\"inLanguage\":\"fr-FR\",\"@id\":\"https:\/\/www.issat.info\/2026\/option-langue-des-signes\/#primaryimage\",\"url\":\"https:\/\/www.issat.info\/2026\/wp-content\/uploads\/elementor\/thumbs\/v1066-070c-scaled-r8xvo1amocihea6f0k87jr6ss60maohdruhj7lk58o.jpg\",\"contentUrl\":\"https:\/\/www.issat.info\/2026\/wp-content\/uploads\/elementor\/thumbs\/v1066-070c-scaled-r8xvo1amocihea6f0k87jr6ss60maohdruhj7lk58o.jpg\"},{\"@type\":\"BreadcrumbList\",\"@id\":\"https:\/\/www.issat.info\/2026\/option-langue-des-signes\/#breadcrumb\",\"itemListElement\":[{\"@type\":\"ListItem\",\"position\":1,\"name\":\"Accueil\",\"item\":\"https:\/\/www.issat.info\/2026\/\"},{\"@type\":\"ListItem\",\"position\":2,\"name\":\"Langue des signes\"}]},{\"@type\":\"WebSite\",\"@id\":\"https:\/\/www.issat.info\/2026\/#website\",\"url\":\"https:\/\/www.issat.info\/2026\/\",\"name\":\"ISSAT\",\"description\":\"Lyc\u00e9e Professionnel \/ Apprentissage \/ \u00c9tudes Sup\u00e9rieures et Formation continue\",\"publisher\":{\"@id\":\"https:\/\/www.issat.info\/2026\/#organization\"},\"alternateName\":\"ISSAT\",\"potentialAction\":[{\"@type\":\"SearchAction\",\"target\":{\"@type\":\"EntryPoint\",\"urlTemplate\":\"https:\/\/www.issat.info\/2026\/?s={search_term_string}\"},\"query-input\":{\"@type\":\"PropertyValueSpecification\",\"valueRequired\":true,\"valueName\":\"search_term_string\"}}],\"inLanguage\":\"fr-FR\"},{\"@type\":\"Organization\",\"@id\":\"https:\/\/www.issat.info\/2026\/#organization\",\"name\":\"ISSAT\",\"url\":\"https:\/\/www.issat.info\/2026\/\",\"logo\":{\"@type\":\"ImageObject\",\"inLanguage\":\"fr-FR\",\"@id\":\"https:\/\/www.issat.info\/2026\/#\/schema\/logo\/image\/\",\"url\":\"https:\/\/www.issat.info\/2026\/wp-content\/uploads\/2025\/07\/logo-site-couleur.png\",\"contentUrl\":\"https:\/\/www.issat.info\/2026\/wp-content\/uploads\/2025\/07\/logo-site-couleur.png\",\"width\":1459,\"height\":417,\"caption\":\"ISSAT\"},\"image\":{\"@id\":\"https:\/\/www.issat.info\/2026\/#\/schema\/logo\/image\/\"},\"sameAs\":[\"https:\/\/www.facebook.com\/lyceeissat\/\",\"https:\/\/www.instagram.com\/lyceeissat\/\",\"https:\/\/fr.linkedin.com\/school\/lyce-issat\/\"]}]}<\/script>\n<!-- \/ Yoast SEO plugin. -->","yoast_head_json":{"title":"Option langue des signes","description":"L\u2019option Langue des Signes \u00e0 l\u2019ISSAT Redon d\u00e9veloppe inclusion, communication et ouverture, avec une comp\u00e9tence valorisante pour l\u2019examen.","robots":{"index":"index","follow":"follow","max-snippet":"max-snippet:-1","max-image-preview":"max-image-preview:large","max-video-preview":"max-video-preview:-1"},"canonical":"https:\/\/www.issat.info\/2026\/option-langue-des-signes\/","og_locale":"fr_FR","og_type":"article","og_title":"Option langue des signes","og_description":"L\u2019option Langue des Signes \u00e0 l\u2019ISSAT Redon d\u00e9veloppe inclusion, communication et ouverture, avec une comp\u00e9tence valorisante pour l\u2019examen.","og_url":"https:\/\/www.issat.info\/2026\/option-langue-des-signes\/","og_site_name":"ISSAT Pays de Vilaine","article_publisher":"https:\/\/www.facebook.com\/lyceeissat\/","article_modified_time":"2026-03-31T09:22:38+00:00","og_image":[{"url":"https:\/\/www.issat.info\/2026\/wp-content\/uploads\/elementor\/thumbs\/v1066-070c-scaled-r8xvo1amocihea6f0k87jr6ss60maohdruhj7lk58o.jpg","type":"","width":"","height":""}],"twitter_card":"summary_large_image","twitter_misc":{"Dur\u00e9e de lecture estim\u00e9e":"1 minute"},"schema":{"@context":"https:\/\/schema.org","@graph":[{"@type":"WebPage","@id":"https:\/\/www.issat.info\/2026\/option-langue-des-signes\/","url":"https:\/\/www.issat.info\/2026\/option-langue-des-signes\/","name":"Option langue des signes","isPartOf":{"@id":"https:\/\/www.issat.info\/2026\/#website"},"primaryImageOfPage":{"@id":"https:\/\/www.issat.info\/2026\/option-langue-des-signes\/#primaryimage"},"image":{"@id":"https:\/\/www.issat.info\/2026\/option-langue-des-signes\/#primaryimage"},"thumbnailUrl":"https:\/\/www.issat.info\/2026\/wp-content\/uploads\/elementor\/thumbs\/v1066-070c-scaled-r8xvo1amocihea6f0k87jr6ss60maohdruhj7lk58o.jpg","datePublished":"2025-07-18T12:43:26+00:00","dateModified":"2026-03-31T09:22:38+00:00","description":"L\u2019option Langue des Signes \u00e0 l\u2019ISSAT Redon d\u00e9veloppe inclusion, communication et ouverture, avec une comp\u00e9tence valorisante pour l\u2019examen.","breadcrumb":{"@id":"https:\/\/www.issat.info\/2026\/option-langue-des-signes\/#breadcrumb"},"inLanguage":"fr-FR","potentialAction":[{"@type":"ReadAction","target":["https:\/\/www.issat.info\/2026\/option-langue-des-signes\/"]}]},{"@type":"ImageObject","inLanguage":"fr-FR","@id":"https:\/\/www.issat.info\/2026\/option-langue-des-signes\/#primaryimage","url":"https:\/\/www.issat.info\/2026\/wp-content\/uploads\/elementor\/thumbs\/v1066-070c-scaled-r8xvo1amocihea6f0k87jr6ss60maohdruhj7lk58o.jpg","contentUrl":"https:\/\/www.issat.info\/2026\/wp-content\/uploads\/elementor\/thumbs\/v1066-070c-scaled-r8xvo1amocihea6f0k87jr6ss60maohdruhj7lk58o.jpg"},{"@type":"BreadcrumbList","@id":"https:\/\/www.issat.info\/2026\/option-langue-des-signes\/#breadcrumb","itemListElement":[{"@type":"ListItem","position":1,"name":"Accueil","item":"https:\/\/www.issat.info\/2026\/"},{"@type":"ListItem","position":2,"name":"Langue des signes"}]},{"@type":"WebSite","@id":"https:\/\/www.issat.info\/2026\/#website","url":"https:\/\/www.issat.info\/2026\/","name":"ISSAT","description":"Lyc\u00e9e Professionnel \/ Apprentissage \/ \u00c9tudes Sup\u00e9rieures et Formation continue","publisher":{"@id":"https:\/\/www.issat.info\/2026\/#organization"},"alternateName":"ISSAT","potentialAction":[{"@type":"SearchAction","target":{"@type":"EntryPoint","urlTemplate":"https:\/\/www.issat.info\/2026\/?s={search_term_string}"},"query-input":{"@type":"PropertyValueSpecification","valueRequired":true,"valueName":"search_term_string"}}],"inLanguage":"fr-FR"},{"@type":"Organization","@id":"https:\/\/www.issat.info\/2026\/#organization","name":"ISSAT","url":"https:\/\/www.issat.info\/2026\/","logo":{"@type":"ImageObject","inLanguage":"fr-FR","@id":"https:\/\/www.issat.info\/2026\/#\/schema\/logo\/image\/","url":"https:\/\/www.issat.info\/2026\/wp-content\/uploads\/2025\/07\/logo-site-couleur.png","contentUrl":"https:\/\/www.issat.info\/2026\/wp-content\/uploads\/2025\/07\/logo-site-couleur.png","width":1459,"height":417,"caption":"ISSAT"},"image":{"@id":"https:\/\/www.issat.info\/2026\/#\/schema\/logo\/image\/"},"sameAs":["https:\/\/www.facebook.com\/lyceeissat\/","https:\/\/www.instagram.com\/lyceeissat\/","https:\/\/fr.linkedin.com\/school\/lyce-issat\/"]}]}},"_links":{"self":[{"href":"https:\/\/www.issat.info\/2026\/wp-json\/wp\/v2\/pages\/737","targetHints":{"allow":["GET"]}}],"collection":[{"href":"https:\/\/www.issat.info\/2026\/wp-json\/wp\/v2\/pages"}],"about":[{"href":"https:\/\/www.issat.info\/2026\/wp-json\/wp\/v2\/types\/page"}],"author":[{"embeddable":true,"href":"https:\/\/www.issat.info\/2026\/wp-json\/wp\/v2\/users\/1"}],"replies":[{"embeddable":true,"href":"https:\/\/www.issat.info\/2026\/wp-json\/wp\/v2\/comments?post=737"}],"version-history":[{"count":4,"href":"https:\/\/www.issat.info\/2026\/wp-json\/wp\/v2\/pages\/737\/revisions"}],"predecessor-version":[{"id":745,"href":"https:\/\/www.issat.info\/2026\/wp-json\/wp\/v2\/pages\/737\/revisions\/745"}],"wp:attachment":[{"href":"https:\/\/www.issat.info\/2026\/wp-json\/wp\/v2\/media?parent=737"}],"wp:term":[{"taxonomy":"mode-d039enseignement","embeddable":true,"href":"https:\/\/www.issat.info\/2026\/wp-json\/wp\/v2\/mode-d039enseignement?post=737"},{"taxonomy":"type-de-diplome","embeddable":true,"href":"https:\/\/www.issat.info\/2026\/wp-json\/wp\/v2\/type-de-diplome?post=737"},{"taxonomy":"filiere","embeddable":true,"href":"https:\/\/www.issat.info\/2026\/wp-json\/wp\/v2\/filiere?post=737"},{"taxonomy":"folder","embeddable":true,"href":"https:\/\/www.issat.info\/2026\/wp-json\/wp\/v2\/folder?post=737"}],"curies":[{"name":"wp","href":"https:\/\/api.w.org\/{rel}","templated":true}]}}