{"id":592,"date":"2025-07-11T13:54:42","date_gmt":"2025-07-11T11:54:42","guid":{"rendered":"https:\/\/www.issat.info\/2026\/?page_id=592"},"modified":"2026-03-31T10:40:40","modified_gmt":"2026-03-31T08:40:40","slug":"option-football-lycee-agricole","status":"publish","type":"page","link":"https:\/\/www.issat.info\/2026\/option-football-lycee-agricole\/","title":{"rendered":"Football"},"content":{"rendered":"\t\t<div data-elementor-type=\"wp-page\" data-elementor-id=\"592\" class=\"elementor elementor-592\" data-elementor-post-type=\"page\">\n\t\t\t\t\t\t<section class=\"elementor-section elementor-top-section elementor-element elementor-element-27c0d0a9 elementor-section-height-min-height elementor-section-boxed elementor-section-height-default elementor-section-items-middle\" data-id=\"27c0d0a9\" data-element_type=\"section\" data-e-type=\"section\" data-settings=\"{&quot;background_background&quot;:&quot;classic&quot;}\">\n\t\t\t\t\t\t\t<div class=\"elementor-background-overlay\"><\/div>\n\t\t\t\t\t\t\t<div class=\"elementor-container elementor-column-gap-wider\">\n\t\t\t\t\t<div class=\"elementor-column elementor-col-100 elementor-top-column elementor-element elementor-element-6c33ea5c\" data-id=\"6c33ea5c\" data-element_type=\"column\" data-e-type=\"column\">\n\t\t\t<div class=\"elementor-widget-wrap elementor-element-populated\">\n\t\t\t\t\t\t<div class=\"elementor-element elementor-element-42ec3598 elementor-invisible elementor-widget elementor-widget-heading\" data-id=\"42ec3598\" data-element_type=\"widget\" data-e-type=\"widget\" data-settings=\"{&quot;_animation&quot;:&quot;fadeInDown&quot;,&quot;_animation_delay&quot;:200}\" data-widget_type=\"heading.default\">\n\t\t\t\t\t<h1 class=\"elementor-heading-title elementor-size-default\">FOOTBALL<\/h1>\t\t\t\t<\/div>\n\t\t\t\t\t<\/div>\n\t\t<\/div>\n\t\t\t\t\t<\/div>\n\t\t<\/section>\n\t\t\t\t<section class=\"elementor-section elementor-top-section elementor-element elementor-element-11639aa elementor-section-boxed elementor-section-height-default elementor-section-height-default\" data-id=\"11639aa\" data-element_type=\"section\" data-e-type=\"section\" data-settings=\"{&quot;background_background&quot;:&quot;classic&quot;}\">\n\t\t\t\t\t\t<div class=\"elementor-container elementor-column-gap-wider\">\n\t\t\t\t\t<div class=\"elementor-column elementor-col-33 elementor-top-column elementor-element elementor-element-61ce585d\" data-id=\"61ce585d\" data-element_type=\"column\" data-e-type=\"column\">\n\t\t\t<div class=\"elementor-widget-wrap elementor-element-populated\">\n\t\t\t\t\t\t<div class=\"elementor-element elementor-element-1d49fb8d elementor-widget elementor-widget-image\" data-id=\"1d49fb8d\" data-element_type=\"widget\" data-e-type=\"widget\" data-widget_type=\"image.default\">\n\t\t\t\t\t\t\t\t\t\t\t\t\t\t\t<img decoding=\"async\" src=\"https:\/\/www.issat.info\/2026\/wp-content\/uploads\/elementor\/thumbs\/20250227_163043224_iOS-1-scaled-rg75ib60a2g9gdv1u7rpu4r2ud2pvessp3j01qqb2g.jpg\" title=\"Pr\u00e9paration physique adapt\u00e9e\" alt=\"\u00c9l\u00e8ve en \u00e9chauffement pendant l\u2019option foot au sein du lyc\u00e9e agricole ISSAT Redon\" loading=\"lazy\" \/>\t\t\t\t\t\t\t\t\t\t\t\t\t\t\t<\/div>\n\t\t\t\t<div class=\"elementor-element elementor-element-5608830 elementor-widget elementor-widget-video\" data-id=\"5608830\" data-element_type=\"widget\" data-e-type=\"widget\" data-settings=\"{&quot;video_type&quot;:&quot;hosted&quot;,&quot;autoplay&quot;:&quot;yes&quot;,&quot;play_on_mobile&quot;:&quot;yes&quot;,&quot;mute&quot;:&quot;yes&quot;,&quot;loop&quot;:&quot;yes&quot;}\" data-widget_type=\"video.default\">\n\t\t\t\t\t\t\t<div class=\"e-hosted-video elementor-wrapper elementor-open-inline\">\n\t\t\t\t\t<video class=\"elementor-video\" src=\"https:\/\/www.issat.info\/2026\/wp-content\/uploads\/2025\/07\/20250227_161257000_iOS-1.mp4\" autoplay=\"\" loop=\"\" muted=\"muted\" playsinline=\"\" controlsList=\"nodownload\"><\/video>\n\t\t\t\t<\/div>\n\t\t\t\t\t\t<\/div>\n\t\t\t\t\t<\/div>\n\t\t<\/div>\n\t\t\t\t<div class=\"elementor-column elementor-col-33 elementor-top-column elementor-element elementor-element-3c9da0cb\" data-id=\"3c9da0cb\" data-element_type=\"column\" data-e-type=\"column\">\n\t\t\t<div class=\"elementor-widget-wrap\">\n\t\t\t\t\t\t\t<\/div>\n\t\t<\/div>\n\t\t\t\t<div class=\"elementor-column elementor-col-33 elementor-top-column elementor-element elementor-element-60f26470\" data-id=\"60f26470\" data-element_type=\"column\" data-e-type=\"column\">\n\t\t\t<div class=\"elementor-widget-wrap elementor-element-populated\">\n\t\t\t\t\t\t<div class=\"elementor-element elementor-element-26403b51 elementor-widget__width-initial elementor-widget-tablet__width-initial elementor-headline--style-highlight elementor-invisible elementor-widget elementor-widget-animated-headline\" data-id=\"26403b51\" data-element_type=\"widget\" data-e-type=\"widget\" data-settings=\"{&quot;highlighted_text&quot;:&quot;FOOTBALL&quot;,&quot;_animation&quot;:&quot;fadeInDown&quot;,&quot;_animation_delay&quot;:400,&quot;headline_style&quot;:&quot;highlight&quot;,&quot;marker&quot;:&quot;circle&quot;,&quot;loop&quot;:&quot;yes&quot;,&quot;highlight_animation_duration&quot;:1200,&quot;highlight_iteration_delay&quot;:8000}\" data-widget_type=\"animated-headline.default\">\n\t\t\t\t\t\t\t<h2 class=\"elementor-headline\">\n\t\t\t\t\t<span class=\"elementor-headline-plain-text elementor-headline-text-wrapper\">OPTION<\/span>\n\t\t\t\t<span class=\"elementor-headline-dynamic-wrapper elementor-headline-text-wrapper\">\n\t\t\t\t\t<span class=\"elementor-headline-dynamic-text elementor-headline-text-active\">FOOTBALL<\/span>\n\t\t\t\t<\/span>\n\t\t\t\t<\/h2>\n\t\t\t\t\t\t<\/div>\n\t\t\t\t<div class=\"elementor-element elementor-element-160e94f4 elementor-invisible elementor-widget elementor-widget-heading\" data-id=\"160e94f4\" data-element_type=\"widget\" data-e-type=\"widget\" data-settings=\"{&quot;_animation&quot;:&quot;fadeInDown&quot;,&quot;_animation_delay&quot;:200}\" data-widget_type=\"heading.default\">\n\t\t\t\t\t<div class=\"elementor-heading-title elementor-size-default\">Allier passion du sport et r\u00e9ussite scolaire au sein du lyc\u00e9e agricole<\/div>\t\t\t\t<\/div>\n\t\t\t\t<div class=\"elementor-element elementor-element-45dbfd1f elementor-widget-divider--view-line elementor-invisible elementor-widget elementor-widget-divider\" data-id=\"45dbfd1f\" data-element_type=\"widget\" data-e-type=\"widget\" data-settings=\"{&quot;_animation&quot;:&quot;fadeInDown&quot;,&quot;_animation_delay&quot;:600}\" data-widget_type=\"divider.default\">\n\t\t\t\t\t\t\t<div class=\"elementor-divider\">\n\t\t\t<span class=\"elementor-divider-separator\">\n\t\t\t\t\t\t<\/span>\n\t\t<\/div>\n\t\t\t\t\t\t<\/div>\n\t\t\t\t<div class=\"elementor-element elementor-element-6a2328ac elementor-widget elementor-widget-text-editor\" data-id=\"6a2328ac\" data-element_type=\"widget\" data-e-type=\"widget\" data-widget_type=\"text-editor.default\">\n\t\t\t\t\t\t\t\t\t<p data-start=\"469\" data-end=\"742\">Propos\u00e9e en tant qu\u2019<strong data-start=\"489\" data-end=\"511\">option facultative<\/strong>, l\u2019option <strong data-start=\"522\" data-end=\"534\">Football<\/strong> s\u2019adresse aux filles et aux gar\u00e7ons, quel que soit le Bac Pro suivi <strong data-start=\"603\" data-end=\"644\">au sein du lyc\u00e9e agricole ISSAT Redon<\/strong>. Elle permet de concilier un <strong data-start=\"674\" data-end=\"707\">entra\u00eenement sportif r\u00e9gulier<\/strong> avec un parcours scolaire complet.<\/p><p data-start=\"744\" data-end=\"833\">Les \u00e9l\u00e8ves b\u00e9n\u00e9ficient de s\u00e9ances encadr\u00e9es par des enseignants qualifi\u00e9s, comprenant :<\/p><ul data-start=\"834\" data-end=\"976\"><li data-start=\"834\" data-end=\"859\"><p data-start=\"836\" data-end=\"859\">pr\u00e9paration physique,<\/p><\/li><li data-start=\"860\" data-end=\"894\"><p data-start=\"862\" data-end=\"894\">travail technique et tactique,<\/p><\/li><li data-start=\"895\" data-end=\"976\"><p data-start=\"897\" data-end=\"976\">et organisation de <strong data-start=\"916\" data-end=\"926\">matchs<\/strong> pour mettre en pratique les comp\u00e9tences acquises.<\/p><\/li><\/ul><p data-start=\"978\" data-end=\"1112\">Les entra\u00eenements sont adapt\u00e9s au niveau de chacun afin de garantir une progression individualis\u00e9e dans un cadre s\u00e9curis\u00e9 et motivant.<\/p><p data-start=\"1114\" data-end=\"1275\">Cette option est <strong data-start=\"1133\" data-end=\"1190\">\u00e9valu\u00e9e et valoris\u00e9e dans le cadre de l\u2019examen du Bac<\/strong>, offrant ainsi une reconnaissance officielle de l\u2019investissement sportif de l\u2019\u00e9l\u00e8ve.<\/p><p data-start=\"1277\" data-end=\"1401\">Un moyen concret de <strong data-start=\"1297\" data-end=\"1356\">d\u00e9velopper l\u2019esprit d\u2019\u00e9quipe, la rigueur et l\u2019endurance<\/strong>, tout en validant des comp\u00e9tences scolaires.<\/p>\t\t\t\t\t\t\t\t<\/div>\n\t\t\t\t\t<\/div>\n\t\t<\/div>\n\t\t\t\t\t<\/div>\n\t\t<\/section>\n\t\t\t\t<\/div>\n\t\t","protected":false},"excerpt":{"rendered":"<p>FOOTBALL https:\/\/www.issat.info\/2026\/wp-content\/uploads\/2025\/07\/20250227_161257000_iOS-1.mp4 OPTION FOOTBALL Allier passion du sport et r\u00e9ussite scolaire au sein du lyc\u00e9e agricole Propos\u00e9e en tant qu\u2019option facultative, l\u2019option Football s\u2019adresse aux filles et aux gar\u00e7ons, quel que soit le Bac Pro suivi au sein du lyc\u00e9e agricole ISSAT Redon. Elle permet de concilier un entra\u00eenement sportif r\u00e9gulier avec un parcours scolaire [&hellip;]<\/p>\n","protected":false},"author":1,"featured_media":0,"parent":0,"menu_order":0,"comment_status":"closed","ping_status":"closed","template":"","meta":{"footnotes":""},"mode-d039enseignement":[],"type-de-diplome":[],"filiere":[],"folder":[15],"class_list":["post-592","page","type-page","status-publish","hentry"],"yoast_head":"<!-- This site is optimized with the Yoast SEO plugin v27.2 - https:\/\/yoast.com\/product\/yoast-seo-wordpress\/ -->\n<title>Option football<\/title>\n<meta name=\"description\" content=\"L&#039;option football du lyc\u00e9e agricole ISSAT Redon : entra\u00eenements r\u00e9guliers, matchs, pr\u00e9paration physique et reconnaissance au Bac Pro.\" \/>\n<meta name=\"robots\" content=\"index, follow, max-snippet:-1, max-image-preview:large, max-video-preview:-1\" \/>\n<link rel=\"canonical\" href=\"https:\/\/www.issat.info\/2026\/option-football-lycee-agricole\/\" \/>\n<meta property=\"og:locale\" content=\"fr_FR\" \/>\n<meta property=\"og:type\" content=\"article\" \/>\n<meta property=\"og:title\" content=\"Option football\" \/>\n<meta property=\"og:description\" content=\"L&#039;option football du lyc\u00e9e agricole ISSAT Redon : entra\u00eenements r\u00e9guliers, matchs, pr\u00e9paration physique et reconnaissance au Bac Pro.\" \/>\n<meta property=\"og:url\" content=\"https:\/\/www.issat.info\/2026\/option-football-lycee-agricole\/\" \/>\n<meta property=\"og:site_name\" content=\"ISSAT Pays de Vilaine\" \/>\n<meta property=\"article:publisher\" content=\"https:\/\/www.facebook.com\/lyceeissat\/\" \/>\n<meta property=\"article:modified_time\" content=\"2026-03-31T08:40:40+00:00\" \/>\n<meta property=\"og:image\" content=\"https:\/\/www.issat.info\/2026\/wp-content\/uploads\/elementor\/thumbs\/20250227_163043224_iOS-1-scaled-r8lni54feyogq180wl4z1wt2kaerlkdstydr2yf9mw.jpg\" \/>\n<meta name=\"twitter:card\" content=\"summary_large_image\" \/>\n<meta name=\"twitter:label1\" content=\"Dur\u00e9e de lecture estim\u00e9e\" \/>\n\t<meta name=\"twitter:data1\" content=\"1 minute\" \/>\n<script type=\"application\/ld+json\" class=\"yoast-schema-graph\">{\"@context\":\"https:\/\/schema.org\",\"@graph\":[{\"@type\":\"WebPage\",\"@id\":\"https:\/\/www.issat.info\/2026\/option-football-lycee-agricole\/\",\"url\":\"https:\/\/www.issat.info\/2026\/option-football-lycee-agricole\/\",\"name\":\"Option football\",\"isPartOf\":{\"@id\":\"https:\/\/www.issat.info\/2026\/#website\"},\"primaryImageOfPage\":{\"@id\":\"https:\/\/www.issat.info\/2026\/option-football-lycee-agricole\/#primaryimage\"},\"image\":{\"@id\":\"https:\/\/www.issat.info\/2026\/option-football-lycee-agricole\/#primaryimage\"},\"thumbnailUrl\":\"https:\/\/www.issat.info\/2026\/wp-content\/uploads\/elementor\/thumbs\/20250227_163043224_iOS-1-scaled-r8lni54feyogq180wl4z1wt2kaerlkdstydr2yf9mw.jpg\",\"datePublished\":\"2025-07-11T11:54:42+00:00\",\"dateModified\":\"2026-03-31T08:40:40+00:00\",\"description\":\"L'option football du lyc\u00e9e agricole ISSAT Redon : entra\u00eenements r\u00e9guliers, matchs, pr\u00e9paration physique et reconnaissance au Bac Pro.\",\"breadcrumb\":{\"@id\":\"https:\/\/www.issat.info\/2026\/option-football-lycee-agricole\/#breadcrumb\"},\"inLanguage\":\"fr-FR\",\"potentialAction\":[{\"@type\":\"ReadAction\",\"target\":[\"https:\/\/www.issat.info\/2026\/option-football-lycee-agricole\/\"]}]},{\"@type\":\"ImageObject\",\"inLanguage\":\"fr-FR\",\"@id\":\"https:\/\/www.issat.info\/2026\/option-football-lycee-agricole\/#primaryimage\",\"url\":\"https:\/\/www.issat.info\/2026\/wp-content\/uploads\/elementor\/thumbs\/20250227_163043224_iOS-1-scaled-r8lni54feyogq180wl4z1wt2kaerlkdstydr2yf9mw.jpg\",\"contentUrl\":\"https:\/\/www.issat.info\/2026\/wp-content\/uploads\/elementor\/thumbs\/20250227_163043224_iOS-1-scaled-r8lni54feyogq180wl4z1wt2kaerlkdstydr2yf9mw.jpg\"},{\"@type\":\"BreadcrumbList\",\"@id\":\"https:\/\/www.issat.info\/2026\/option-football-lycee-agricole\/#breadcrumb\",\"itemListElement\":[{\"@type\":\"ListItem\",\"position\":1,\"name\":\"Accueil\",\"item\":\"https:\/\/www.issat.info\/2026\/\"},{\"@type\":\"ListItem\",\"position\":2,\"name\":\"Football\"}]},{\"@type\":\"WebSite\",\"@id\":\"https:\/\/www.issat.info\/2026\/#website\",\"url\":\"https:\/\/www.issat.info\/2026\/\",\"name\":\"ISSAT\",\"description\":\"Lyc\u00e9e Professionnel \/ Apprentissage \/ \u00c9tudes Sup\u00e9rieures et Formation continue\",\"publisher\":{\"@id\":\"https:\/\/www.issat.info\/2026\/#organization\"},\"alternateName\":\"ISSAT\",\"potentialAction\":[{\"@type\":\"SearchAction\",\"target\":{\"@type\":\"EntryPoint\",\"urlTemplate\":\"https:\/\/www.issat.info\/2026\/?s={search_term_string}\"},\"query-input\":{\"@type\":\"PropertyValueSpecification\",\"valueRequired\":true,\"valueName\":\"search_term_string\"}}],\"inLanguage\":\"fr-FR\"},{\"@type\":\"Organization\",\"@id\":\"https:\/\/www.issat.info\/2026\/#organization\",\"name\":\"ISSAT\",\"url\":\"https:\/\/www.issat.info\/2026\/\",\"logo\":{\"@type\":\"ImageObject\",\"inLanguage\":\"fr-FR\",\"@id\":\"https:\/\/www.issat.info\/2026\/#\/schema\/logo\/image\/\",\"url\":\"https:\/\/www.issat.info\/2026\/wp-content\/uploads\/2025\/07\/logo-site-couleur.png\",\"contentUrl\":\"https:\/\/www.issat.info\/2026\/wp-content\/uploads\/2025\/07\/logo-site-couleur.png\",\"width\":1459,\"height\":417,\"caption\":\"ISSAT\"},\"image\":{\"@id\":\"https:\/\/www.issat.info\/2026\/#\/schema\/logo\/image\/\"},\"sameAs\":[\"https:\/\/www.facebook.com\/lyceeissat\/\",\"https:\/\/www.instagram.com\/lyceeissat\/\",\"https:\/\/fr.linkedin.com\/school\/lyce-issat\/\"]}]}<\/script>\n<!-- \/ Yoast SEO plugin. -->","yoast_head_json":{"title":"Option football","description":"L'option football du lyc\u00e9e agricole ISSAT Redon : entra\u00eenements r\u00e9guliers, matchs, pr\u00e9paration physique et reconnaissance au Bac Pro.","robots":{"index":"index","follow":"follow","max-snippet":"max-snippet:-1","max-image-preview":"max-image-preview:large","max-video-preview":"max-video-preview:-1"},"canonical":"https:\/\/www.issat.info\/2026\/option-football-lycee-agricole\/","og_locale":"fr_FR","og_type":"article","og_title":"Option football","og_description":"L'option football du lyc\u00e9e agricole ISSAT Redon : entra\u00eenements r\u00e9guliers, matchs, pr\u00e9paration physique et reconnaissance au Bac Pro.","og_url":"https:\/\/www.issat.info\/2026\/option-football-lycee-agricole\/","og_site_name":"ISSAT Pays de Vilaine","article_publisher":"https:\/\/www.facebook.com\/lyceeissat\/","article_modified_time":"2026-03-31T08:40:40+00:00","og_image":[{"url":"https:\/\/www.issat.info\/2026\/wp-content\/uploads\/elementor\/thumbs\/20250227_163043224_iOS-1-scaled-r8lni54feyogq180wl4z1wt2kaerlkdstydr2yf9mw.jpg","type":"","width":"","height":""}],"twitter_card":"summary_large_image","twitter_misc":{"Dur\u00e9e de lecture estim\u00e9e":"1 minute"},"schema":{"@context":"https:\/\/schema.org","@graph":[{"@type":"WebPage","@id":"https:\/\/www.issat.info\/2026\/option-football-lycee-agricole\/","url":"https:\/\/www.issat.info\/2026\/option-football-lycee-agricole\/","name":"Option football","isPartOf":{"@id":"https:\/\/www.issat.info\/2026\/#website"},"primaryImageOfPage":{"@id":"https:\/\/www.issat.info\/2026\/option-football-lycee-agricole\/#primaryimage"},"image":{"@id":"https:\/\/www.issat.info\/2026\/option-football-lycee-agricole\/#primaryimage"},"thumbnailUrl":"https:\/\/www.issat.info\/2026\/wp-content\/uploads\/elementor\/thumbs\/20250227_163043224_iOS-1-scaled-r8lni54feyogq180wl4z1wt2kaerlkdstydr2yf9mw.jpg","datePublished":"2025-07-11T11:54:42+00:00","dateModified":"2026-03-31T08:40:40+00:00","description":"L'option football du lyc\u00e9e agricole ISSAT Redon : entra\u00eenements r\u00e9guliers, matchs, pr\u00e9paration physique et reconnaissance au Bac Pro.","breadcrumb":{"@id":"https:\/\/www.issat.info\/2026\/option-football-lycee-agricole\/#breadcrumb"},"inLanguage":"fr-FR","potentialAction":[{"@type":"ReadAction","target":["https:\/\/www.issat.info\/2026\/option-football-lycee-agricole\/"]}]},{"@type":"ImageObject","inLanguage":"fr-FR","@id":"https:\/\/www.issat.info\/2026\/option-football-lycee-agricole\/#primaryimage","url":"https:\/\/www.issat.info\/2026\/wp-content\/uploads\/elementor\/thumbs\/20250227_163043224_iOS-1-scaled-r8lni54feyogq180wl4z1wt2kaerlkdstydr2yf9mw.jpg","contentUrl":"https:\/\/www.issat.info\/2026\/wp-content\/uploads\/elementor\/thumbs\/20250227_163043224_iOS-1-scaled-r8lni54feyogq180wl4z1wt2kaerlkdstydr2yf9mw.jpg"},{"@type":"BreadcrumbList","@id":"https:\/\/www.issat.info\/2026\/option-football-lycee-agricole\/#breadcrumb","itemListElement":[{"@type":"ListItem","position":1,"name":"Accueil","item":"https:\/\/www.issat.info\/2026\/"},{"@type":"ListItem","position":2,"name":"Football"}]},{"@type":"WebSite","@id":"https:\/\/www.issat.info\/2026\/#website","url":"https:\/\/www.issat.info\/2026\/","name":"ISSAT","description":"Lyc\u00e9e Professionnel \/ Apprentissage \/ \u00c9tudes Sup\u00e9rieures et Formation continue","publisher":{"@id":"https:\/\/www.issat.info\/2026\/#organization"},"alternateName":"ISSAT","potentialAction":[{"@type":"SearchAction","target":{"@type":"EntryPoint","urlTemplate":"https:\/\/www.issat.info\/2026\/?s={search_term_string}"},"query-input":{"@type":"PropertyValueSpecification","valueRequired":true,"valueName":"search_term_string"}}],"inLanguage":"fr-FR"},{"@type":"Organization","@id":"https:\/\/www.issat.info\/2026\/#organization","name":"ISSAT","url":"https:\/\/www.issat.info\/2026\/","logo":{"@type":"ImageObject","inLanguage":"fr-FR","@id":"https:\/\/www.issat.info\/2026\/#\/schema\/logo\/image\/","url":"https:\/\/www.issat.info\/2026\/wp-content\/uploads\/2025\/07\/logo-site-couleur.png","contentUrl":"https:\/\/www.issat.info\/2026\/wp-content\/uploads\/2025\/07\/logo-site-couleur.png","width":1459,"height":417,"caption":"ISSAT"},"image":{"@id":"https:\/\/www.issat.info\/2026\/#\/schema\/logo\/image\/"},"sameAs":["https:\/\/www.facebook.com\/lyceeissat\/","https:\/\/www.instagram.com\/lyceeissat\/","https:\/\/fr.linkedin.com\/school\/lyce-issat\/"]}]}},"_links":{"self":[{"href":"https:\/\/www.issat.info\/2026\/wp-json\/wp\/v2\/pages\/592","targetHints":{"allow":["GET"]}}],"collection":[{"href":"https:\/\/www.issat.info\/2026\/wp-json\/wp\/v2\/pages"}],"about":[{"href":"https:\/\/www.issat.info\/2026\/wp-json\/wp\/v2\/types\/page"}],"author":[{"embeddable":true,"href":"https:\/\/www.issat.info\/2026\/wp-json\/wp\/v2\/users\/1"}],"replies":[{"embeddable":true,"href":"https:\/\/www.issat.info\/2026\/wp-json\/wp\/v2\/comments?post=592"}],"version-history":[{"count":7,"href":"https:\/\/www.issat.info\/2026\/wp-json\/wp\/v2\/pages\/592\/revisions"}],"predecessor-version":[{"id":607,"href":"https:\/\/www.issat.info\/2026\/wp-json\/wp\/v2\/pages\/592\/revisions\/607"}],"wp:attachment":[{"href":"https:\/\/www.issat.info\/2026\/wp-json\/wp\/v2\/media?parent=592"}],"wp:term":[{"taxonomy":"mode-d039enseignement","embeddable":true,"href":"https:\/\/www.issat.info\/2026\/wp-json\/wp\/v2\/mode-d039enseignement?post=592"},{"taxonomy":"type-de-diplome","embeddable":true,"href":"https:\/\/www.issat.info\/2026\/wp-json\/wp\/v2\/type-de-diplome?post=592"},{"taxonomy":"filiere","embeddable":true,"href":"https:\/\/www.issat.info\/2026\/wp-json\/wp\/v2\/filiere?post=592"},{"taxonomy":"folder","embeddable":true,"href":"https:\/\/www.issat.info\/2026\/wp-json\/wp\/v2\/folder?post=592"}],"curies":[{"name":"wp","href":"https:\/\/api.w.org\/{rel}","templated":true}]}}