{"id":581,"date":"2025-07-11T11:36:49","date_gmt":"2025-07-11T09:36:49","guid":{"rendered":"https:\/\/www.issat.info\/2026\/?page_id=581"},"modified":"2025-07-11T12:11:20","modified_gmt":"2025-07-11T10:11:20","slug":"option-vtt-lycee-agricole","status":"publish","type":"page","link":"https:\/\/www.issat.info\/2026\/option-vtt-lycee-agricole\/","title":{"rendered":"VTT"},"content":{"rendered":"\t\t<div data-elementor-type=\"wp-page\" data-elementor-id=\"581\" class=\"elementor elementor-581\" data-elementor-post-type=\"page\">\n\t\t\t\t\t\t<section class=\"elementor-section elementor-top-section elementor-element elementor-element-27c0d0a9 elementor-section-height-min-height elementor-section-boxed elementor-section-height-default elementor-section-items-middle\" data-id=\"27c0d0a9\" data-element_type=\"section\" data-e-type=\"section\" data-settings=\"{&quot;background_background&quot;:&quot;classic&quot;}\">\n\t\t\t\t\t\t\t<div class=\"elementor-background-overlay\"><\/div>\n\t\t\t\t\t\t\t<div class=\"elementor-container elementor-column-gap-wider\">\n\t\t\t\t\t<div class=\"elementor-column elementor-col-100 elementor-top-column elementor-element elementor-element-6c33ea5c\" data-id=\"6c33ea5c\" data-element_type=\"column\" data-e-type=\"column\">\n\t\t\t<div class=\"elementor-widget-wrap elementor-element-populated\">\n\t\t\t\t\t\t<div class=\"elementor-element elementor-element-42ec3598 elementor-invisible elementor-widget elementor-widget-heading\" data-id=\"42ec3598\" data-element_type=\"widget\" data-e-type=\"widget\" data-settings=\"{&quot;_animation&quot;:&quot;fadeInDown&quot;,&quot;_animation_delay&quot;:200}\" data-widget_type=\"heading.default\">\n\t\t\t\t\t<h1 class=\"elementor-heading-title elementor-size-default\">VTT<\/h1>\t\t\t\t<\/div>\n\t\t\t\t\t<\/div>\n\t\t<\/div>\n\t\t\t\t\t<\/div>\n\t\t<\/section>\n\t\t\t\t<section class=\"elementor-section elementor-top-section elementor-element elementor-element-11639aa elementor-section-boxed elementor-section-height-default elementor-section-height-default\" data-id=\"11639aa\" data-element_type=\"section\" data-e-type=\"section\" data-settings=\"{&quot;background_background&quot;:&quot;classic&quot;}\">\n\t\t\t\t\t\t<div class=\"elementor-container elementor-column-gap-wider\">\n\t\t\t\t\t<div class=\"elementor-column elementor-col-33 elementor-top-column elementor-element elementor-element-61ce585d\" data-id=\"61ce585d\" data-element_type=\"column\" data-e-type=\"column\">\n\t\t\t<div class=\"elementor-widget-wrap elementor-element-populated\">\n\t\t\t\t\t\t<div class=\"elementor-element elementor-element-1d49fb8d elementor-widget elementor-widget-image\" data-id=\"1d49fb8d\" data-element_type=\"widget\" data-e-type=\"widget\" data-widget_type=\"image.default\">\n\t\t\t\t\t\t\t\t\t\t\t\t\t\t\t<img decoding=\"async\" src=\"https:\/\/www.issat.info\/2026\/wp-content\/uploads\/elementor\/thumbs\/IMG_20241106_141820-rg75id1onqiu3lsbj8kyz4a014tgat09dctz0aniq0.jpg\" title=\"Apprentissage technique encadr\u00e9\" alt=\"\u00c9l\u00e8ves en sortie VTT en for\u00eat\" loading=\"lazy\" \/>\t\t\t\t\t\t\t\t\t\t\t\t\t\t\t<\/div>\n\t\t\t\t<div class=\"elementor-element elementor-element-46b81c8d elementor-widget elementor-widget-image\" data-id=\"46b81c8d\" data-element_type=\"widget\" data-e-type=\"widget\" data-settings=\"{&quot;motion_fx_motion_fx_scrolling&quot;:&quot;yes&quot;,&quot;motion_fx_translateY_effect&quot;:&quot;yes&quot;,&quot;motion_fx_translateY_direction&quot;:&quot;negative&quot;,&quot;motion_fx_translateY_speed&quot;:{&quot;unit&quot;:&quot;px&quot;,&quot;size&quot;:&quot;1.1&quot;,&quot;sizes&quot;:[]},&quot;motion_fx_translateY_affectedRange&quot;:{&quot;unit&quot;:&quot;%&quot;,&quot;size&quot;:&quot;&quot;,&quot;sizes&quot;:{&quot;start&quot;:&quot;0&quot;,&quot;end&quot;:&quot;76&quot;}},&quot;motion_fx_devices&quot;:[&quot;desktop&quot;,&quot;tablet&quot;,&quot;mobile&quot;]}\" data-widget_type=\"image.default\">\n\t\t\t\t\t\t\t\t\t\t\t\t\t\t\t<img fetchpriority=\"high\" decoding=\"async\" width=\"800\" height=\"600\" src=\"https:\/\/www.issat.info\/2026\/wp-content\/uploads\/2025\/07\/20250205_144554484_iOS-1-1024x768.jpg\" class=\"attachment-large size-large wp-image-587\" alt=\"Paysage du Pays de Redon emprunt\u00e9 lors des sorties VTT du lyc\u00e9e agricole\" srcset=\"https:\/\/www.issat.info\/2026\/wp-content\/uploads\/2025\/07\/20250205_144554484_iOS-1-1024x768.jpg 1024w, https:\/\/www.issat.info\/2026\/wp-content\/uploads\/2025\/07\/20250205_144554484_iOS-1-300x225.jpg 300w, https:\/\/www.issat.info\/2026\/wp-content\/uploads\/2025\/07\/20250205_144554484_iOS-1-768x576.jpg 768w, https:\/\/www.issat.info\/2026\/wp-content\/uploads\/2025\/07\/20250205_144554484_iOS-1-1536x1152.jpg 1536w, https:\/\/www.issat.info\/2026\/wp-content\/uploads\/2025\/07\/20250205_144554484_iOS-1-2048x1536.jpg 2048w\" sizes=\"(max-width: 800px) 100vw, 800px\" \/>\t\t\t\t\t\t\t\t\t\t\t\t\t\t\t<\/div>\n\t\t\t\t\t<\/div>\n\t\t<\/div>\n\t\t\t\t<div class=\"elementor-column elementor-col-33 elementor-top-column elementor-element elementor-element-3c9da0cb\" data-id=\"3c9da0cb\" data-element_type=\"column\" data-e-type=\"column\">\n\t\t\t<div class=\"elementor-widget-wrap\">\n\t\t\t\t\t\t\t<\/div>\n\t\t<\/div>\n\t\t\t\t<div class=\"elementor-column elementor-col-33 elementor-top-column elementor-element elementor-element-60f26470\" data-id=\"60f26470\" data-element_type=\"column\" data-e-type=\"column\">\n\t\t\t<div class=\"elementor-widget-wrap elementor-element-populated\">\n\t\t\t\t\t\t<div class=\"elementor-element elementor-element-26403b51 elementor-widget__width-initial elementor-widget-tablet__width-initial elementor-headline--style-highlight elementor-invisible elementor-widget elementor-widget-animated-headline\" data-id=\"26403b51\" data-element_type=\"widget\" data-e-type=\"widget\" data-settings=\"{&quot;highlighted_text&quot;:&quot;VTT&quot;,&quot;_animation&quot;:&quot;fadeInDown&quot;,&quot;_animation_delay&quot;:400,&quot;headline_style&quot;:&quot;highlight&quot;,&quot;marker&quot;:&quot;circle&quot;,&quot;loop&quot;:&quot;yes&quot;,&quot;highlight_animation_duration&quot;:1200,&quot;highlight_iteration_delay&quot;:8000}\" data-widget_type=\"animated-headline.default\">\n\t\t\t\t\t\t\t<h2 class=\"elementor-headline\">\n\t\t\t\t\t<span class=\"elementor-headline-plain-text elementor-headline-text-wrapper\">OPTION<\/span>\n\t\t\t\t<span class=\"elementor-headline-dynamic-wrapper elementor-headline-text-wrapper\">\n\t\t\t\t\t<span class=\"elementor-headline-dynamic-text elementor-headline-text-active\">VTT<\/span>\n\t\t\t\t<\/span>\n\t\t\t\t<\/h2>\n\t\t\t\t\t\t<\/div>\n\t\t\t\t<div class=\"elementor-element elementor-element-160e94f4 elementor-invisible elementor-widget elementor-widget-heading\" data-id=\"160e94f4\" data-element_type=\"widget\" data-e-type=\"widget\" data-settings=\"{&quot;_animation&quot;:&quot;fadeInDown&quot;,&quot;_animation_delay&quot;:200}\" data-widget_type=\"heading.default\">\n\t\t\t\t\t<div class=\"elementor-heading-title elementor-size-default\">Une pratique sportive au c\u0153ur des paysages du Pays de Redon<\/div>\t\t\t\t<\/div>\n\t\t\t\t<div class=\"elementor-element elementor-element-45dbfd1f elementor-widget-divider--view-line elementor-invisible elementor-widget elementor-widget-divider\" data-id=\"45dbfd1f\" data-element_type=\"widget\" data-e-type=\"widget\" data-settings=\"{&quot;_animation&quot;:&quot;fadeInDown&quot;,&quot;_animation_delay&quot;:600}\" data-widget_type=\"divider.default\">\n\t\t\t\t\t\t\t<div class=\"elementor-divider\">\n\t\t\t<span class=\"elementor-divider-separator\">\n\t\t\t\t\t\t<\/span>\n\t\t<\/div>\n\t\t\t\t\t\t<\/div>\n\t\t\t\t<div class=\"elementor-element elementor-element-6a2328ac elementor-widget elementor-widget-text-editor\" data-id=\"6a2328ac\" data-element_type=\"widget\" data-e-type=\"widget\" data-widget_type=\"text-editor.default\">\n\t\t\t\t\t\t\t\t\t<p data-start=\"854\" data-end=\"1180\">Propos\u00e9e comme <strong data-start=\"869\" data-end=\"891\">option facultative<\/strong>, la formation <strong data-start=\"906\" data-end=\"913\">VTT<\/strong> est ouverte \u00e0 tous les \u00e9l\u00e8ves du <strong data-start=\"947\" data-end=\"977\">lyc\u00e9e agricole ISSAT Redon<\/strong>, quelle que soit leur sp\u00e9cialit\u00e9 Bac Pro. L&rsquo;engagement se fait d\u00e8s la classe de seconde et se poursuit jusqu&rsquo;en terminale, \u00e0 raison de <strong data-start=\"1113\" data-end=\"1137\">2 heures par semaine<\/strong>, avec prise en compte dans l&rsquo;examen final.<\/p><p data-start=\"1182\" data-end=\"1539\">Encadr\u00e9e par les enseignants d\u2019\u00c9ducation Physique et Sportive, l\u2019option propose une d\u00e9marche p\u00e9dagogique adapt\u00e9e, permettant \u00e0 chaque \u00e9l\u00e8ve de progresser techniquement et physiquement. Le programme combine <strong data-start=\"1388\" data-end=\"1411\">exercices pratiques<\/strong>, <strong data-start=\"1413\" data-end=\"1441\">sorties en pleine nature<\/strong> sur les circuits du Pays de Redon, ainsi que des <strong data-start=\"1491\" data-end=\"1538\">s\u00e9ances de maintenance du v\u00e9lo tout terrain<\/strong>.<\/p><p data-start=\"1541\" data-end=\"1689\">Cette <strong data-start=\"1547\" data-end=\"1576\">option VTT au sein du lyc\u00e9e agricole<\/strong> d\u00e9veloppe l\u2019endurance, le go\u00fbt de l\u2019effort et l\u2019autonomie dans un environnement encadr\u00e9, s\u00e9curis\u00e9 et valorisant.<\/p>\t\t\t\t\t\t\t\t<\/div>\n\t\t\t\t\t<\/div>\n\t\t<\/div>\n\t\t\t\t\t<\/div>\n\t\t<\/section>\n\t\t\t\t<\/div>\n\t\t","protected":false},"excerpt":{"rendered":"<p>VTT OPTION VTT Une pratique sportive au c\u0153ur des paysages du Pays de Redon Propos\u00e9e comme option facultative, la formation VTT est ouverte \u00e0 tous les \u00e9l\u00e8ves du lyc\u00e9e agricole ISSAT Redon, quelle que soit leur sp\u00e9cialit\u00e9 Bac Pro. L&rsquo;engagement se fait d\u00e8s la classe de seconde et se poursuit jusqu&rsquo;en terminale, \u00e0 raison de [&hellip;]<\/p>\n","protected":false},"author":1,"featured_media":0,"parent":0,"menu_order":0,"comment_status":"closed","ping_status":"closed","template":"","meta":{"footnotes":""},"mode-d039enseignement":[],"type-de-diplome":[],"filiere":[],"folder":[15],"class_list":["post-581","page","type-page","status-publish","hentry"],"yoast_head":"<!-- This site is optimized with the Yoast SEO plugin v27.2 - https:\/\/yoast.com\/product\/yoast-seo-wordpress\/ -->\n<title>VTT - ISSAT Pays de Vilaine<\/title>\n<meta name=\"description\" content=\"Option VTT du lyc\u00e9e agricole ISSAT Redon : sorties, technique et maintenance sur les sentiers du Pays de Redon d\u00e8s la seconde.\" \/>\n<meta name=\"robots\" content=\"index, follow, max-snippet:-1, max-image-preview:large, max-video-preview:-1\" \/>\n<link rel=\"canonical\" href=\"https:\/\/www.issat.info\/2026\/option-vtt-lycee-agricole\/\" \/>\n<meta property=\"og:locale\" content=\"fr_FR\" \/>\n<meta property=\"og:type\" content=\"article\" \/>\n<meta property=\"og:title\" content=\"VTT - ISSAT Pays de Vilaine\" \/>\n<meta property=\"og:description\" content=\"Option VTT du lyc\u00e9e agricole ISSAT Redon : sorties, technique et maintenance sur les sentiers du Pays de Redon d\u00e8s la seconde.\" \/>\n<meta property=\"og:url\" content=\"https:\/\/www.issat.info\/2026\/option-vtt-lycee-agricole\/\" \/>\n<meta property=\"og:site_name\" content=\"ISSAT Pays de Vilaine\" \/>\n<meta property=\"article:publisher\" content=\"https:\/\/www.facebook.com\/lyceeissat\/\" \/>\n<meta property=\"article:modified_time\" content=\"2025-07-11T10:11:20+00:00\" \/>\n<meta property=\"og:image\" content=\"https:\/\/www.issat.info\/2026\/wp-content\/uploads\/elementor\/thumbs\/IMG_20241106_141820-r8li8blr9etw4wy3bjb8it7zx20b60t7efls5bve6g.jpg\" \/>\n<meta name=\"twitter:card\" content=\"summary_large_image\" \/>\n<meta name=\"twitter:label1\" content=\"Dur\u00e9e de lecture estim\u00e9e\" \/>\n\t<meta name=\"twitter:data1\" content=\"1 minute\" \/>\n<script type=\"application\/ld+json\" class=\"yoast-schema-graph\">{\"@context\":\"https:\/\/schema.org\",\"@graph\":[{\"@type\":\"WebPage\",\"@id\":\"https:\/\/www.issat.info\/2026\/option-vtt-lycee-agricole\/\",\"url\":\"https:\/\/www.issat.info\/2026\/option-vtt-lycee-agricole\/\",\"name\":\"VTT - ISSAT Pays de Vilaine\",\"isPartOf\":{\"@id\":\"https:\/\/www.issat.info\/2026\/#website\"},\"primaryImageOfPage\":{\"@id\":\"https:\/\/www.issat.info\/2026\/option-vtt-lycee-agricole\/#primaryimage\"},\"image\":{\"@id\":\"https:\/\/www.issat.info\/2026\/option-vtt-lycee-agricole\/#primaryimage\"},\"thumbnailUrl\":\"https:\/\/www.issat.info\/2026\/wp-content\/uploads\/elementor\/thumbs\/IMG_20241106_141820-r8li8blr9etw4wy3bjb8it7zx20b60t7efls5bve6g.jpg\",\"datePublished\":\"2025-07-11T09:36:49+00:00\",\"dateModified\":\"2025-07-11T10:11:20+00:00\",\"description\":\"Option VTT du lyc\u00e9e agricole ISSAT Redon : sorties, technique et maintenance sur les sentiers du Pays de Redon d\u00e8s la seconde.\",\"breadcrumb\":{\"@id\":\"https:\/\/www.issat.info\/2026\/option-vtt-lycee-agricole\/#breadcrumb\"},\"inLanguage\":\"fr-FR\",\"potentialAction\":[{\"@type\":\"ReadAction\",\"target\":[\"https:\/\/www.issat.info\/2026\/option-vtt-lycee-agricole\/\"]}]},{\"@type\":\"ImageObject\",\"inLanguage\":\"fr-FR\",\"@id\":\"https:\/\/www.issat.info\/2026\/option-vtt-lycee-agricole\/#primaryimage\",\"url\":\"https:\/\/www.issat.info\/2026\/wp-content\/uploads\/elementor\/thumbs\/IMG_20241106_141820-r8li8blr9etw4wy3bjb8it7zx20b60t7efls5bve6g.jpg\",\"contentUrl\":\"https:\/\/www.issat.info\/2026\/wp-content\/uploads\/elementor\/thumbs\/IMG_20241106_141820-r8li8blr9etw4wy3bjb8it7zx20b60t7efls5bve6g.jpg\"},{\"@type\":\"BreadcrumbList\",\"@id\":\"https:\/\/www.issat.info\/2026\/option-vtt-lycee-agricole\/#breadcrumb\",\"itemListElement\":[{\"@type\":\"ListItem\",\"position\":1,\"name\":\"Accueil\",\"item\":\"https:\/\/www.issat.info\/2026\/\"},{\"@type\":\"ListItem\",\"position\":2,\"name\":\"VTT\"}]},{\"@type\":\"WebSite\",\"@id\":\"https:\/\/www.issat.info\/2026\/#website\",\"url\":\"https:\/\/www.issat.info\/2026\/\",\"name\":\"ISSAT\",\"description\":\"Lyc\u00e9e Professionnel \/ Apprentissage \/ \u00c9tudes Sup\u00e9rieures et Formation continue\",\"publisher\":{\"@id\":\"https:\/\/www.issat.info\/2026\/#organization\"},\"alternateName\":\"ISSAT\",\"potentialAction\":[{\"@type\":\"SearchAction\",\"target\":{\"@type\":\"EntryPoint\",\"urlTemplate\":\"https:\/\/www.issat.info\/2026\/?s={search_term_string}\"},\"query-input\":{\"@type\":\"PropertyValueSpecification\",\"valueRequired\":true,\"valueName\":\"search_term_string\"}}],\"inLanguage\":\"fr-FR\"},{\"@type\":\"Organization\",\"@id\":\"https:\/\/www.issat.info\/2026\/#organization\",\"name\":\"ISSAT\",\"url\":\"https:\/\/www.issat.info\/2026\/\",\"logo\":{\"@type\":\"ImageObject\",\"inLanguage\":\"fr-FR\",\"@id\":\"https:\/\/www.issat.info\/2026\/#\/schema\/logo\/image\/\",\"url\":\"https:\/\/www.issat.info\/2026\/wp-content\/uploads\/2025\/07\/logo-site-couleur.png\",\"contentUrl\":\"https:\/\/www.issat.info\/2026\/wp-content\/uploads\/2025\/07\/logo-site-couleur.png\",\"width\":1459,\"height\":417,\"caption\":\"ISSAT\"},\"image\":{\"@id\":\"https:\/\/www.issat.info\/2026\/#\/schema\/logo\/image\/\"},\"sameAs\":[\"https:\/\/www.facebook.com\/lyceeissat\/\",\"https:\/\/www.instagram.com\/lyceeissat\/\",\"https:\/\/fr.linkedin.com\/school\/lyce-issat\/\"]}]}<\/script>\n<!-- \/ Yoast SEO plugin. -->","yoast_head_json":{"title":"VTT - ISSAT Pays de Vilaine","description":"Option VTT du lyc\u00e9e agricole ISSAT Redon : sorties, technique et maintenance sur les sentiers du Pays de Redon d\u00e8s la seconde.","robots":{"index":"index","follow":"follow","max-snippet":"max-snippet:-1","max-image-preview":"max-image-preview:large","max-video-preview":"max-video-preview:-1"},"canonical":"https:\/\/www.issat.info\/2026\/option-vtt-lycee-agricole\/","og_locale":"fr_FR","og_type":"article","og_title":"VTT - ISSAT Pays de Vilaine","og_description":"Option VTT du lyc\u00e9e agricole ISSAT Redon : sorties, technique et maintenance sur les sentiers du Pays de Redon d\u00e8s la seconde.","og_url":"https:\/\/www.issat.info\/2026\/option-vtt-lycee-agricole\/","og_site_name":"ISSAT Pays de Vilaine","article_publisher":"https:\/\/www.facebook.com\/lyceeissat\/","article_modified_time":"2025-07-11T10:11:20+00:00","og_image":[{"url":"https:\/\/www.issat.info\/2026\/wp-content\/uploads\/elementor\/thumbs\/IMG_20241106_141820-r8li8blr9etw4wy3bjb8it7zx20b60t7efls5bve6g.jpg","type":"","width":"","height":""}],"twitter_card":"summary_large_image","twitter_misc":{"Dur\u00e9e de lecture estim\u00e9e":"1 minute"},"schema":{"@context":"https:\/\/schema.org","@graph":[{"@type":"WebPage","@id":"https:\/\/www.issat.info\/2026\/option-vtt-lycee-agricole\/","url":"https:\/\/www.issat.info\/2026\/option-vtt-lycee-agricole\/","name":"VTT - ISSAT Pays de Vilaine","isPartOf":{"@id":"https:\/\/www.issat.info\/2026\/#website"},"primaryImageOfPage":{"@id":"https:\/\/www.issat.info\/2026\/option-vtt-lycee-agricole\/#primaryimage"},"image":{"@id":"https:\/\/www.issat.info\/2026\/option-vtt-lycee-agricole\/#primaryimage"},"thumbnailUrl":"https:\/\/www.issat.info\/2026\/wp-content\/uploads\/elementor\/thumbs\/IMG_20241106_141820-r8li8blr9etw4wy3bjb8it7zx20b60t7efls5bve6g.jpg","datePublished":"2025-07-11T09:36:49+00:00","dateModified":"2025-07-11T10:11:20+00:00","description":"Option VTT du lyc\u00e9e agricole ISSAT Redon : sorties, technique et maintenance sur les sentiers du Pays de Redon d\u00e8s la seconde.","breadcrumb":{"@id":"https:\/\/www.issat.info\/2026\/option-vtt-lycee-agricole\/#breadcrumb"},"inLanguage":"fr-FR","potentialAction":[{"@type":"ReadAction","target":["https:\/\/www.issat.info\/2026\/option-vtt-lycee-agricole\/"]}]},{"@type":"ImageObject","inLanguage":"fr-FR","@id":"https:\/\/www.issat.info\/2026\/option-vtt-lycee-agricole\/#primaryimage","url":"https:\/\/www.issat.info\/2026\/wp-content\/uploads\/elementor\/thumbs\/IMG_20241106_141820-r8li8blr9etw4wy3bjb8it7zx20b60t7efls5bve6g.jpg","contentUrl":"https:\/\/www.issat.info\/2026\/wp-content\/uploads\/elementor\/thumbs\/IMG_20241106_141820-r8li8blr9etw4wy3bjb8it7zx20b60t7efls5bve6g.jpg"},{"@type":"BreadcrumbList","@id":"https:\/\/www.issat.info\/2026\/option-vtt-lycee-agricole\/#breadcrumb","itemListElement":[{"@type":"ListItem","position":1,"name":"Accueil","item":"https:\/\/www.issat.info\/2026\/"},{"@type":"ListItem","position":2,"name":"VTT"}]},{"@type":"WebSite","@id":"https:\/\/www.issat.info\/2026\/#website","url":"https:\/\/www.issat.info\/2026\/","name":"ISSAT","description":"Lyc\u00e9e Professionnel \/ Apprentissage \/ \u00c9tudes Sup\u00e9rieures et Formation continue","publisher":{"@id":"https:\/\/www.issat.info\/2026\/#organization"},"alternateName":"ISSAT","potentialAction":[{"@type":"SearchAction","target":{"@type":"EntryPoint","urlTemplate":"https:\/\/www.issat.info\/2026\/?s={search_term_string}"},"query-input":{"@type":"PropertyValueSpecification","valueRequired":true,"valueName":"search_term_string"}}],"inLanguage":"fr-FR"},{"@type":"Organization","@id":"https:\/\/www.issat.info\/2026\/#organization","name":"ISSAT","url":"https:\/\/www.issat.info\/2026\/","logo":{"@type":"ImageObject","inLanguage":"fr-FR","@id":"https:\/\/www.issat.info\/2026\/#\/schema\/logo\/image\/","url":"https:\/\/www.issat.info\/2026\/wp-content\/uploads\/2025\/07\/logo-site-couleur.png","contentUrl":"https:\/\/www.issat.info\/2026\/wp-content\/uploads\/2025\/07\/logo-site-couleur.png","width":1459,"height":417,"caption":"ISSAT"},"image":{"@id":"https:\/\/www.issat.info\/2026\/#\/schema\/logo\/image\/"},"sameAs":["https:\/\/www.facebook.com\/lyceeissat\/","https:\/\/www.instagram.com\/lyceeissat\/","https:\/\/fr.linkedin.com\/school\/lyce-issat\/"]}]}},"_links":{"self":[{"href":"https:\/\/www.issat.info\/2026\/wp-json\/wp\/v2\/pages\/581","targetHints":{"allow":["GET"]}}],"collection":[{"href":"https:\/\/www.issat.info\/2026\/wp-json\/wp\/v2\/pages"}],"about":[{"href":"https:\/\/www.issat.info\/2026\/wp-json\/wp\/v2\/types\/page"}],"author":[{"embeddable":true,"href":"https:\/\/www.issat.info\/2026\/wp-json\/wp\/v2\/users\/1"}],"replies":[{"embeddable":true,"href":"https:\/\/www.issat.info\/2026\/wp-json\/wp\/v2\/comments?post=581"}],"version-history":[{"count":4,"href":"https:\/\/www.issat.info\/2026\/wp-json\/wp\/v2\/pages\/581\/revisions"}],"predecessor-version":[{"id":591,"href":"https:\/\/www.issat.info\/2026\/wp-json\/wp\/v2\/pages\/581\/revisions\/591"}],"wp:attachment":[{"href":"https:\/\/www.issat.info\/2026\/wp-json\/wp\/v2\/media?parent=581"}],"wp:term":[{"taxonomy":"mode-d039enseignement","embeddable":true,"href":"https:\/\/www.issat.info\/2026\/wp-json\/wp\/v2\/mode-d039enseignement?post=581"},{"taxonomy":"type-de-diplome","embeddable":true,"href":"https:\/\/www.issat.info\/2026\/wp-json\/wp\/v2\/type-de-diplome?post=581"},{"taxonomy":"filiere","embeddable":true,"href":"https:\/\/www.issat.info\/2026\/wp-json\/wp\/v2\/filiere?post=581"},{"taxonomy":"folder","embeddable":true,"href":"https:\/\/www.issat.info\/2026\/wp-json\/wp\/v2\/folder?post=581"}],"curies":[{"name":"wp","href":"https:\/\/api.w.org\/{rel}","templated":true}]}}