{"id":566,"date":"2025-07-11T10:52:06","date_gmt":"2025-07-11T08:52:06","guid":{"rendered":"https:\/\/www.issat.info\/2026\/?page_id=566"},"modified":"2026-02-18T12:17:35","modified_gmt":"2026-02-18T11:17:35","slug":"option-apiculture-lycee-agricole","status":"publish","type":"page","link":"https:\/\/www.issat.info\/2026\/option-apiculture-lycee-agricole\/","title":{"rendered":"Apiculture"},"content":{"rendered":"\t\t<div data-elementor-type=\"wp-page\" data-elementor-id=\"566\" class=\"elementor elementor-566\" data-elementor-post-type=\"page\">\n\t\t\t\t\t\t<section class=\"elementor-section elementor-top-section elementor-element elementor-element-27c0d0a9 elementor-section-height-min-height elementor-section-boxed elementor-section-height-default elementor-section-items-middle\" data-id=\"27c0d0a9\" data-element_type=\"section\" data-e-type=\"section\" data-settings=\"{&quot;background_background&quot;:&quot;classic&quot;}\">\n\t\t\t\t\t\t\t<div class=\"elementor-background-overlay\"><\/div>\n\t\t\t\t\t\t\t<div class=\"elementor-container elementor-column-gap-wider\">\n\t\t\t\t\t<div class=\"elementor-column elementor-col-100 elementor-top-column elementor-element elementor-element-6c33ea5c\" data-id=\"6c33ea5c\" data-element_type=\"column\" data-e-type=\"column\">\n\t\t\t<div class=\"elementor-widget-wrap elementor-element-populated\">\n\t\t\t\t\t\t<div class=\"elementor-element elementor-element-42ec3598 elementor-invisible elementor-widget elementor-widget-heading\" data-id=\"42ec3598\" data-element_type=\"widget\" data-e-type=\"widget\" data-settings=\"{&quot;_animation&quot;:&quot;fadeInDown&quot;,&quot;_animation_delay&quot;:200}\" data-widget_type=\"heading.default\">\n\t\t\t\t\t<h1 class=\"elementor-heading-title elementor-size-default\">APICULTURE<\/h1>\t\t\t\t<\/div>\n\t\t\t\t\t<\/div>\n\t\t<\/div>\n\t\t\t\t\t<\/div>\n\t\t<\/section>\n\t\t\t\t<section class=\"elementor-section elementor-top-section elementor-element elementor-element-11639aa elementor-section-boxed elementor-section-height-default elementor-section-height-default\" data-id=\"11639aa\" data-element_type=\"section\" data-e-type=\"section\" data-settings=\"{&quot;background_background&quot;:&quot;classic&quot;}\">\n\t\t\t\t\t\t<div class=\"elementor-container elementor-column-gap-wider\">\n\t\t\t\t\t<div class=\"elementor-column elementor-col-33 elementor-top-column elementor-element elementor-element-61ce585d\" data-id=\"61ce585d\" data-element_type=\"column\" data-e-type=\"column\">\n\t\t\t<div class=\"elementor-widget-wrap elementor-element-populated\">\n\t\t\t\t\t\t<div class=\"elementor-element elementor-element-1d49fb8d elementor-widget elementor-widget-image\" data-id=\"1d49fb8d\" data-element_type=\"widget\" data-e-type=\"widget\" data-widget_type=\"image.default\">\n\t\t\t\t\t\t\t\t\t\t\t\t\t\t\t<img decoding=\"async\" src=\"https:\/\/www.issat.info\/2026\/wp-content\/uploads\/elementor\/thumbs\/20200911_084001-scaled-rg75i8chpkcehjz5aoju4ngp27gm8bhlopkjlwuhl4.jpg\" title=\"Ruches p\u00e9dagogiques de l\u2019ISSAT Redon\" alt=\"Ensemble de ruches utilis\u00e9es pour les cours d\u2019apiculture au lyc\u00e9e agricole en Bretagne\" loading=\"lazy\" \/>\t\t\t\t\t\t\t\t\t\t\t\t\t\t\t<\/div>\n\t\t\t\t<div class=\"elementor-element elementor-element-46b81c8d elementor-widget elementor-widget-image\" data-id=\"46b81c8d\" data-element_type=\"widget\" data-e-type=\"widget\" data-settings=\"{&quot;motion_fx_motion_fx_scrolling&quot;:&quot;yes&quot;,&quot;motion_fx_translateY_effect&quot;:&quot;yes&quot;,&quot;motion_fx_translateY_direction&quot;:&quot;negative&quot;,&quot;motion_fx_translateY_speed&quot;:{&quot;unit&quot;:&quot;px&quot;,&quot;size&quot;:&quot;1.1&quot;,&quot;sizes&quot;:[]},&quot;motion_fx_translateY_affectedRange&quot;:{&quot;unit&quot;:&quot;%&quot;,&quot;size&quot;:&quot;&quot;,&quot;sizes&quot;:{&quot;start&quot;:&quot;0&quot;,&quot;end&quot;:&quot;76&quot;}},&quot;motion_fx_devices&quot;:[&quot;desktop&quot;,&quot;tablet&quot;,&quot;mobile&quot;]}\" data-widget_type=\"image.default\">\n\t\t\t\t\t\t\t\t\t\t\t\t\t\t\t<img fetchpriority=\"high\" decoding=\"async\" width=\"800\" height=\"534\" src=\"https:\/\/www.issat.info\/2026\/wp-content\/uploads\/2025\/07\/issat-bois-miel_035-1-1024x683.jpg\" class=\"attachment-large size-large wp-image-557\" alt=\"agricole \u00c9l\u00e8ves du Bac Pro en activit\u00e9 pratique sur les ruches du lyc\u00e9e ISSAT Redon\" srcset=\"https:\/\/www.issat.info\/2026\/wp-content\/uploads\/2025\/07\/issat-bois-miel_035-1-1024x683.jpg 1024w, https:\/\/www.issat.info\/2026\/wp-content\/uploads\/2025\/07\/issat-bois-miel_035-1-300x200.jpg 300w, https:\/\/www.issat.info\/2026\/wp-content\/uploads\/2025\/07\/issat-bois-miel_035-1-768x512.jpg 768w, https:\/\/www.issat.info\/2026\/wp-content\/uploads\/2025\/07\/issat-bois-miel_035-1-1536x1024.jpg 1536w, https:\/\/www.issat.info\/2026\/wp-content\/uploads\/2025\/07\/issat-bois-miel_035-1-2048x1365.jpg 2048w\" sizes=\"(max-width: 800px) 100vw, 800px\" \/>\t\t\t\t\t\t\t\t\t\t\t\t\t\t\t<\/div>\n\t\t\t\t\t<\/div>\n\t\t<\/div>\n\t\t\t\t<div class=\"elementor-column elementor-col-33 elementor-top-column elementor-element elementor-element-3c9da0cb\" data-id=\"3c9da0cb\" data-element_type=\"column\" data-e-type=\"column\">\n\t\t\t<div class=\"elementor-widget-wrap\">\n\t\t\t\t\t\t\t<\/div>\n\t\t<\/div>\n\t\t\t\t<div class=\"elementor-column elementor-col-33 elementor-top-column elementor-element elementor-element-60f26470\" data-id=\"60f26470\" data-element_type=\"column\" data-e-type=\"column\">\n\t\t\t<div class=\"elementor-widget-wrap elementor-element-populated\">\n\t\t\t\t\t\t<div class=\"elementor-element elementor-element-26403b51 elementor-widget__width-initial elementor-widget-tablet__width-initial elementor-headline--style-highlight elementor-invisible elementor-widget elementor-widget-animated-headline\" data-id=\"26403b51\" data-element_type=\"widget\" data-e-type=\"widget\" data-settings=\"{&quot;highlighted_text&quot;:&quot;APICULTURE&quot;,&quot;_animation&quot;:&quot;fadeInDown&quot;,&quot;_animation_delay&quot;:400,&quot;headline_style&quot;:&quot;highlight&quot;,&quot;marker&quot;:&quot;circle&quot;,&quot;loop&quot;:&quot;yes&quot;,&quot;highlight_animation_duration&quot;:1200,&quot;highlight_iteration_delay&quot;:8000}\" data-widget_type=\"animated-headline.default\">\n\t\t\t\t\t\t\t<h2 class=\"elementor-headline\">\n\t\t\t\t\t<span class=\"elementor-headline-plain-text elementor-headline-text-wrapper\">OPTION<\/span>\n\t\t\t\t<span class=\"elementor-headline-dynamic-wrapper elementor-headline-text-wrapper\">\n\t\t\t\t\t<span class=\"elementor-headline-dynamic-text elementor-headline-text-active\">APICULTURE<\/span>\n\t\t\t\t<\/span>\n\t\t\t\t<\/h2>\n\t\t\t\t\t\t<\/div>\n\t\t\t\t<div class=\"elementor-element elementor-element-160e94f4 elementor-invisible elementor-widget elementor-widget-heading\" data-id=\"160e94f4\" data-element_type=\"widget\" data-e-type=\"widget\" data-settings=\"{&quot;_animation&quot;:&quot;fadeInDown&quot;,&quot;_animation_delay&quot;:200}\" data-widget_type=\"heading.default\">\n\t\t\t\t\t<div class=\"elementor-heading-title elementor-size-default\">Une formation en apiculture au sein d\u2019un lyc\u00e9e agricole engag\u00e9<\/div>\t\t\t\t<\/div>\n\t\t\t\t<div class=\"elementor-element elementor-element-45dbfd1f elementor-widget-divider--view-line elementor-invisible elementor-widget elementor-widget-divider\" data-id=\"45dbfd1f\" data-element_type=\"widget\" data-e-type=\"widget\" data-settings=\"{&quot;_animation&quot;:&quot;fadeInDown&quot;,&quot;_animation_delay&quot;:600}\" data-widget_type=\"divider.default\">\n\t\t\t\t\t\t\t<div class=\"elementor-divider\">\n\t\t\t<span class=\"elementor-divider-separator\">\n\t\t\t\t\t\t<\/span>\n\t\t<\/div>\n\t\t\t\t\t\t<\/div>\n\t\t\t\t<div class=\"elementor-element elementor-element-6a2328ac elementor-widget elementor-widget-text-editor\" data-id=\"6a2328ac\" data-element_type=\"widget\" data-e-type=\"widget\" data-widget_type=\"text-editor.default\">\n\t\t\t\t\t\t\t\t\t<p data-start=\"465\" data-end=\"782\">L\u2019option facultative <strong data-start=\"486\" data-end=\"500\">Apiculture<\/strong>, propos\u00e9e au lyc\u00e9e agricole ISSAT Redon, est ouverte \u00e0 tous les \u00e9l\u00e8ves de <strong>Bac Pro<\/strong>, quel que soit leur domaine de sp\u00e9cialisation. Engag\u00e9e d\u00e8s la seconde et suivie jusqu\u2019en terminale, elle est comptabilis\u00e9e pour l\u2019examen final, \u00e0 raison d\u2019une moyenne de <strong data-start=\"757\" data-end=\"781\">2 heures par semaine<\/strong>.<\/p><p data-start=\"784\" data-end=\"1138\">Tout au long de la formation, les \u00e9l\u00e8ves d\u00e9couvrent les bases de la <strong data-start=\"852\" data-end=\"876\">conduite d\u2019un rucher<\/strong> \u00e0 travers des <strong data-start=\"891\" data-end=\"911\">cours techniques<\/strong> et des <strong data-start=\"919\" data-end=\"968\">travaux pratiques sur les ruches p\u00e9dagogiques<\/strong> du lyc\u00e9e. Gr\u00e2ce aux \u00e9quipements professionnels investis par l\u2019\u00e9tablissement, ils sont mis en situation r\u00e9elle et d\u00e9veloppent des comp\u00e9tences concr\u00e8tes en <strong data-start=\"1123\" data-end=\"1137\">apiculture<\/strong>.<\/p><p data-start=\"1140\" data-end=\"1373\">Cette <strong data-start=\"1146\" data-end=\"1185\">formation apiculture lyc\u00e9e agricole<\/strong> s\u2019inscrit pleinement dans la mission de l\u2019ISSAT Redon : proposer des enseignements tourn\u00e9s vers les m\u00e9tiers de la nature et de l\u2019agriculture, avec un ancrage territorial fort en Bretagne.<\/p>\t\t\t\t\t\t\t\t<\/div>\n\t\t\t\t\t<\/div>\n\t\t<\/div>\n\t\t\t\t\t<\/div>\n\t\t<\/section>\n\t\t<div class=\"elementor-element elementor-element-24e4c70 e-flex e-con-boxed e-con e-parent\" data-id=\"24e4c70\" data-element_type=\"container\" data-e-type=\"container\">\n\t\t\t\t\t<div class=\"e-con-inner\">\n\t\t\t\t<div class=\"elementor-element elementor-element-f188381 elementor-grid-3 elementor-grid-tablet-2 elementor-grid-mobile-1 elementor-posts--thumbnail-top elementor-widget elementor-widget-posts\" data-id=\"f188381\" data-element_type=\"widget\" data-e-type=\"widget\" data-settings=\"{&quot;classic_columns&quot;:&quot;3&quot;,&quot;classic_columns_tablet&quot;:&quot;2&quot;,&quot;classic_columns_mobile&quot;:&quot;1&quot;,&quot;classic_row_gap&quot;:{&quot;unit&quot;:&quot;px&quot;,&quot;size&quot;:35,&quot;sizes&quot;:[]},&quot;classic_row_gap_tablet&quot;:{&quot;unit&quot;:&quot;px&quot;,&quot;size&quot;:&quot;&quot;,&quot;sizes&quot;:[]},&quot;classic_row_gap_mobile&quot;:{&quot;unit&quot;:&quot;px&quot;,&quot;size&quot;:&quot;&quot;,&quot;sizes&quot;:[]}}\" data-widget_type=\"posts.classic\">\n\t\t\t\t<div class=\"elementor-widget-container\">\n\t\t\t\t\t\t\t<div class=\"elementor-posts-container elementor-posts elementor-posts--skin-classic elementor-grid\" role=\"list\">\n\t\t\t\t<article class=\"elementor-post elementor-grid-item post-3319 post type-post status-publish format-standard has-post-thumbnail hentry category-apiculture-options category-options\" role=\"listitem\">\n\t\t\t\t<a class=\"elementor-post__thumbnail__link\" href=\"https:\/\/www.issat.info\/2026\/recolte-du-miel-dete\/\" tabindex=\"-1\" >\n\t\t\t<div class=\"elementor-post__thumbnail\"><img decoding=\"async\" width=\"300\" height=\"300\" src=\"https:\/\/www.issat.info\/2026\/wp-content\/uploads\/2026\/02\/\ud83c\udf6f\u2728-Miel-dete-Victoire-solidaire-\u2728\ud83c\udf6fIssu-des-fleurs-de-chataignier-et-de-ronces-le-delicieux-m-300x300.jpg\" class=\"attachment-medium size-medium wp-image-3329\" alt=\"apiculture issat redon\" srcset=\"https:\/\/www.issat.info\/2026\/wp-content\/uploads\/2026\/02\/\ud83c\udf6f\u2728-Miel-dete-Victoire-solidaire-\u2728\ud83c\udf6fIssu-des-fleurs-de-chataignier-et-de-ronces-le-delicieux-m-300x300.jpg 300w, https:\/\/www.issat.info\/2026\/wp-content\/uploads\/2026\/02\/\ud83c\udf6f\u2728-Miel-dete-Victoire-solidaire-\u2728\ud83c\udf6fIssu-des-fleurs-de-chataignier-et-de-ronces-le-delicieux-m-1024x1024.jpg 1024w, https:\/\/www.issat.info\/2026\/wp-content\/uploads\/2026\/02\/\ud83c\udf6f\u2728-Miel-dete-Victoire-solidaire-\u2728\ud83c\udf6fIssu-des-fleurs-de-chataignier-et-de-ronces-le-delicieux-m-150x150.jpg 150w, https:\/\/www.issat.info\/2026\/wp-content\/uploads\/2026\/02\/\ud83c\udf6f\u2728-Miel-dete-Victoire-solidaire-\u2728\ud83c\udf6fIssu-des-fleurs-de-chataignier-et-de-ronces-le-delicieux-m-768x768.jpg 768w, https:\/\/www.issat.info\/2026\/wp-content\/uploads\/2026\/02\/\ud83c\udf6f\u2728-Miel-dete-Victoire-solidaire-\u2728\ud83c\udf6fIssu-des-fleurs-de-chataignier-et-de-ronces-le-delicieux-m.jpg 1080w\" sizes=\"(max-width: 300px) 100vw, 300px\" \/><\/div>\n\t\t<\/a>\n\t\t\t\t<div class=\"elementor-post__text\">\n\t\t\t\t<h3 class=\"elementor-post__title\">\n\t\t\t<a href=\"https:\/\/www.issat.info\/2026\/recolte-du-miel-dete\/\" >\n\t\t\t\t\ud83c\udf6f R\u00e9colte du miel d\u2019\u00e9t\u00e9\t\t\t<\/a>\n\t\t<\/h3>\n\t\t\n\t\t<a class=\"elementor-post__read-more\" href=\"https:\/\/www.issat.info\/2026\/recolte-du-miel-dete\/\" aria-label=\"En savoir plus sur \ud83c\udf6f R\u00e9colte du miel d\u2019\u00e9t\u00e9\" tabindex=\"-1\" >\n\t\t\tLire la suite \u00bb\t\t<\/a>\n\n\t\t\t\t<\/div>\n\t\t\t\t<\/article>\n\t\t\t\t<\/div>\n\t\t\n\t\t\t\t\t\t<\/div>\n\t\t\t\t<\/div>\n\t\t\t\t\t<\/div>\n\t\t\t\t<\/div>\n\t\t\t\t<\/div>\n\t\t","protected":false},"excerpt":{"rendered":"<p>APICULTURE OPTION APICULTURE Une formation en apiculture au sein d\u2019un lyc\u00e9e agricole engag\u00e9 L\u2019option facultative Apiculture, propos\u00e9e au lyc\u00e9e agricole ISSAT Redon, est ouverte \u00e0<\/p>\n","protected":false},"author":1,"featured_media":0,"parent":0,"menu_order":0,"comment_status":"closed","ping_status":"closed","template":"","meta":{"footnotes":""},"mode-d039enseignement":[],"type-de-diplome":[],"filiere":[],"folder":[15],"class_list":["post-566","page","type-page","status-publish","hentry"],"yoast_head":"<!-- This site is optimized with the Yoast SEO plugin v27.2 - https:\/\/yoast.com\/product\/yoast-seo-wordpress\/ -->\n<title>Apiculture - ISSAT Pays de Vilaine<\/title>\n<meta name=\"description\" content=\"Option apiculture du lyc\u00e9e agricole ISSAT Redon : formation Bac Pro avec ruches et pratique sur site d\u00e8s la seconde.\" \/>\n<meta name=\"robots\" content=\"index, follow, max-snippet:-1, max-image-preview:large, max-video-preview:-1\" \/>\n<link rel=\"canonical\" href=\"https:\/\/www.issat.info\/2026\/option-apiculture-lycee-agricole\/\" \/>\n<meta property=\"og:locale\" content=\"fr_FR\" \/>\n<meta property=\"og:type\" content=\"article\" \/>\n<meta property=\"og:title\" content=\"Apiculture - ISSAT Pays de Vilaine\" \/>\n<meta property=\"og:description\" content=\"Option apiculture du lyc\u00e9e agricole ISSAT Redon : formation Bac Pro avec ruches et pratique sur site d\u00e8s la seconde.\" \/>\n<meta property=\"og:url\" content=\"https:\/\/www.issat.info\/2026\/option-apiculture-lycee-agricole\/\" \/>\n<meta property=\"og:site_name\" content=\"ISSAT Pays de Vilaine\" \/>\n<meta property=\"article:publisher\" content=\"https:\/\/www.facebook.com\/lyceeissat\/\" \/>\n<meta property=\"article:modified_time\" content=\"2026-02-18T11:17:35+00:00\" \/>\n<meta property=\"og:image\" content=\"https:\/\/www.issat.info\/2026\/wp-content\/uploads\/elementor\/thumbs\/20200911_084001-scaled-rg75i8chpkcehjz5aoju4ngp27gm8bhlopkjlwuhl4.jpg\" \/>\n<meta name=\"twitter:card\" content=\"summary_large_image\" \/>\n<meta name=\"twitter:label1\" content=\"Dur\u00e9e de lecture estim\u00e9e\" \/>\n\t<meta name=\"twitter:data1\" content=\"1 minute\" \/>\n<script type=\"application\/ld+json\" class=\"yoast-schema-graph\">{\"@context\":\"https:\/\/schema.org\",\"@graph\":[{\"@type\":\"WebPage\",\"@id\":\"https:\/\/www.issat.info\/2026\/option-apiculture-lycee-agricole\/\",\"url\":\"https:\/\/www.issat.info\/2026\/option-apiculture-lycee-agricole\/\",\"name\":\"Apiculture - ISSAT Pays de Vilaine\",\"isPartOf\":{\"@id\":\"https:\/\/www.issat.info\/2026\/#website\"},\"primaryImageOfPage\":{\"@id\":\"https:\/\/www.issat.info\/2026\/option-apiculture-lycee-agricole\/#primaryimage\"},\"image\":{\"@id\":\"https:\/\/www.issat.info\/2026\/option-apiculture-lycee-agricole\/#primaryimage\"},\"thumbnailUrl\":\"https:\/\/www.issat.info\/2026\/wp-content\/uploads\/elementor\/thumbs\/20200911_084001-scaled-rg75i8chpkcehjz5aoju4ngp27gm8bhlopkjlwuhl4.jpg\",\"datePublished\":\"2025-07-11T08:52:06+00:00\",\"dateModified\":\"2026-02-18T11:17:35+00:00\",\"description\":\"Option apiculture du lyc\u00e9e agricole ISSAT Redon : formation Bac Pro avec ruches et pratique sur site d\u00e8s la seconde.\",\"breadcrumb\":{\"@id\":\"https:\/\/www.issat.info\/2026\/option-apiculture-lycee-agricole\/#breadcrumb\"},\"inLanguage\":\"fr-FR\",\"potentialAction\":[{\"@type\":\"ReadAction\",\"target\":[\"https:\/\/www.issat.info\/2026\/option-apiculture-lycee-agricole\/\"]}]},{\"@type\":\"ImageObject\",\"inLanguage\":\"fr-FR\",\"@id\":\"https:\/\/www.issat.info\/2026\/option-apiculture-lycee-agricole\/#primaryimage\",\"url\":\"https:\/\/www.issat.info\/2026\/wp-content\/uploads\/elementor\/thumbs\/20200911_084001-scaled-rg75i8chpkcehjz5aoju4ngp27gm8bhlopkjlwuhl4.jpg\",\"contentUrl\":\"https:\/\/www.issat.info\/2026\/wp-content\/uploads\/elementor\/thumbs\/20200911_084001-scaled-rg75i8chpkcehjz5aoju4ngp27gm8bhlopkjlwuhl4.jpg\"},{\"@type\":\"BreadcrumbList\",\"@id\":\"https:\/\/www.issat.info\/2026\/option-apiculture-lycee-agricole\/#breadcrumb\",\"itemListElement\":[{\"@type\":\"ListItem\",\"position\":1,\"name\":\"Accueil\",\"item\":\"https:\/\/www.issat.info\/2026\/\"},{\"@type\":\"ListItem\",\"position\":2,\"name\":\"Apiculture\"}]},{\"@type\":\"WebSite\",\"@id\":\"https:\/\/www.issat.info\/2026\/#website\",\"url\":\"https:\/\/www.issat.info\/2026\/\",\"name\":\"ISSAT\",\"description\":\"Lyc\u00e9e Professionnel \/ Apprentissage \/ \u00c9tudes Sup\u00e9rieures et Formation continue\",\"publisher\":{\"@id\":\"https:\/\/www.issat.info\/2026\/#organization\"},\"alternateName\":\"ISSAT\",\"potentialAction\":[{\"@type\":\"SearchAction\",\"target\":{\"@type\":\"EntryPoint\",\"urlTemplate\":\"https:\/\/www.issat.info\/2026\/?s={search_term_string}\"},\"query-input\":{\"@type\":\"PropertyValueSpecification\",\"valueRequired\":true,\"valueName\":\"search_term_string\"}}],\"inLanguage\":\"fr-FR\"},{\"@type\":\"Organization\",\"@id\":\"https:\/\/www.issat.info\/2026\/#organization\",\"name\":\"ISSAT\",\"url\":\"https:\/\/www.issat.info\/2026\/\",\"logo\":{\"@type\":\"ImageObject\",\"inLanguage\":\"fr-FR\",\"@id\":\"https:\/\/www.issat.info\/2026\/#\/schema\/logo\/image\/\",\"url\":\"https:\/\/www.issat.info\/2026\/wp-content\/uploads\/2025\/07\/logo-site-couleur.png\",\"contentUrl\":\"https:\/\/www.issat.info\/2026\/wp-content\/uploads\/2025\/07\/logo-site-couleur.png\",\"width\":1459,\"height\":417,\"caption\":\"ISSAT\"},\"image\":{\"@id\":\"https:\/\/www.issat.info\/2026\/#\/schema\/logo\/image\/\"},\"sameAs\":[\"https:\/\/www.facebook.com\/lyceeissat\/\",\"https:\/\/www.instagram.com\/lyceeissat\/\",\"https:\/\/fr.linkedin.com\/school\/lyce-issat\/\"]}]}<\/script>\n<!-- \/ Yoast SEO plugin. -->","yoast_head_json":{"title":"Apiculture - ISSAT Pays de Vilaine","description":"Option apiculture du lyc\u00e9e agricole ISSAT Redon : formation Bac Pro avec ruches et pratique sur site d\u00e8s la seconde.","robots":{"index":"index","follow":"follow","max-snippet":"max-snippet:-1","max-image-preview":"max-image-preview:large","max-video-preview":"max-video-preview:-1"},"canonical":"https:\/\/www.issat.info\/2026\/option-apiculture-lycee-agricole\/","og_locale":"fr_FR","og_type":"article","og_title":"Apiculture - ISSAT Pays de Vilaine","og_description":"Option apiculture du lyc\u00e9e agricole ISSAT Redon : formation Bac Pro avec ruches et pratique sur site d\u00e8s la seconde.","og_url":"https:\/\/www.issat.info\/2026\/option-apiculture-lycee-agricole\/","og_site_name":"ISSAT Pays de Vilaine","article_publisher":"https:\/\/www.facebook.com\/lyceeissat\/","article_modified_time":"2026-02-18T11:17:35+00:00","og_image":[{"url":"https:\/\/www.issat.info\/2026\/wp-content\/uploads\/elementor\/thumbs\/20200911_084001-scaled-rg75i8chpkcehjz5aoju4ngp27gm8bhlopkjlwuhl4.jpg","type":"","width":"","height":""}],"twitter_card":"summary_large_image","twitter_misc":{"Dur\u00e9e de lecture estim\u00e9e":"1 minute"},"schema":{"@context":"https:\/\/schema.org","@graph":[{"@type":"WebPage","@id":"https:\/\/www.issat.info\/2026\/option-apiculture-lycee-agricole\/","url":"https:\/\/www.issat.info\/2026\/option-apiculture-lycee-agricole\/","name":"Apiculture - ISSAT Pays de Vilaine","isPartOf":{"@id":"https:\/\/www.issat.info\/2026\/#website"},"primaryImageOfPage":{"@id":"https:\/\/www.issat.info\/2026\/option-apiculture-lycee-agricole\/#primaryimage"},"image":{"@id":"https:\/\/www.issat.info\/2026\/option-apiculture-lycee-agricole\/#primaryimage"},"thumbnailUrl":"https:\/\/www.issat.info\/2026\/wp-content\/uploads\/elementor\/thumbs\/20200911_084001-scaled-rg75i8chpkcehjz5aoju4ngp27gm8bhlopkjlwuhl4.jpg","datePublished":"2025-07-11T08:52:06+00:00","dateModified":"2026-02-18T11:17:35+00:00","description":"Option apiculture du lyc\u00e9e agricole ISSAT Redon : formation Bac Pro avec ruches et pratique sur site d\u00e8s la seconde.","breadcrumb":{"@id":"https:\/\/www.issat.info\/2026\/option-apiculture-lycee-agricole\/#breadcrumb"},"inLanguage":"fr-FR","potentialAction":[{"@type":"ReadAction","target":["https:\/\/www.issat.info\/2026\/option-apiculture-lycee-agricole\/"]}]},{"@type":"ImageObject","inLanguage":"fr-FR","@id":"https:\/\/www.issat.info\/2026\/option-apiculture-lycee-agricole\/#primaryimage","url":"https:\/\/www.issat.info\/2026\/wp-content\/uploads\/elementor\/thumbs\/20200911_084001-scaled-rg75i8chpkcehjz5aoju4ngp27gm8bhlopkjlwuhl4.jpg","contentUrl":"https:\/\/www.issat.info\/2026\/wp-content\/uploads\/elementor\/thumbs\/20200911_084001-scaled-rg75i8chpkcehjz5aoju4ngp27gm8bhlopkjlwuhl4.jpg"},{"@type":"BreadcrumbList","@id":"https:\/\/www.issat.info\/2026\/option-apiculture-lycee-agricole\/#breadcrumb","itemListElement":[{"@type":"ListItem","position":1,"name":"Accueil","item":"https:\/\/www.issat.info\/2026\/"},{"@type":"ListItem","position":2,"name":"Apiculture"}]},{"@type":"WebSite","@id":"https:\/\/www.issat.info\/2026\/#website","url":"https:\/\/www.issat.info\/2026\/","name":"ISSAT","description":"Lyc\u00e9e Professionnel \/ Apprentissage \/ \u00c9tudes Sup\u00e9rieures et Formation continue","publisher":{"@id":"https:\/\/www.issat.info\/2026\/#organization"},"alternateName":"ISSAT","potentialAction":[{"@type":"SearchAction","target":{"@type":"EntryPoint","urlTemplate":"https:\/\/www.issat.info\/2026\/?s={search_term_string}"},"query-input":{"@type":"PropertyValueSpecification","valueRequired":true,"valueName":"search_term_string"}}],"inLanguage":"fr-FR"},{"@type":"Organization","@id":"https:\/\/www.issat.info\/2026\/#organization","name":"ISSAT","url":"https:\/\/www.issat.info\/2026\/","logo":{"@type":"ImageObject","inLanguage":"fr-FR","@id":"https:\/\/www.issat.info\/2026\/#\/schema\/logo\/image\/","url":"https:\/\/www.issat.info\/2026\/wp-content\/uploads\/2025\/07\/logo-site-couleur.png","contentUrl":"https:\/\/www.issat.info\/2026\/wp-content\/uploads\/2025\/07\/logo-site-couleur.png","width":1459,"height":417,"caption":"ISSAT"},"image":{"@id":"https:\/\/www.issat.info\/2026\/#\/schema\/logo\/image\/"},"sameAs":["https:\/\/www.facebook.com\/lyceeissat\/","https:\/\/www.instagram.com\/lyceeissat\/","https:\/\/fr.linkedin.com\/school\/lyce-issat\/"]}]}},"_links":{"self":[{"href":"https:\/\/www.issat.info\/2026\/wp-json\/wp\/v2\/pages\/566","targetHints":{"allow":["GET"]}}],"collection":[{"href":"https:\/\/www.issat.info\/2026\/wp-json\/wp\/v2\/pages"}],"about":[{"href":"https:\/\/www.issat.info\/2026\/wp-json\/wp\/v2\/types\/page"}],"author":[{"embeddable":true,"href":"https:\/\/www.issat.info\/2026\/wp-json\/wp\/v2\/users\/1"}],"replies":[{"embeddable":true,"href":"https:\/\/www.issat.info\/2026\/wp-json\/wp\/v2\/comments?post=566"}],"version-history":[{"count":13,"href":"https:\/\/www.issat.info\/2026\/wp-json\/wp\/v2\/pages\/566\/revisions"}],"predecessor-version":[{"id":3339,"href":"https:\/\/www.issat.info\/2026\/wp-json\/wp\/v2\/pages\/566\/revisions\/3339"}],"wp:attachment":[{"href":"https:\/\/www.issat.info\/2026\/wp-json\/wp\/v2\/media?parent=566"}],"wp:term":[{"taxonomy":"mode-d039enseignement","embeddable":true,"href":"https:\/\/www.issat.info\/2026\/wp-json\/wp\/v2\/mode-d039enseignement?post=566"},{"taxonomy":"type-de-diplome","embeddable":true,"href":"https:\/\/www.issat.info\/2026\/wp-json\/wp\/v2\/type-de-diplome?post=566"},{"taxonomy":"filiere","embeddable":true,"href":"https:\/\/www.issat.info\/2026\/wp-json\/wp\/v2\/filiere?post=566"},{"taxonomy":"folder","embeddable":true,"href":"https:\/\/www.issat.info\/2026\/wp-json\/wp\/v2\/folder?post=566"}],"curies":[{"name":"wp","href":"https:\/\/api.w.org\/{rel}","templated":true}]}}