{"id":2730,"date":"2026-01-06T14:07:43","date_gmt":"2026-01-06T13:07:43","guid":{"rendered":"https:\/\/www.issat.info\/2026\/?page_id=2730"},"modified":"2026-01-06T15:23:50","modified_gmt":"2026-01-06T14:23:50","slug":"politique-de-confidentialite","status":"publish","type":"page","link":"https:\/\/www.issat.info\/2026\/politique-de-confidentialite\/","title":{"rendered":"Politique de confidentialit\u00e9"},"content":{"rendered":"\t\t<div data-elementor-type=\"wp-page\" data-elementor-id=\"2730\" class=\"elementor elementor-2730\" data-elementor-post-type=\"page\">\n\t\t\t\t\t\t<section class=\"elementor-section elementor-top-section elementor-element elementor-element-4f33a2e elementor-section-height-min-height elementor-section-boxed elementor-section-height-default elementor-section-items-middle\" data-id=\"4f33a2e\" data-element_type=\"section\" data-e-type=\"section\" data-settings=\"{&quot;background_background&quot;:&quot;classic&quot;}\">\n\t\t\t\t\t\t<div class=\"elementor-container elementor-column-gap-wider\">\n\t\t\t\t\t<div class=\"elementor-column elementor-col-100 elementor-top-column elementor-element elementor-element-b591dfb\" data-id=\"b591dfb\" data-element_type=\"column\" data-e-type=\"column\">\n\t\t\t<div class=\"elementor-widget-wrap elementor-element-populated\">\n\t\t\t\t\t\t<div class=\"elementor-element elementor-element-9cb204c elementor-invisible elementor-widget elementor-widget-heading\" data-id=\"9cb204c\" data-element_type=\"widget\" data-e-type=\"widget\" data-settings=\"{&quot;_animation&quot;:&quot;fadeInDown&quot;,&quot;_animation_delay&quot;:200}\" data-widget_type=\"heading.default\">\n\t\t\t\t\t<h1 class=\"elementor-heading-title elementor-size-default\">Politique de confidentialit\u00e9 - RGPD<\/h1>\t\t\t\t<\/div>\n\t\t\t\t\t<\/div>\n\t\t<\/div>\n\t\t\t\t\t<\/div>\n\t\t<\/section>\n\t\t<div class=\"elementor-element elementor-element-4c9f6d9 e-flex e-con-boxed e-con e-parent\" data-id=\"4c9f6d9\" data-element_type=\"container\" data-e-type=\"container\">\n\t\t\t\t\t<div class=\"e-con-inner\">\n\t\t\t\t<div class=\"elementor-element elementor-element-1d19f97 elementor-widget elementor-widget-text-editor\" data-id=\"1d19f97\" data-element_type=\"widget\" data-e-type=\"widget\" data-widget_type=\"text-editor.default\">\n\t\t\t\t\t\t\t\t\t<p><b>1. Pr\u00e9sentation<\/b><\/p><p>La pr\u00e9sente politique de confidentialit\u00e9 a pour objectif d\u2019informer les utilisateurs du site de l\u2019<strong>ISSAT (Institut Secondaire et Sup\u00e9rieur d\u2019Agro-Technologies)<\/strong> de la mani\u00e8re dont leurs donn\u00e9es personnelles sont collect\u00e9es, utilis\u00e9es et prot\u00e9g\u00e9es, conform\u00e9ment au <strong>R\u00e8glement G\u00e9n\u00e9ral sur la Protection des Donn\u00e9es (RGPD)<\/strong> en vigueur en France et dans l\u2019Union europ\u00e9enne.<\/p><p>\u00a0<\/p><p><b>2. Responsable du traitement<\/b><\/p><p>Le responsable du traitement des donn\u00e9es personnelles est l\u2019<strong>ISSAT<\/strong>,<br \/>association et \u00e9tablissement de formation, bas\u00e9 en France.<\/p><p>Le site est h\u00e9berg\u00e9 par <strong>OVH<\/strong>, prestataire technique assurant l\u2019h\u00e9bergement des donn\u00e9es.<\/p><p>\u00a0<\/p><p><b>3. Donn\u00e9es personnelles collect\u00e9es<\/b><\/p><p>Via le formulaire de contact du site, l\u2019ISSAT collecte uniquement les donn\u00e9es suivantes :<\/p><ul><li>Nom<\/li><li>Pr\u00e9nom<\/li><li>Adresse e-mail<\/li><li>Message libre<\/li><\/ul><p>Ces donn\u00e9es sont fournies volontairement par l\u2019utilisateur.<\/p><p>\u00a0<\/p><p><b>4. Finalit\u00e9 de la collecte<\/b><\/p><p>Les donn\u00e9es personnelles collect\u00e9es ont pour finalit\u00e9 :<\/p><ul><li>Le traitement des demandes envoy\u00e9es via le formulaire de contact<\/li><li>Les \u00e9changes d\u2019informations entre l\u2019ISSAT et les utilisateurs<\/li><\/ul><p>Aucune autre utilisation n\u2019est faite de ces donn\u00e9es.<\/p><p>\u00a0<\/p><p><b>5. Destinataires des donn\u00e9es<\/b><\/p><p>Les donn\u00e9es collect\u00e9es sont accessibles <strong>uniquement au personnel habilit\u00e9 de l\u2019ISSAT<\/strong>.<br \/>Elles ne sont <strong>ni vendues, ni c\u00e9d\u00e9es, ni transmises \u00e0 des tiers<\/strong>.<\/p><p>\u00a0<\/p><p><b>6. Dur\u00e9e de conservation<\/b><\/p><p>Les donn\u00e9es personnelles sont conserv\u00e9es <strong>aussi longtemps que n\u00e9cessaire<\/strong> pour le traitement des demandes et le suivi des \u00e9changes, dans le respect de la r\u00e9glementation en vigueur.<\/p><p>\u00a0<\/p><p><b>7. S\u00e9curit\u00e9 des donn\u00e9es<\/b><\/p><p>L\u2019ISSAT met en \u0153uvre des mesures techniques et organisationnelles appropri\u00e9es afin de garantir la s\u00e9curit\u00e9, la confidentialit\u00e9 et l\u2019int\u00e9grit\u00e9 des donn\u00e9es personnelles collect\u00e9es.<\/p><p>\u00a0<\/p><p><b>8. Cookies et traceurs<\/b><\/p><p>Le site de l\u2019ISSAT <strong>n\u2019utilise pas de cookies de suivi ni de traceurs statistiques ou publicitaires<\/strong> \u00e0 ce jour.<br \/>En cas d\u2019\u00e9volution, cette politique sera mise \u00e0 jour.<\/p><p>\u00a0<\/p><p><b>9. Droits des utilisateurs<\/b><\/p><p>Conform\u00e9ment au RGPD, chaque utilisateur dispose des droits suivants :<\/p><ul><li>Droit d\u2019acc\u00e8s \u00e0 ses donn\u00e9es<\/li><li>Droit de rectification<\/li><li>Droit \u00e0 l\u2019effacement<\/li><li>Droit d\u2019opposition<\/li><li>Droit \u00e0 la limitation du traitement<\/li><\/ul><p>Pour exercer ces droits ou pour toute question relative aux donn\u00e9es personnelles, vous pouvez contacter l\u2019ISSAT \u00e0 l\u2019adresse suivante :<br \/>\ud83d\udce7 <strong><a href=\"mailto:communication@issat.cneap.fr\">communication@issat.cneap.fr<\/a><\/strong><\/p><p>\u00a0<\/p><p><b>10. Modification de la politique<\/b><\/p><p>L\u2019ISSAT se r\u00e9serve le droit de modifier la pr\u00e9sente politique de confidentialit\u00e9 \u00e0 tout moment afin de rester conforme aux \u00e9volutions l\u00e9gales et r\u00e9glementaires.<\/p><p>\u00a0<\/p>\t\t\t\t\t\t\t\t<\/div>\n\t\t\t\t\t<\/div>\n\t\t\t\t<\/div>\n\t\t\t\t<\/div>\n\t\t","protected":false},"excerpt":{"rendered":"<p>Politique de confidentialit\u00e9 &#8211; RGPD 1. Pr\u00e9sentation La pr\u00e9sente politique de confidentialit\u00e9 a pour objectif d\u2019informer les utilisateurs du site de l\u2019ISSAT (Institut Secondaire et Sup\u00e9rieur d\u2019Agro-Technologies) de la mani\u00e8re dont leurs donn\u00e9es personnelles sont collect\u00e9es, utilis\u00e9es et prot\u00e9g\u00e9es, conform\u00e9ment au R\u00e8glement G\u00e9n\u00e9ral sur la Protection des Donn\u00e9es (RGPD) en vigueur en France et dans [&hellip;]<\/p>\n","protected":false},"author":1,"featured_media":0,"parent":0,"menu_order":0,"comment_status":"closed","ping_status":"closed","template":"","meta":{"footnotes":""},"mode-d039enseignement":[],"type-de-diplome":[],"filiere":[],"folder":[],"class_list":["post-2730","page","type-page","status-publish","hentry"],"yoast_head":"<!-- This site is optimized with the Yoast SEO plugin v27.2 - https:\/\/yoast.com\/product\/yoast-seo-wordpress\/ -->\n<title>Politique de confidentialit\u00e9 - ISSAT Pays de Vilaine<\/title>\n<meta name=\"robots\" content=\"index, follow, max-snippet:-1, max-image-preview:large, max-video-preview:-1\" \/>\n<link rel=\"canonical\" href=\"https:\/\/www.issat.info\/2026\/politique-de-confidentialite\/\" \/>\n<meta property=\"og:locale\" content=\"fr_FR\" \/>\n<meta property=\"og:type\" content=\"article\" \/>\n<meta property=\"og:title\" content=\"Politique de confidentialit\u00e9 - ISSAT Pays de Vilaine\" \/>\n<meta property=\"og:description\" content=\"Politique de confidentialit\u00e9 &#8211; RGPD 1. Pr\u00e9sentation La pr\u00e9sente politique de confidentialit\u00e9 a pour objectif d\u2019informer les utilisateurs du site de l\u2019ISSAT (Institut Secondaire et Sup\u00e9rieur d\u2019Agro-Technologies) de la mani\u00e8re dont leurs donn\u00e9es personnelles sont collect\u00e9es, utilis\u00e9es et prot\u00e9g\u00e9es, conform\u00e9ment au R\u00e8glement G\u00e9n\u00e9ral sur la Protection des Donn\u00e9es (RGPD) en vigueur en France et dans [&hellip;]\" \/>\n<meta property=\"og:url\" content=\"https:\/\/www.issat.info\/2026\/politique-de-confidentialite\/\" \/>\n<meta property=\"og:site_name\" content=\"ISSAT Pays de Vilaine\" \/>\n<meta property=\"article:publisher\" content=\"https:\/\/www.facebook.com\/lyceeissat\/\" \/>\n<meta property=\"article:modified_time\" content=\"2026-01-06T14:23:50+00:00\" \/>\n<meta property=\"og:image\" content=\"https:\/\/www.issat.info\/2026\/wp-content\/uploads\/2025\/07\/logo-site-couleur.png\" \/>\n\t<meta property=\"og:image:width\" content=\"1459\" \/>\n\t<meta property=\"og:image:height\" content=\"417\" \/>\n\t<meta property=\"og:image:type\" content=\"image\/png\" \/>\n<meta name=\"twitter:card\" content=\"summary_large_image\" \/>\n<meta name=\"twitter:label1\" content=\"Dur\u00e9e de lecture estim\u00e9e\" \/>\n\t<meta name=\"twitter:data1\" content=\"2 minutes\" \/>\n<script type=\"application\/ld+json\" class=\"yoast-schema-graph\">{\"@context\":\"https:\/\/schema.org\",\"@graph\":[{\"@type\":\"WebPage\",\"@id\":\"https:\/\/www.issat.info\/2026\/politique-de-confidentialite\/\",\"url\":\"https:\/\/www.issat.info\/2026\/politique-de-confidentialite\/\",\"name\":\"Politique de confidentialit\u00e9 - ISSAT Pays de Vilaine\",\"isPartOf\":{\"@id\":\"https:\/\/www.issat.info\/2026\/#website\"},\"datePublished\":\"2026-01-06T13:07:43+00:00\",\"dateModified\":\"2026-01-06T14:23:50+00:00\",\"breadcrumb\":{\"@id\":\"https:\/\/www.issat.info\/2026\/politique-de-confidentialite\/#breadcrumb\"},\"inLanguage\":\"fr-FR\",\"potentialAction\":[{\"@type\":\"ReadAction\",\"target\":[\"https:\/\/www.issat.info\/2026\/politique-de-confidentialite\/\"]}]},{\"@type\":\"BreadcrumbList\",\"@id\":\"https:\/\/www.issat.info\/2026\/politique-de-confidentialite\/#breadcrumb\",\"itemListElement\":[{\"@type\":\"ListItem\",\"position\":1,\"name\":\"Accueil\",\"item\":\"https:\/\/www.issat.info\/2026\/\"},{\"@type\":\"ListItem\",\"position\":2,\"name\":\"Politique de confidentialit\u00e9\"}]},{\"@type\":\"WebSite\",\"@id\":\"https:\/\/www.issat.info\/2026\/#website\",\"url\":\"https:\/\/www.issat.info\/2026\/\",\"name\":\"ISSAT\",\"description\":\"Lyc\u00e9e Professionnel \/ Apprentissage \/ \u00c9tudes Sup\u00e9rieures et Formation continue\",\"publisher\":{\"@id\":\"https:\/\/www.issat.info\/2026\/#organization\"},\"alternateName\":\"ISSAT\",\"potentialAction\":[{\"@type\":\"SearchAction\",\"target\":{\"@type\":\"EntryPoint\",\"urlTemplate\":\"https:\/\/www.issat.info\/2026\/?s={search_term_string}\"},\"query-input\":{\"@type\":\"PropertyValueSpecification\",\"valueRequired\":true,\"valueName\":\"search_term_string\"}}],\"inLanguage\":\"fr-FR\"},{\"@type\":\"Organization\",\"@id\":\"https:\/\/www.issat.info\/2026\/#organization\",\"name\":\"ISSAT\",\"url\":\"https:\/\/www.issat.info\/2026\/\",\"logo\":{\"@type\":\"ImageObject\",\"inLanguage\":\"fr-FR\",\"@id\":\"https:\/\/www.issat.info\/2026\/#\/schema\/logo\/image\/\",\"url\":\"https:\/\/www.issat.info\/2026\/wp-content\/uploads\/2025\/07\/logo-site-couleur.png\",\"contentUrl\":\"https:\/\/www.issat.info\/2026\/wp-content\/uploads\/2025\/07\/logo-site-couleur.png\",\"width\":1459,\"height\":417,\"caption\":\"ISSAT\"},\"image\":{\"@id\":\"https:\/\/www.issat.info\/2026\/#\/schema\/logo\/image\/\"},\"sameAs\":[\"https:\/\/www.facebook.com\/lyceeissat\/\",\"https:\/\/www.instagram.com\/lyceeissat\/\",\"https:\/\/fr.linkedin.com\/school\/lyce-issat\/\"]}]}<\/script>\n<!-- \/ Yoast SEO plugin. -->","yoast_head_json":{"title":"Politique de confidentialit\u00e9 - ISSAT Pays de Vilaine","robots":{"index":"index","follow":"follow","max-snippet":"max-snippet:-1","max-image-preview":"max-image-preview:large","max-video-preview":"max-video-preview:-1"},"canonical":"https:\/\/www.issat.info\/2026\/politique-de-confidentialite\/","og_locale":"fr_FR","og_type":"article","og_title":"Politique de confidentialit\u00e9 - ISSAT Pays de Vilaine","og_description":"Politique de confidentialit\u00e9 &#8211; RGPD 1. Pr\u00e9sentation La pr\u00e9sente politique de confidentialit\u00e9 a pour objectif d\u2019informer les utilisateurs du site de l\u2019ISSAT (Institut Secondaire et Sup\u00e9rieur d\u2019Agro-Technologies) de la mani\u00e8re dont leurs donn\u00e9es personnelles sont collect\u00e9es, utilis\u00e9es et prot\u00e9g\u00e9es, conform\u00e9ment au R\u00e8glement G\u00e9n\u00e9ral sur la Protection des Donn\u00e9es (RGPD) en vigueur en France et dans [&hellip;]","og_url":"https:\/\/www.issat.info\/2026\/politique-de-confidentialite\/","og_site_name":"ISSAT Pays de Vilaine","article_publisher":"https:\/\/www.facebook.com\/lyceeissat\/","article_modified_time":"2026-01-06T14:23:50+00:00","og_image":[{"width":1459,"height":417,"url":"https:\/\/www.issat.info\/2026\/wp-content\/uploads\/2025\/07\/logo-site-couleur.png","type":"image\/png"}],"twitter_card":"summary_large_image","twitter_misc":{"Dur\u00e9e de lecture estim\u00e9e":"2 minutes"},"schema":{"@context":"https:\/\/schema.org","@graph":[{"@type":"WebPage","@id":"https:\/\/www.issat.info\/2026\/politique-de-confidentialite\/","url":"https:\/\/www.issat.info\/2026\/politique-de-confidentialite\/","name":"Politique de confidentialit\u00e9 - ISSAT Pays de Vilaine","isPartOf":{"@id":"https:\/\/www.issat.info\/2026\/#website"},"datePublished":"2026-01-06T13:07:43+00:00","dateModified":"2026-01-06T14:23:50+00:00","breadcrumb":{"@id":"https:\/\/www.issat.info\/2026\/politique-de-confidentialite\/#breadcrumb"},"inLanguage":"fr-FR","potentialAction":[{"@type":"ReadAction","target":["https:\/\/www.issat.info\/2026\/politique-de-confidentialite\/"]}]},{"@type":"BreadcrumbList","@id":"https:\/\/www.issat.info\/2026\/politique-de-confidentialite\/#breadcrumb","itemListElement":[{"@type":"ListItem","position":1,"name":"Accueil","item":"https:\/\/www.issat.info\/2026\/"},{"@type":"ListItem","position":2,"name":"Politique de confidentialit\u00e9"}]},{"@type":"WebSite","@id":"https:\/\/www.issat.info\/2026\/#website","url":"https:\/\/www.issat.info\/2026\/","name":"ISSAT","description":"Lyc\u00e9e Professionnel \/ Apprentissage \/ \u00c9tudes Sup\u00e9rieures et Formation continue","publisher":{"@id":"https:\/\/www.issat.info\/2026\/#organization"},"alternateName":"ISSAT","potentialAction":[{"@type":"SearchAction","target":{"@type":"EntryPoint","urlTemplate":"https:\/\/www.issat.info\/2026\/?s={search_term_string}"},"query-input":{"@type":"PropertyValueSpecification","valueRequired":true,"valueName":"search_term_string"}}],"inLanguage":"fr-FR"},{"@type":"Organization","@id":"https:\/\/www.issat.info\/2026\/#organization","name":"ISSAT","url":"https:\/\/www.issat.info\/2026\/","logo":{"@type":"ImageObject","inLanguage":"fr-FR","@id":"https:\/\/www.issat.info\/2026\/#\/schema\/logo\/image\/","url":"https:\/\/www.issat.info\/2026\/wp-content\/uploads\/2025\/07\/logo-site-couleur.png","contentUrl":"https:\/\/www.issat.info\/2026\/wp-content\/uploads\/2025\/07\/logo-site-couleur.png","width":1459,"height":417,"caption":"ISSAT"},"image":{"@id":"https:\/\/www.issat.info\/2026\/#\/schema\/logo\/image\/"},"sameAs":["https:\/\/www.facebook.com\/lyceeissat\/","https:\/\/www.instagram.com\/lyceeissat\/","https:\/\/fr.linkedin.com\/school\/lyce-issat\/"]}]}},"_links":{"self":[{"href":"https:\/\/www.issat.info\/2026\/wp-json\/wp\/v2\/pages\/2730","targetHints":{"allow":["GET"]}}],"collection":[{"href":"https:\/\/www.issat.info\/2026\/wp-json\/wp\/v2\/pages"}],"about":[{"href":"https:\/\/www.issat.info\/2026\/wp-json\/wp\/v2\/types\/page"}],"author":[{"embeddable":true,"href":"https:\/\/www.issat.info\/2026\/wp-json\/wp\/v2\/users\/1"}],"replies":[{"embeddable":true,"href":"https:\/\/www.issat.info\/2026\/wp-json\/wp\/v2\/comments?post=2730"}],"version-history":[{"count":10,"href":"https:\/\/www.issat.info\/2026\/wp-json\/wp\/v2\/pages\/2730\/revisions"}],"predecessor-version":[{"id":2747,"href":"https:\/\/www.issat.info\/2026\/wp-json\/wp\/v2\/pages\/2730\/revisions\/2747"}],"wp:attachment":[{"href":"https:\/\/www.issat.info\/2026\/wp-json\/wp\/v2\/media?parent=2730"}],"wp:term":[{"taxonomy":"mode-d039enseignement","embeddable":true,"href":"https:\/\/www.issat.info\/2026\/wp-json\/wp\/v2\/mode-d039enseignement?post=2730"},{"taxonomy":"type-de-diplome","embeddable":true,"href":"https:\/\/www.issat.info\/2026\/wp-json\/wp\/v2\/type-de-diplome?post=2730"},{"taxonomy":"filiere","embeddable":true,"href":"https:\/\/www.issat.info\/2026\/wp-json\/wp\/v2\/filiere?post=2730"},{"taxonomy":"folder","embeddable":true,"href":"https:\/\/www.issat.info\/2026\/wp-json\/wp\/v2\/folder?post=2730"}],"curies":[{"name":"wp","href":"https:\/\/api.w.org\/{rel}","templated":true}]}}