{"id":2715,"date":"2026-01-06T12:43:51","date_gmt":"2026-01-06T11:43:51","guid":{"rendered":"https:\/\/www.issat.info\/2026\/?page_id=2715"},"modified":"2026-01-06T15:22:38","modified_gmt":"2026-01-06T14:22:38","slug":"mentions-legales","status":"publish","type":"page","link":"https:\/\/www.issat.info\/2026\/mentions-legales\/","title":{"rendered":"Mentions l\u00e9gales"},"content":{"rendered":"\t\t<div data-elementor-type=\"wp-page\" data-elementor-id=\"2715\" class=\"elementor elementor-2715\" data-elementor-post-type=\"page\">\n\t\t\t\t\t\t<section class=\"elementor-section elementor-top-section elementor-element elementor-element-4f33a2e elementor-section-height-min-height elementor-section-boxed elementor-section-height-default elementor-section-items-middle\" data-id=\"4f33a2e\" data-element_type=\"section\" data-e-type=\"section\" data-settings=\"{&quot;background_background&quot;:&quot;classic&quot;}\">\n\t\t\t\t\t\t<div class=\"elementor-container elementor-column-gap-wider\">\n\t\t\t\t\t<div class=\"elementor-column elementor-col-100 elementor-top-column elementor-element elementor-element-b591dfb\" data-id=\"b591dfb\" data-element_type=\"column\" data-e-type=\"column\">\n\t\t\t<div class=\"elementor-widget-wrap elementor-element-populated\">\n\t\t\t\t\t\t<div class=\"elementor-element elementor-element-9cb204c elementor-invisible elementor-widget elementor-widget-heading\" data-id=\"9cb204c\" data-element_type=\"widget\" data-e-type=\"widget\" data-settings=\"{&quot;_animation&quot;:&quot;fadeInDown&quot;,&quot;_animation_delay&quot;:200}\" data-widget_type=\"heading.default\">\n\t\t\t\t\t<h1 class=\"elementor-heading-title elementor-size-default\">Mentions l\u00e9gales<\/h1>\t\t\t\t<\/div>\n\t\t\t\t\t<\/div>\n\t\t<\/div>\n\t\t\t\t\t<\/div>\n\t\t<\/section>\n\t\t<div class=\"elementor-element elementor-element-4c9f6d9 e-flex e-con-boxed e-con e-parent\" data-id=\"4c9f6d9\" data-element_type=\"container\" data-e-type=\"container\">\n\t\t\t\t\t<div class=\"e-con-inner\">\n\t\t\t\t<div class=\"elementor-element elementor-element-1d19f97 elementor-widget elementor-widget-text-editor\" data-id=\"1d19f97\" data-element_type=\"widget\" data-e-type=\"widget\" data-widget_type=\"text-editor.default\">\n\t\t\t\t\t\t\t\t\t<p><span style=\"font-weight: 400;\">Conform\u00e9ment aux dispositions de la loi n\u00b0 2004-575 du 21 juin 2004 pour la confiance en l&rsquo;\u00e9conomie num\u00e9rique, il est pr\u00e9cis\u00e9 aux utilisateurs du site ISSAT l&rsquo;identit\u00e9 des diff\u00e9rents intervenants dans le cadre de sa r\u00e9alisation et de son suivi.<\/span><\/p><p><b>Edition du site\u00a0<\/b><\/p><p><span style=\"font-weight: 400;\">Le pr\u00e9sent site, accessible \u00e0 l\u2019URL issat.info , est \u00e9dit\u00e9 par : <\/span><span style=\"font-weight: 400;\">L\u2019association Lyc\u00e9e ISSAT, enregistr\u00e9e aupr\u00e8s de la pr\u00e9fecture\/sous-pr\u00e9fecture de 35 &#8211; Sous-Pr\u00e9fecture Redon sous le num\u00e9ro Non renseign\u00e9, ayant son si\u00e8ge situ\u00e9 \u00e0 6 Rue de la Maillardaie, 35600 Redon, repr\u00e9sent\u00e9e par Laura Renaux d\u00fbment habilit\u00e9e<\/span><\/p><p><span style=\"font-weight: 400;\">Le num\u00e9ro individuel TVA de l\u2019\u00e9diteur est : FR82399488089.<\/span><\/p><p><b>H\u00e9bergement<\/b><\/p><p><span style=\"font-weight: 400;\">Le Site est h\u00e9berg\u00e9 par la soci\u00e9t\u00e9 OVH SAS, situ\u00e9 2 rue Kellermann &#8211; BP 80157 &#8211; 59053 Roubaix Cedex 1, (contact t\u00e9l\u00e9phonique ou email : 1007).<\/span><\/p><p><b>Directeur de publication\u00a0<\/b><\/p><p><span style=\"font-weight: 400;\">Le Directeur de la publication du Site est\u00a0 Laura Renaux<\/span><\/p><p><b>Nous contacter\u00a0<\/b><\/p><p><span style=\"font-weight: 400;\">Par t\u00e9l\u00e9phone\u00a0: +33299711100<\/span><\/p><p><span style=\"font-weight: 400;\">Par email\u00a0: accueil@issat.cneap.fr<\/span><\/p><p><span style=\"font-weight: 400;\">Par courrier\u00a0: 6 Rue de la Maillardaie, 35600 Redon<\/span><\/p>\t\t\t\t\t\t\t\t<\/div>\n\t\t\t\t\t<\/div>\n\t\t\t\t<\/div>\n\t\t\t\t<\/div>\n\t\t","protected":false},"excerpt":{"rendered":"<p>Mentions l\u00e9gales Conform\u00e9ment aux dispositions de la loi n\u00b0 2004-575 du 21 juin 2004 pour la confiance en l&rsquo;\u00e9conomie num\u00e9rique, il est pr\u00e9cis\u00e9 aux utilisateurs du site ISSAT l&rsquo;identit\u00e9 des diff\u00e9rents intervenants dans le cadre de sa r\u00e9alisation et de son suivi. Edition du site\u00a0 Le pr\u00e9sent site, accessible \u00e0 l\u2019URL issat.info , est \u00e9dit\u00e9 [&hellip;]<\/p>\n","protected":false},"author":1,"featured_media":0,"parent":0,"menu_order":0,"comment_status":"closed","ping_status":"closed","template":"","meta":{"footnotes":""},"mode-d039enseignement":[],"type-de-diplome":[],"filiere":[],"folder":[],"class_list":["post-2715","page","type-page","status-publish","hentry"],"yoast_head":"<!-- This site is optimized with the Yoast SEO plugin v27.2 - https:\/\/yoast.com\/product\/yoast-seo-wordpress\/ -->\n<title>Mentions l\u00e9gales - ISSAT Pays de Vilaine<\/title>\n<meta name=\"robots\" content=\"index, follow, max-snippet:-1, max-image-preview:large, max-video-preview:-1\" \/>\n<link rel=\"canonical\" href=\"https:\/\/www.issat.info\/2026\/mentions-legales\/\" \/>\n<meta property=\"og:locale\" content=\"fr_FR\" \/>\n<meta property=\"og:type\" content=\"article\" \/>\n<meta property=\"og:title\" content=\"Mentions l\u00e9gales - ISSAT Pays de Vilaine\" \/>\n<meta property=\"og:description\" content=\"Mentions l\u00e9gales Conform\u00e9ment aux dispositions de la loi n\u00b0 2004-575 du 21 juin 2004 pour la confiance en l&rsquo;\u00e9conomie num\u00e9rique, il est pr\u00e9cis\u00e9 aux utilisateurs du site ISSAT l&rsquo;identit\u00e9 des diff\u00e9rents intervenants dans le cadre de sa r\u00e9alisation et de son suivi. Edition du site\u00a0 Le pr\u00e9sent site, accessible \u00e0 l\u2019URL issat.info , est \u00e9dit\u00e9 [&hellip;]\" \/>\n<meta property=\"og:url\" content=\"https:\/\/www.issat.info\/2026\/mentions-legales\/\" \/>\n<meta property=\"og:site_name\" content=\"ISSAT Pays de Vilaine\" \/>\n<meta property=\"article:publisher\" content=\"https:\/\/www.facebook.com\/lyceeissat\/\" \/>\n<meta property=\"article:modified_time\" content=\"2026-01-06T14:22:38+00:00\" \/>\n<meta property=\"og:image\" content=\"https:\/\/www.issat.info\/2026\/wp-content\/uploads\/2025\/07\/logo-site-couleur.png\" \/>\n\t<meta property=\"og:image:width\" content=\"1459\" \/>\n\t<meta property=\"og:image:height\" content=\"417\" \/>\n\t<meta property=\"og:image:type\" content=\"image\/png\" \/>\n<meta name=\"twitter:card\" content=\"summary_large_image\" \/>\n<meta name=\"twitter:label1\" content=\"Dur\u00e9e de lecture estim\u00e9e\" \/>\n\t<meta name=\"twitter:data1\" content=\"1 minute\" \/>\n<script type=\"application\/ld+json\" class=\"yoast-schema-graph\">{\"@context\":\"https:\/\/schema.org\",\"@graph\":[{\"@type\":\"WebPage\",\"@id\":\"https:\/\/www.issat.info\/2026\/mentions-legales\/\",\"url\":\"https:\/\/www.issat.info\/2026\/mentions-legales\/\",\"name\":\"Mentions l\u00e9gales - ISSAT Pays de Vilaine\",\"isPartOf\":{\"@id\":\"https:\/\/www.issat.info\/2026\/#website\"},\"datePublished\":\"2026-01-06T11:43:51+00:00\",\"dateModified\":\"2026-01-06T14:22:38+00:00\",\"breadcrumb\":{\"@id\":\"https:\/\/www.issat.info\/2026\/mentions-legales\/#breadcrumb\"},\"inLanguage\":\"fr-FR\",\"potentialAction\":[{\"@type\":\"ReadAction\",\"target\":[\"https:\/\/www.issat.info\/2026\/mentions-legales\/\"]}]},{\"@type\":\"BreadcrumbList\",\"@id\":\"https:\/\/www.issat.info\/2026\/mentions-legales\/#breadcrumb\",\"itemListElement\":[{\"@type\":\"ListItem\",\"position\":1,\"name\":\"Accueil\",\"item\":\"https:\/\/www.issat.info\/2026\/\"},{\"@type\":\"ListItem\",\"position\":2,\"name\":\"Mentions l\u00e9gales\"}]},{\"@type\":\"WebSite\",\"@id\":\"https:\/\/www.issat.info\/2026\/#website\",\"url\":\"https:\/\/www.issat.info\/2026\/\",\"name\":\"ISSAT\",\"description\":\"Lyc\u00e9e Professionnel \/ Apprentissage \/ \u00c9tudes Sup\u00e9rieures et Formation continue\",\"publisher\":{\"@id\":\"https:\/\/www.issat.info\/2026\/#organization\"},\"alternateName\":\"ISSAT\",\"potentialAction\":[{\"@type\":\"SearchAction\",\"target\":{\"@type\":\"EntryPoint\",\"urlTemplate\":\"https:\/\/www.issat.info\/2026\/?s={search_term_string}\"},\"query-input\":{\"@type\":\"PropertyValueSpecification\",\"valueRequired\":true,\"valueName\":\"search_term_string\"}}],\"inLanguage\":\"fr-FR\"},{\"@type\":\"Organization\",\"@id\":\"https:\/\/www.issat.info\/2026\/#organization\",\"name\":\"ISSAT\",\"url\":\"https:\/\/www.issat.info\/2026\/\",\"logo\":{\"@type\":\"ImageObject\",\"inLanguage\":\"fr-FR\",\"@id\":\"https:\/\/www.issat.info\/2026\/#\/schema\/logo\/image\/\",\"url\":\"https:\/\/www.issat.info\/2026\/wp-content\/uploads\/2025\/07\/logo-site-couleur.png\",\"contentUrl\":\"https:\/\/www.issat.info\/2026\/wp-content\/uploads\/2025\/07\/logo-site-couleur.png\",\"width\":1459,\"height\":417,\"caption\":\"ISSAT\"},\"image\":{\"@id\":\"https:\/\/www.issat.info\/2026\/#\/schema\/logo\/image\/\"},\"sameAs\":[\"https:\/\/www.facebook.com\/lyceeissat\/\",\"https:\/\/www.instagram.com\/lyceeissat\/\",\"https:\/\/fr.linkedin.com\/school\/lyce-issat\/\"]}]}<\/script>\n<!-- \/ Yoast SEO plugin. -->","yoast_head_json":{"title":"Mentions l\u00e9gales - ISSAT Pays de Vilaine","robots":{"index":"index","follow":"follow","max-snippet":"max-snippet:-1","max-image-preview":"max-image-preview:large","max-video-preview":"max-video-preview:-1"},"canonical":"https:\/\/www.issat.info\/2026\/mentions-legales\/","og_locale":"fr_FR","og_type":"article","og_title":"Mentions l\u00e9gales - ISSAT Pays de Vilaine","og_description":"Mentions l\u00e9gales Conform\u00e9ment aux dispositions de la loi n\u00b0 2004-575 du 21 juin 2004 pour la confiance en l&rsquo;\u00e9conomie num\u00e9rique, il est pr\u00e9cis\u00e9 aux utilisateurs du site ISSAT l&rsquo;identit\u00e9 des diff\u00e9rents intervenants dans le cadre de sa r\u00e9alisation et de son suivi. Edition du site\u00a0 Le pr\u00e9sent site, accessible \u00e0 l\u2019URL issat.info , est \u00e9dit\u00e9 [&hellip;]","og_url":"https:\/\/www.issat.info\/2026\/mentions-legales\/","og_site_name":"ISSAT Pays de Vilaine","article_publisher":"https:\/\/www.facebook.com\/lyceeissat\/","article_modified_time":"2026-01-06T14:22:38+00:00","og_image":[{"width":1459,"height":417,"url":"https:\/\/www.issat.info\/2026\/wp-content\/uploads\/2025\/07\/logo-site-couleur.png","type":"image\/png"}],"twitter_card":"summary_large_image","twitter_misc":{"Dur\u00e9e de lecture estim\u00e9e":"1 minute"},"schema":{"@context":"https:\/\/schema.org","@graph":[{"@type":"WebPage","@id":"https:\/\/www.issat.info\/2026\/mentions-legales\/","url":"https:\/\/www.issat.info\/2026\/mentions-legales\/","name":"Mentions l\u00e9gales - ISSAT Pays de Vilaine","isPartOf":{"@id":"https:\/\/www.issat.info\/2026\/#website"},"datePublished":"2026-01-06T11:43:51+00:00","dateModified":"2026-01-06T14:22:38+00:00","breadcrumb":{"@id":"https:\/\/www.issat.info\/2026\/mentions-legales\/#breadcrumb"},"inLanguage":"fr-FR","potentialAction":[{"@type":"ReadAction","target":["https:\/\/www.issat.info\/2026\/mentions-legales\/"]}]},{"@type":"BreadcrumbList","@id":"https:\/\/www.issat.info\/2026\/mentions-legales\/#breadcrumb","itemListElement":[{"@type":"ListItem","position":1,"name":"Accueil","item":"https:\/\/www.issat.info\/2026\/"},{"@type":"ListItem","position":2,"name":"Mentions l\u00e9gales"}]},{"@type":"WebSite","@id":"https:\/\/www.issat.info\/2026\/#website","url":"https:\/\/www.issat.info\/2026\/","name":"ISSAT","description":"Lyc\u00e9e Professionnel \/ Apprentissage \/ \u00c9tudes Sup\u00e9rieures et Formation continue","publisher":{"@id":"https:\/\/www.issat.info\/2026\/#organization"},"alternateName":"ISSAT","potentialAction":[{"@type":"SearchAction","target":{"@type":"EntryPoint","urlTemplate":"https:\/\/www.issat.info\/2026\/?s={search_term_string}"},"query-input":{"@type":"PropertyValueSpecification","valueRequired":true,"valueName":"search_term_string"}}],"inLanguage":"fr-FR"},{"@type":"Organization","@id":"https:\/\/www.issat.info\/2026\/#organization","name":"ISSAT","url":"https:\/\/www.issat.info\/2026\/","logo":{"@type":"ImageObject","inLanguage":"fr-FR","@id":"https:\/\/www.issat.info\/2026\/#\/schema\/logo\/image\/","url":"https:\/\/www.issat.info\/2026\/wp-content\/uploads\/2025\/07\/logo-site-couleur.png","contentUrl":"https:\/\/www.issat.info\/2026\/wp-content\/uploads\/2025\/07\/logo-site-couleur.png","width":1459,"height":417,"caption":"ISSAT"},"image":{"@id":"https:\/\/www.issat.info\/2026\/#\/schema\/logo\/image\/"},"sameAs":["https:\/\/www.facebook.com\/lyceeissat\/","https:\/\/www.instagram.com\/lyceeissat\/","https:\/\/fr.linkedin.com\/school\/lyce-issat\/"]}]}},"_links":{"self":[{"href":"https:\/\/www.issat.info\/2026\/wp-json\/wp\/v2\/pages\/2715","targetHints":{"allow":["GET"]}}],"collection":[{"href":"https:\/\/www.issat.info\/2026\/wp-json\/wp\/v2\/pages"}],"about":[{"href":"https:\/\/www.issat.info\/2026\/wp-json\/wp\/v2\/types\/page"}],"author":[{"embeddable":true,"href":"https:\/\/www.issat.info\/2026\/wp-json\/wp\/v2\/users\/1"}],"replies":[{"embeddable":true,"href":"https:\/\/www.issat.info\/2026\/wp-json\/wp\/v2\/comments?post=2715"}],"version-history":[{"count":13,"href":"https:\/\/www.issat.info\/2026\/wp-json\/wp\/v2\/pages\/2715\/revisions"}],"predecessor-version":[{"id":2744,"href":"https:\/\/www.issat.info\/2026\/wp-json\/wp\/v2\/pages\/2715\/revisions\/2744"}],"wp:attachment":[{"href":"https:\/\/www.issat.info\/2026\/wp-json\/wp\/v2\/media?parent=2715"}],"wp:term":[{"taxonomy":"mode-d039enseignement","embeddable":true,"href":"https:\/\/www.issat.info\/2026\/wp-json\/wp\/v2\/mode-d039enseignement?post=2715"},{"taxonomy":"type-de-diplome","embeddable":true,"href":"https:\/\/www.issat.info\/2026\/wp-json\/wp\/v2\/type-de-diplome?post=2715"},{"taxonomy":"filiere","embeddable":true,"href":"https:\/\/www.issat.info\/2026\/wp-json\/wp\/v2\/filiere?post=2715"},{"taxonomy":"folder","embeddable":true,"href":"https:\/\/www.issat.info\/2026\/wp-json\/wp\/v2\/folder?post=2715"}],"curies":[{"name":"wp","href":"https:\/\/api.w.org\/{rel}","templated":true}]}}