{"id":2405,"date":"2025-12-17T13:51:37","date_gmt":"2025-12-17T12:51:37","guid":{"rendered":"https:\/\/www.issat.info\/2026\/?page_id=2405"},"modified":"2025-12-23T09:29:58","modified_gmt":"2025-12-23T08:29:58","slug":"pre-inscription","status":"publish","type":"page","link":"https:\/\/www.issat.info\/2026\/pre-inscription\/","title":{"rendered":"Pr\u00e9-inscription"},"content":{"rendered":"\t\t<div data-elementor-type=\"wp-page\" data-elementor-id=\"2405\" class=\"elementor elementor-2405\" data-elementor-post-type=\"page\">\n\t\t\t\t\t\t<section class=\"elementor-section elementor-top-section elementor-element elementor-element-6c1640f8 elementor-section-height-min-height elementor-section-boxed elementor-section-height-default elementor-section-items-middle\" data-id=\"6c1640f8\" data-element_type=\"section\" data-e-type=\"section\" data-settings=\"{&quot;background_background&quot;:&quot;classic&quot;}\">\n\t\t\t\t\t\t\t<div class=\"elementor-background-overlay\"><\/div>\n\t\t\t\t\t\t\t<div class=\"elementor-container elementor-column-gap-wider\">\n\t\t\t\t\t<div class=\"elementor-column elementor-col-100 elementor-top-column elementor-element elementor-element-3863bfd3\" data-id=\"3863bfd3\" data-element_type=\"column\" data-e-type=\"column\">\n\t\t\t<div class=\"elementor-widget-wrap elementor-element-populated\">\n\t\t\t\t\t\t<div class=\"elementor-element elementor-element-2573d0f elementor-invisible elementor-widget elementor-widget-heading\" data-id=\"2573d0f\" data-element_type=\"widget\" data-e-type=\"widget\" data-settings=\"{&quot;_animation&quot;:&quot;fadeInDown&quot;,&quot;_animation_delay&quot;:200}\" data-widget_type=\"heading.default\">\n\t\t\t\t\t<h1 class=\"elementor-heading-title elementor-size-default\">Pr\u00e9-inscription 2026-2027<\/h1>\t\t\t\t<\/div>\n\t\t\t\t\t<\/div>\n\t\t<\/div>\n\t\t\t\t\t<\/div>\n\t\t<\/section>\n\t\t\t\t<section class=\"elementor-section elementor-top-section elementor-element elementor-element-4d05c03 envato-kit-141-top-0 elementor-section-boxed elementor-section-height-default elementor-section-height-default\" data-id=\"4d05c03\" data-element_type=\"section\" data-e-type=\"section\" data-settings=\"{&quot;background_background&quot;:&quot;classic&quot;}\">\n\t\t\t\t\t\t\t<div class=\"elementor-background-overlay\"><\/div>\n\t\t\t\t\t\t\t<div class=\"elementor-container elementor-column-gap-wider\">\n\t\t\t\t\t<div class=\"elementor-column elementor-col-50 elementor-top-column elementor-element elementor-element-4253c59\" data-id=\"4253c59\" data-element_type=\"column\" data-e-type=\"column\">\n\t\t\t<div class=\"elementor-widget-wrap elementor-element-populated\">\n\t\t\t\t\t\t<div class=\"elementor-element elementor-element-eb94a5c elementor-invisible elementor-widget elementor-widget-heading\" data-id=\"eb94a5c\" data-element_type=\"widget\" data-e-type=\"widget\" data-settings=\"{&quot;_animation&quot;:&quot;fadeIn&quot;,&quot;_animation_delay&quot;:100}\" data-widget_type=\"heading.default\">\n\t\t\t\t\t<h4 class=\"elementor-heading-title elementor-size-default\">Coll\u00e8ge - Lyc\u00e9e <br>Formation initiale scolaire<\/h4>\t\t\t\t<\/div>\n\t\t\t\t<div class=\"elementor-element elementor-element-cc47cac elementor-widget-divider--view-line elementor-invisible elementor-widget elementor-widget-divider\" data-id=\"cc47cac\" data-element_type=\"widget\" data-e-type=\"widget\" data-settings=\"{&quot;_animation&quot;:&quot;fadeIn&quot;,&quot;_animation_delay&quot;:150}\" data-widget_type=\"divider.default\">\n\t\t\t\t\t\t\t<div class=\"elementor-divider\">\n\t\t\t<span class=\"elementor-divider-separator\">\n\t\t\t\t\t\t<\/span>\n\t\t<\/div>\n\t\t\t\t\t\t<\/div>\n\t\t\t\t<div class=\"elementor-element elementor-element-df95748 elementor-widget elementor-widget-text-editor\" data-id=\"df95748\" data-element_type=\"widget\" data-e-type=\"widget\" data-widget_type=\"text-editor.default\">\n\t\t\t\t\t\t\t\t\t<p>La pr\u00e9-inscription est obligatoire pour l\u2019ensemble des \u00e9l\u00e8ves, merci de bien vouloir <a href=\"https:\/\/preinscriptions.ecoledirecte.com\/?RNE=0351958N&amp;ETAB=LA\"><span style=\"text-decoration: underline;\">compl\u00e9ter le formulaire en ligne en cliquant sur le bouton ci-dessous<\/span><\/a>, joindre les documents demand\u00e9s et valider.<\/p><p>Nous vous invitons ensuite \u00e0 contacter l\u2019accueil au <strong>02.99.71.11.00<\/strong> pour prendre un rendez-vous d\u2019inscription avec Mme Renaux, Cheffe d\u2019\u00e9tablissement.<\/p><p>Ce rendez-vous a pour objectif d\u2019\u00e9changer avec vous et votre enfant sur son projet d\u2019\u00e9tudes, ses points forts, ses besoins p\u00e9dagogiques et \u00e9ducatifs\u2026<\/p>\t\t\t\t\t\t\t\t<\/div>\n\t\t\t\t<div class=\"elementor-element elementor-element-041faea elementor-widget elementor-widget-button\" data-id=\"041faea\" data-element_type=\"widget\" data-e-type=\"widget\" data-widget_type=\"button.default\">\n\t\t\t\t\t\t\t\t\t\t<a class=\"elementor-button elementor-button-link elementor-size-sm\" href=\"https:\/\/preinscriptions.ecoledirecte.com\/?RNE=0351958N&#038;ETAB=LA\">\n\t\t\t\t\t\t<span class=\"elementor-button-content-wrapper\">\n\t\t\t\t\t\t\t\t\t<span class=\"elementor-button-text\">PR\u00c9-INSCRIPTION FORMATION SCOLAIRE<\/span>\n\t\t\t\t\t<\/span>\n\t\t\t\t\t<\/a>\n\t\t\t\t\t\t\t\t<\/div>\n\t\t\t\t\t<\/div>\n\t\t<\/div>\n\t\t\t\t<div class=\"elementor-column elementor-col-50 elementor-top-column elementor-element elementor-element-25cd558\" data-id=\"25cd558\" data-element_type=\"column\" data-e-type=\"column\">\n\t\t\t<div class=\"elementor-widget-wrap elementor-element-populated\">\n\t\t\t\t\t\t<div class=\"elementor-element elementor-element-a729fb5 elementor-invisible elementor-widget elementor-widget-heading\" data-id=\"a729fb5\" data-element_type=\"widget\" data-e-type=\"widget\" data-settings=\"{&quot;_animation&quot;:&quot;fadeIn&quot;,&quot;_animation_delay&quot;:100}\" data-widget_type=\"heading.default\">\n\t\t\t\t\t<h4 class=\"elementor-heading-title elementor-size-default\">Formation en apprentissage<br><br><\/h4>\t\t\t\t<\/div>\n\t\t\t\t<div class=\"elementor-element elementor-element-f06636e elementor-widget-divider--view-line elementor-invisible elementor-widget elementor-widget-divider\" data-id=\"f06636e\" data-element_type=\"widget\" data-e-type=\"widget\" data-settings=\"{&quot;_animation&quot;:&quot;fadeIn&quot;,&quot;_animation_delay&quot;:150}\" data-widget_type=\"divider.default\">\n\t\t\t\t\t\t\t<div class=\"elementor-divider\">\n\t\t\t<span class=\"elementor-divider-separator\">\n\t\t\t\t\t\t<\/span>\n\t\t<\/div>\n\t\t\t\t\t\t<\/div>\n\t\t\t\t<div class=\"elementor-element elementor-element-3fbdeda elementor-widget elementor-widget-text-editor\" data-id=\"3fbdeda\" data-element_type=\"widget\" data-e-type=\"widget\" data-widget_type=\"text-editor.default\">\n\t\t\t\t\t\t\t\t\t<p>La pr\u00e9-inscription est obligatoire pour l\u2019ensemble des apprentis, merci de bien vouloir\u00a0<a href=\"https:\/\/preinscriptions.ecoledirecte.com\/?RNE=0351958N&amp;ETAB=LA\"><span style=\"text-decoration: underline;\">compl\u00e9ter le formulaire en ligne en cliquant sur le bouton ci- dessous<\/span>,<\/a>\u00a0 joindre les documents demand\u00e9s et valider.<\/p><p>Nous vous invitons ensuite \u00e0 contacter le service apprentissage au <strong>02.99.71.60.76<\/strong> pour prendre un rendez-vous avec un responsable de formation.<\/p><p><span class=\"OYPEnA text-decoration-none text-strikethrough-none\">Le rendez-vous a pour objectif d\u2019\u00e9changer avec vous et votre jeune sur son projet professionnel, ses points forts, ses besoins p\u00e9dagogiques et \u00e9ducatifs, et d\u2019\u00e9tablir un positionnement\u2026<\/span><\/p>\t\t\t\t\t\t\t\t<\/div>\n\t\t\t\t<div class=\"elementor-element elementor-element-b91b738 elementor-widget elementor-widget-button\" data-id=\"b91b738\" data-element_type=\"widget\" data-e-type=\"widget\" data-widget_type=\"button.default\">\n\t\t\t\t\t\t\t\t\t\t<a class=\"elementor-button elementor-button-link elementor-size-sm\" href=\"https:\/\/preinscriptions.ecoledirecte.com\/?RNE=0351958N&#038;ETAB=AP\">\n\t\t\t\t\t\t<span class=\"elementor-button-content-wrapper\">\n\t\t\t\t\t\t\t\t\t<span class=\"elementor-button-text\">PR\u00c9-INSCRIPTION FORMATION EN APPRENTISSAGE<\/span>\n\t\t\t\t\t<\/span>\n\t\t\t\t\t<\/a>\n\t\t\t\t\t\t\t\t<\/div>\n\t\t\t\t\t<\/div>\n\t\t<\/div>\n\t\t\t\t\t<\/div>\n\t\t<\/section>\n\t\t<div class=\"elementor-element elementor-element-ab2ba55 e-flex e-con-boxed e-con e-parent\" data-id=\"ab2ba55\" data-element_type=\"container\" data-e-type=\"container\">\n\t\t\t\t\t<div class=\"e-con-inner\">\n\t\t\t\t<div class=\"elementor-element elementor-element-c819721 elementor-widget elementor-widget-image\" data-id=\"c819721\" data-element_type=\"widget\" data-e-type=\"widget\" data-widget_type=\"image.default\">\n\t\t\t\t\t\t\t\t\t\t\t\t\t\t\t<img fetchpriority=\"high\" decoding=\"async\" width=\"800\" height=\"200\" src=\"https:\/\/www.issat.info\/2026\/wp-content\/uploads\/2025\/12\/banniere-issat-1024x256.png\" class=\"attachment-large size-large wp-image-2418\" alt=\"banni\u00e8re issat\" srcset=\"https:\/\/www.issat.info\/2026\/wp-content\/uploads\/2025\/12\/banniere-issat-1024x256.png 1024w, https:\/\/www.issat.info\/2026\/wp-content\/uploads\/2025\/12\/banniere-issat-300x75.png 300w, https:\/\/www.issat.info\/2026\/wp-content\/uploads\/2025\/12\/banniere-issat-768x192.png 768w, https:\/\/www.issat.info\/2026\/wp-content\/uploads\/2025\/12\/banniere-issat-1536x384.png 1536w, https:\/\/www.issat.info\/2026\/wp-content\/uploads\/2025\/12\/banniere-issat.png 1584w\" sizes=\"(max-width: 800px) 100vw, 800px\" \/>\t\t\t\t\t\t\t\t\t\t\t\t\t\t\t<\/div>\n\t\t\t\t\t<\/div>\n\t\t\t\t<\/div>\n\t\t\t\t<\/div>\n\t\t","protected":false},"excerpt":{"rendered":"<p>Pr\u00e9-inscription 2026-2027 Coll\u00e8ge &#8211; Lyc\u00e9e Formation initiale scolaire La pr\u00e9-inscription est obligatoire pour l\u2019ensemble des \u00e9l\u00e8ves, merci de bien vouloir compl\u00e9ter le formulaire en ligne en cliquant sur le bouton ci-dessous, joindre les documents demand\u00e9s et valider. Nous vous invitons ensuite \u00e0 contacter l\u2019accueil au 02.99.71.11.00 pour prendre un rendez-vous d\u2019inscription avec Mme Renaux, Cheffe [&hellip;]<\/p>\n","protected":false},"author":1,"featured_media":0,"parent":0,"menu_order":0,"comment_status":"closed","ping_status":"closed","template":"","meta":{"footnotes":""},"mode-d039enseignement":[],"type-de-diplome":[],"filiere":[],"folder":[],"class_list":["post-2405","page","type-page","status-publish","hentry"],"yoast_head":"<!-- This site is optimized with the Yoast SEO plugin v27.2 - https:\/\/yoast.com\/product\/yoast-seo-wordpress\/ -->\n<title>Pr\u00e9-inscription - ISSAT Pays de Vilaine<\/title>\n<meta name=\"robots\" content=\"index, follow, max-snippet:-1, max-image-preview:large, max-video-preview:-1\" \/>\n<link rel=\"canonical\" href=\"https:\/\/www.issat.info\/2026\/pre-inscription\/\" \/>\n<meta property=\"og:locale\" content=\"fr_FR\" \/>\n<meta property=\"og:type\" content=\"article\" \/>\n<meta property=\"og:title\" content=\"Pr\u00e9-inscription - ISSAT Pays de Vilaine\" \/>\n<meta property=\"og:description\" content=\"Pr\u00e9-inscription 2026-2027 Coll\u00e8ge &#8211; Lyc\u00e9e Formation initiale scolaire La pr\u00e9-inscription est obligatoire pour l\u2019ensemble des \u00e9l\u00e8ves, merci de bien vouloir compl\u00e9ter le formulaire en ligne en cliquant sur le bouton ci-dessous, joindre les documents demand\u00e9s et valider. Nous vous invitons ensuite \u00e0 contacter l\u2019accueil au 02.99.71.11.00 pour prendre un rendez-vous d\u2019inscription avec Mme Renaux, Cheffe [&hellip;]\" \/>\n<meta property=\"og:url\" content=\"https:\/\/www.issat.info\/2026\/pre-inscription\/\" \/>\n<meta property=\"og:site_name\" content=\"ISSAT Pays de Vilaine\" \/>\n<meta property=\"article:publisher\" content=\"https:\/\/www.facebook.com\/lyceeissat\/\" \/>\n<meta property=\"article:modified_time\" content=\"2025-12-23T08:29:58+00:00\" \/>\n<meta property=\"og:image\" content=\"https:\/\/www.issat.info\/2026\/wp-content\/uploads\/2025\/12\/banniere-issat-1024x256.png\" \/>\n<meta name=\"twitter:card\" content=\"summary_large_image\" \/>\n<meta name=\"twitter:label1\" content=\"Dur\u00e9e de lecture estim\u00e9e\" \/>\n\t<meta name=\"twitter:data1\" content=\"1 minute\" \/>\n<script type=\"application\/ld+json\" class=\"yoast-schema-graph\">{\"@context\":\"https:\/\/schema.org\",\"@graph\":[{\"@type\":\"WebPage\",\"@id\":\"https:\/\/www.issat.info\/2026\/pre-inscription\/\",\"url\":\"https:\/\/www.issat.info\/2026\/pre-inscription\/\",\"name\":\"Pr\u00e9-inscription - ISSAT Pays de Vilaine\",\"isPartOf\":{\"@id\":\"https:\/\/www.issat.info\/2026\/#website\"},\"primaryImageOfPage\":{\"@id\":\"https:\/\/www.issat.info\/2026\/pre-inscription\/#primaryimage\"},\"image\":{\"@id\":\"https:\/\/www.issat.info\/2026\/pre-inscription\/#primaryimage\"},\"thumbnailUrl\":\"https:\/\/www.issat.info\/2026\/wp-content\/uploads\/2025\/12\/banniere-issat-1024x256.png\",\"datePublished\":\"2025-12-17T12:51:37+00:00\",\"dateModified\":\"2025-12-23T08:29:58+00:00\",\"breadcrumb\":{\"@id\":\"https:\/\/www.issat.info\/2026\/pre-inscription\/#breadcrumb\"},\"inLanguage\":\"fr-FR\",\"potentialAction\":[{\"@type\":\"ReadAction\",\"target\":[\"https:\/\/www.issat.info\/2026\/pre-inscription\/\"]}]},{\"@type\":\"ImageObject\",\"inLanguage\":\"fr-FR\",\"@id\":\"https:\/\/www.issat.info\/2026\/pre-inscription\/#primaryimage\",\"url\":\"https:\/\/www.issat.info\/2026\/wp-content\/uploads\/2025\/12\/banniere-issat.png\",\"contentUrl\":\"https:\/\/www.issat.info\/2026\/wp-content\/uploads\/2025\/12\/banniere-issat.png\",\"width\":1584,\"height\":396,\"caption\":\"banni\u00e8re issat\"},{\"@type\":\"BreadcrumbList\",\"@id\":\"https:\/\/www.issat.info\/2026\/pre-inscription\/#breadcrumb\",\"itemListElement\":[{\"@type\":\"ListItem\",\"position\":1,\"name\":\"Accueil\",\"item\":\"https:\/\/www.issat.info\/2026\/\"},{\"@type\":\"ListItem\",\"position\":2,\"name\":\"Pr\u00e9-inscription\"}]},{\"@type\":\"WebSite\",\"@id\":\"https:\/\/www.issat.info\/2026\/#website\",\"url\":\"https:\/\/www.issat.info\/2026\/\",\"name\":\"ISSAT\",\"description\":\"Lyc\u00e9e Professionnel \/ Apprentissage \/ \u00c9tudes Sup\u00e9rieures et Formation continue\",\"publisher\":{\"@id\":\"https:\/\/www.issat.info\/2026\/#organization\"},\"alternateName\":\"ISSAT\",\"potentialAction\":[{\"@type\":\"SearchAction\",\"target\":{\"@type\":\"EntryPoint\",\"urlTemplate\":\"https:\/\/www.issat.info\/2026\/?s={search_term_string}\"},\"query-input\":{\"@type\":\"PropertyValueSpecification\",\"valueRequired\":true,\"valueName\":\"search_term_string\"}}],\"inLanguage\":\"fr-FR\"},{\"@type\":\"Organization\",\"@id\":\"https:\/\/www.issat.info\/2026\/#organization\",\"name\":\"ISSAT\",\"url\":\"https:\/\/www.issat.info\/2026\/\",\"logo\":{\"@type\":\"ImageObject\",\"inLanguage\":\"fr-FR\",\"@id\":\"https:\/\/www.issat.info\/2026\/#\/schema\/logo\/image\/\",\"url\":\"https:\/\/www.issat.info\/2026\/wp-content\/uploads\/2025\/07\/logo-site-couleur.png\",\"contentUrl\":\"https:\/\/www.issat.info\/2026\/wp-content\/uploads\/2025\/07\/logo-site-couleur.png\",\"width\":1459,\"height\":417,\"caption\":\"ISSAT\"},\"image\":{\"@id\":\"https:\/\/www.issat.info\/2026\/#\/schema\/logo\/image\/\"},\"sameAs\":[\"https:\/\/www.facebook.com\/lyceeissat\/\",\"https:\/\/www.instagram.com\/lyceeissat\/\",\"https:\/\/fr.linkedin.com\/school\/lyce-issat\/\"]}]}<\/script>\n<!-- \/ Yoast SEO plugin. -->","yoast_head_json":{"title":"Pr\u00e9-inscription - ISSAT Pays de Vilaine","robots":{"index":"index","follow":"follow","max-snippet":"max-snippet:-1","max-image-preview":"max-image-preview:large","max-video-preview":"max-video-preview:-1"},"canonical":"https:\/\/www.issat.info\/2026\/pre-inscription\/","og_locale":"fr_FR","og_type":"article","og_title":"Pr\u00e9-inscription - ISSAT Pays de Vilaine","og_description":"Pr\u00e9-inscription 2026-2027 Coll\u00e8ge &#8211; Lyc\u00e9e Formation initiale scolaire La pr\u00e9-inscription est obligatoire pour l\u2019ensemble des \u00e9l\u00e8ves, merci de bien vouloir compl\u00e9ter le formulaire en ligne en cliquant sur le bouton ci-dessous, joindre les documents demand\u00e9s et valider. Nous vous invitons ensuite \u00e0 contacter l\u2019accueil au 02.99.71.11.00 pour prendre un rendez-vous d\u2019inscription avec Mme Renaux, Cheffe [&hellip;]","og_url":"https:\/\/www.issat.info\/2026\/pre-inscription\/","og_site_name":"ISSAT Pays de Vilaine","article_publisher":"https:\/\/www.facebook.com\/lyceeissat\/","article_modified_time":"2025-12-23T08:29:58+00:00","og_image":[{"url":"https:\/\/www.issat.info\/2026\/wp-content\/uploads\/2025\/12\/banniere-issat-1024x256.png","type":"","width":"","height":""}],"twitter_card":"summary_large_image","twitter_misc":{"Dur\u00e9e de lecture estim\u00e9e":"1 minute"},"schema":{"@context":"https:\/\/schema.org","@graph":[{"@type":"WebPage","@id":"https:\/\/www.issat.info\/2026\/pre-inscription\/","url":"https:\/\/www.issat.info\/2026\/pre-inscription\/","name":"Pr\u00e9-inscription - ISSAT Pays de Vilaine","isPartOf":{"@id":"https:\/\/www.issat.info\/2026\/#website"},"primaryImageOfPage":{"@id":"https:\/\/www.issat.info\/2026\/pre-inscription\/#primaryimage"},"image":{"@id":"https:\/\/www.issat.info\/2026\/pre-inscription\/#primaryimage"},"thumbnailUrl":"https:\/\/www.issat.info\/2026\/wp-content\/uploads\/2025\/12\/banniere-issat-1024x256.png","datePublished":"2025-12-17T12:51:37+00:00","dateModified":"2025-12-23T08:29:58+00:00","breadcrumb":{"@id":"https:\/\/www.issat.info\/2026\/pre-inscription\/#breadcrumb"},"inLanguage":"fr-FR","potentialAction":[{"@type":"ReadAction","target":["https:\/\/www.issat.info\/2026\/pre-inscription\/"]}]},{"@type":"ImageObject","inLanguage":"fr-FR","@id":"https:\/\/www.issat.info\/2026\/pre-inscription\/#primaryimage","url":"https:\/\/www.issat.info\/2026\/wp-content\/uploads\/2025\/12\/banniere-issat.png","contentUrl":"https:\/\/www.issat.info\/2026\/wp-content\/uploads\/2025\/12\/banniere-issat.png","width":1584,"height":396,"caption":"banni\u00e8re issat"},{"@type":"BreadcrumbList","@id":"https:\/\/www.issat.info\/2026\/pre-inscription\/#breadcrumb","itemListElement":[{"@type":"ListItem","position":1,"name":"Accueil","item":"https:\/\/www.issat.info\/2026\/"},{"@type":"ListItem","position":2,"name":"Pr\u00e9-inscription"}]},{"@type":"WebSite","@id":"https:\/\/www.issat.info\/2026\/#website","url":"https:\/\/www.issat.info\/2026\/","name":"ISSAT","description":"Lyc\u00e9e Professionnel \/ Apprentissage \/ \u00c9tudes Sup\u00e9rieures et Formation continue","publisher":{"@id":"https:\/\/www.issat.info\/2026\/#organization"},"alternateName":"ISSAT","potentialAction":[{"@type":"SearchAction","target":{"@type":"EntryPoint","urlTemplate":"https:\/\/www.issat.info\/2026\/?s={search_term_string}"},"query-input":{"@type":"PropertyValueSpecification","valueRequired":true,"valueName":"search_term_string"}}],"inLanguage":"fr-FR"},{"@type":"Organization","@id":"https:\/\/www.issat.info\/2026\/#organization","name":"ISSAT","url":"https:\/\/www.issat.info\/2026\/","logo":{"@type":"ImageObject","inLanguage":"fr-FR","@id":"https:\/\/www.issat.info\/2026\/#\/schema\/logo\/image\/","url":"https:\/\/www.issat.info\/2026\/wp-content\/uploads\/2025\/07\/logo-site-couleur.png","contentUrl":"https:\/\/www.issat.info\/2026\/wp-content\/uploads\/2025\/07\/logo-site-couleur.png","width":1459,"height":417,"caption":"ISSAT"},"image":{"@id":"https:\/\/www.issat.info\/2026\/#\/schema\/logo\/image\/"},"sameAs":["https:\/\/www.facebook.com\/lyceeissat\/","https:\/\/www.instagram.com\/lyceeissat\/","https:\/\/fr.linkedin.com\/school\/lyce-issat\/"]}]}},"_links":{"self":[{"href":"https:\/\/www.issat.info\/2026\/wp-json\/wp\/v2\/pages\/2405","targetHints":{"allow":["GET"]}}],"collection":[{"href":"https:\/\/www.issat.info\/2026\/wp-json\/wp\/v2\/pages"}],"about":[{"href":"https:\/\/www.issat.info\/2026\/wp-json\/wp\/v2\/types\/page"}],"author":[{"embeddable":true,"href":"https:\/\/www.issat.info\/2026\/wp-json\/wp\/v2\/users\/1"}],"replies":[{"embeddable":true,"href":"https:\/\/www.issat.info\/2026\/wp-json\/wp\/v2\/comments?post=2405"}],"version-history":[{"count":19,"href":"https:\/\/www.issat.info\/2026\/wp-json\/wp\/v2\/pages\/2405\/revisions"}],"predecessor-version":[{"id":2672,"href":"https:\/\/www.issat.info\/2026\/wp-json\/wp\/v2\/pages\/2405\/revisions\/2672"}],"wp:attachment":[{"href":"https:\/\/www.issat.info\/2026\/wp-json\/wp\/v2\/media?parent=2405"}],"wp:term":[{"taxonomy":"mode-d039enseignement","embeddable":true,"href":"https:\/\/www.issat.info\/2026\/wp-json\/wp\/v2\/mode-d039enseignement?post=2405"},{"taxonomy":"type-de-diplome","embeddable":true,"href":"https:\/\/www.issat.info\/2026\/wp-json\/wp\/v2\/type-de-diplome?post=2405"},{"taxonomy":"filiere","embeddable":true,"href":"https:\/\/www.issat.info\/2026\/wp-json\/wp\/v2\/filiere?post=2405"},{"taxonomy":"folder","embeddable":true,"href":"https:\/\/www.issat.info\/2026\/wp-json\/wp\/v2\/folder?post=2405"}],"curies":[{"name":"wp","href":"https:\/\/api.w.org\/{rel}","templated":true}]}}