{"id":1463,"date":"2025-10-08T14:44:05","date_gmt":"2025-10-08T12:44:05","guid":{"rendered":"https:\/\/www.issat.info\/2026\/?page_id=1463"},"modified":"2025-10-08T14:52:14","modified_gmt":"2025-10-08T12:52:14","slug":"engagement-citoyen","status":"publish","type":"page","link":"https:\/\/www.issat.info\/2026\/engagement-citoyen\/","title":{"rendered":"Engagement citoyen"},"content":{"rendered":"\t\t<div data-elementor-type=\"wp-page\" data-elementor-id=\"1463\" class=\"elementor elementor-1463\" data-elementor-post-type=\"page\">\n\t\t\t\t\t\t<section class=\"elementor-section elementor-top-section elementor-element elementor-element-27c0d0a9 elementor-section-height-min-height elementor-section-boxed elementor-section-height-default elementor-section-items-middle\" data-id=\"27c0d0a9\" data-element_type=\"section\" data-e-type=\"section\" data-settings=\"{&quot;background_background&quot;:&quot;classic&quot;}\">\n\t\t\t\t\t\t\t<div class=\"elementor-background-overlay\"><\/div>\n\t\t\t\t\t\t\t<div class=\"elementor-container elementor-column-gap-wider\">\n\t\t\t\t\t<div class=\"elementor-column elementor-col-100 elementor-top-column elementor-element elementor-element-6c33ea5c\" data-id=\"6c33ea5c\" data-element_type=\"column\" data-e-type=\"column\">\n\t\t\t<div class=\"elementor-widget-wrap elementor-element-populated\">\n\t\t\t\t\t\t<div class=\"elementor-element elementor-element-42ec3598 elementor-invisible elementor-widget elementor-widget-heading\" data-id=\"42ec3598\" data-element_type=\"widget\" data-e-type=\"widget\" data-settings=\"{&quot;_animation&quot;:&quot;fadeInDown&quot;,&quot;_animation_delay&quot;:200}\" data-widget_type=\"heading.default\">\n\t\t\t\t\t<h1 class=\"elementor-heading-title elementor-size-default\">ENGAGEMENT CITOYEN<\/h1>\t\t\t\t<\/div>\n\t\t\t\t\t<\/div>\n\t\t<\/div>\n\t\t\t\t\t<\/div>\n\t\t<\/section>\n\t\t\t\t<section class=\"elementor-section elementor-top-section elementor-element elementor-element-11639aa elementor-section-boxed elementor-section-height-default elementor-section-height-default\" data-id=\"11639aa\" data-element_type=\"section\" data-e-type=\"section\" data-settings=\"{&quot;background_background&quot;:&quot;classic&quot;}\">\n\t\t\t\t\t\t<div class=\"elementor-container elementor-column-gap-wider\">\n\t\t\t\t\t<div class=\"elementor-column elementor-col-33 elementor-top-column elementor-element elementor-element-61ce585d\" data-id=\"61ce585d\" data-element_type=\"column\" data-e-type=\"column\">\n\t\t\t<div class=\"elementor-widget-wrap elementor-element-populated\">\n\t\t\t\t\t\t<div class=\"elementor-element elementor-element-1d49fb8d elementor-widget elementor-widget-image\" data-id=\"1d49fb8d\" data-element_type=\"widget\" data-e-type=\"widget\" data-widget_type=\"image.default\">\n\t\t\t\t\t\t\t\t\t\t\t\t\t\t\t<img decoding=\"async\" src=\"https:\/\/www.issat.info\/2026\/wp-content\/uploads\/elementor\/thumbs\/MjAyMDAyYzE1MDAxOWU0ZTFmODgzMjg0NWNiZWMwNTQ4NDA4YzQ-1-rg75iuwm9l7a872dmyavshrrbgdfd1z5rt874jx1fs.jpg\" title=\"MjAyMDAyYzE1MDAxOWU0ZTFmODgzMjg0NWNiZWMwNTQ4NDA4YzQ (1)\" alt=\"MjAyMDAyYzE1MDAxOWU0ZTFmODgzMjg0NWNiZWMwNTQ4NDA4YzQ (1)\" loading=\"lazy\" \/>\t\t\t\t\t\t\t\t\t\t\t\t\t\t\t<\/div>\n\t\t\t\t<div class=\"elementor-element elementor-element-46b81c8d elementor-widget elementor-widget-image\" data-id=\"46b81c8d\" data-element_type=\"widget\" data-e-type=\"widget\" data-settings=\"{&quot;motion_fx_motion_fx_scrolling&quot;:&quot;yes&quot;,&quot;motion_fx_translateY_effect&quot;:&quot;yes&quot;,&quot;motion_fx_translateY_direction&quot;:&quot;negative&quot;,&quot;motion_fx_translateY_speed&quot;:{&quot;unit&quot;:&quot;px&quot;,&quot;size&quot;:&quot;1.1&quot;,&quot;sizes&quot;:[]},&quot;motion_fx_translateY_affectedRange&quot;:{&quot;unit&quot;:&quot;%&quot;,&quot;size&quot;:&quot;&quot;,&quot;sizes&quot;:{&quot;start&quot;:&quot;0&quot;,&quot;end&quot;:&quot;76&quot;}},&quot;motion_fx_devices&quot;:[&quot;desktop&quot;,&quot;tablet&quot;,&quot;mobile&quot;]}\" data-widget_type=\"image.default\">\n\t\t\t\t\t\t\t\t\t\t\t\t\t\t\t<img fetchpriority=\"high\" decoding=\"async\" width=\"800\" height=\"868\" src=\"https:\/\/www.issat.info\/2026\/wp-content\/uploads\/2025\/10\/titre-engagement-citoyen.png\" class=\"attachment-large size-large wp-image-1465\" alt=\"\" srcset=\"https:\/\/www.issat.info\/2026\/wp-content\/uploads\/2025\/10\/titre-engagement-citoyen.png 944w, https:\/\/www.issat.info\/2026\/wp-content\/uploads\/2025\/10\/titre-engagement-citoyen-277x300.png 277w, https:\/\/www.issat.info\/2026\/wp-content\/uploads\/2025\/10\/titre-engagement-citoyen-768x833.png 768w\" sizes=\"(max-width: 800px) 100vw, 800px\" \/>\t\t\t\t\t\t\t\t\t\t\t\t\t\t\t<\/div>\n\t\t\t\t\t<\/div>\n\t\t<\/div>\n\t\t\t\t<div class=\"elementor-column elementor-col-33 elementor-top-column elementor-element elementor-element-3c9da0cb\" data-id=\"3c9da0cb\" data-element_type=\"column\" data-e-type=\"column\">\n\t\t\t<div class=\"elementor-widget-wrap\">\n\t\t\t\t\t\t\t<\/div>\n\t\t<\/div>\n\t\t\t\t<div class=\"elementor-column elementor-col-33 elementor-top-column elementor-element elementor-element-60f26470\" data-id=\"60f26470\" data-element_type=\"column\" data-e-type=\"column\">\n\t\t\t<div class=\"elementor-widget-wrap elementor-element-populated\">\n\t\t\t\t\t\t<div class=\"elementor-element elementor-element-26403b51 elementor-widget__width-initial elementor-widget-tablet__width-initial elementor-headline--style-highlight elementor-invisible elementor-widget elementor-widget-animated-headline\" data-id=\"26403b51\" data-element_type=\"widget\" data-e-type=\"widget\" data-settings=\"{&quot;highlighted_text&quot;:&quot;ENGAGEMENT CITOYEN&quot;,&quot;_animation&quot;:&quot;fadeInDown&quot;,&quot;_animation_delay&quot;:400,&quot;headline_style&quot;:&quot;highlight&quot;,&quot;marker&quot;:&quot;circle&quot;,&quot;loop&quot;:&quot;yes&quot;,&quot;highlight_animation_duration&quot;:1200,&quot;highlight_iteration_delay&quot;:8000}\" data-widget_type=\"animated-headline.default\">\n\t\t\t\t\t\t\t<h2 class=\"elementor-headline\">\n\t\t\t\t\t<span class=\"elementor-headline-plain-text elementor-headline-text-wrapper\">OPTION<BR><\/span>\n\t\t\t\t<span class=\"elementor-headline-dynamic-wrapper elementor-headline-text-wrapper\">\n\t\t\t\t\t<span class=\"elementor-headline-dynamic-text elementor-headline-text-active\">ENGAGEMENT CITOYEN<\/span>\n\t\t\t\t<\/span>\n\t\t\t\t<\/h2>\n\t\t\t\t\t\t<\/div>\n\t\t\t\t<div class=\"elementor-element elementor-element-160e94f4 elementor-invisible elementor-widget elementor-widget-heading\" data-id=\"160e94f4\" data-element_type=\"widget\" data-e-type=\"widget\" data-settings=\"{&quot;_animation&quot;:&quot;fadeInDown&quot;,&quot;_animation_delay&quot;:200}\" data-widget_type=\"heading.default\">\n\t\t\t\t\t<div class=\"elementor-heading-title elementor-size-default\">Construire son avenir par l\u2019engagement citoyen<\/div>\t\t\t\t<\/div>\n\t\t\t\t<div class=\"elementor-element elementor-element-45dbfd1f elementor-widget-divider--view-line elementor-invisible elementor-widget elementor-widget-divider\" data-id=\"45dbfd1f\" data-element_type=\"widget\" data-e-type=\"widget\" data-settings=\"{&quot;_animation&quot;:&quot;fadeInDown&quot;,&quot;_animation_delay&quot;:600}\" data-widget_type=\"divider.default\">\n\t\t\t\t\t\t\t<div class=\"elementor-divider\">\n\t\t\t<span class=\"elementor-divider-separator\">\n\t\t\t\t\t\t<\/span>\n\t\t<\/div>\n\t\t\t\t\t\t<\/div>\n\t\t\t\t<div class=\"elementor-element elementor-element-6a2328ac elementor-widget elementor-widget-text-editor\" data-id=\"6a2328ac\" data-element_type=\"widget\" data-e-type=\"widget\" data-widget_type=\"text-editor.default\">\n\t\t\t\t\t\t\t\t\t<p data-start=\"167\" data-end=\"566\">Propos\u00e9e comme option facultative, l\u2019option \u00ab Engagement citoyen \u00bb est ouverte aux \u00e9l\u00e8ves de la section Services aux personnes et aux territoires du lyc\u00e9e agricole ISSAT Redon. Elle permet aux lyc\u00e9ens de valoriser leur engagement associatif dans le cadre du bac. L\u2019implication se d\u00e9roule tout au long de l\u2019ann\u00e9e de premi\u00e8re, avec une \u00e9valuation int\u00e9gr\u00e9e \u00e0 l\u2019examen final.<\/p><p data-start=\"568\" data-end=\"955\">Encadr\u00e9e par des enseignants r\u00e9f\u00e9rents, cette option offre une d\u00e9marche p\u00e9dagogique centr\u00e9e sur l\u2019exp\u00e9rience de terrain. Les \u00e9l\u00e8ves s\u2019investissent dans des associations locales (solidarit\u00e9, sport, \u00e9ducation, culture\u2026), et doivent fournir des preuves concr\u00e8tes de leur implication. Des missions vari\u00e9es leur sont confi\u00e9es : gestion logistique, animation, ou encore t\u00e2ches administratives.<\/p><p data-start=\"957\" data-end=\"1279\">Cette option contribue \u00e0 d\u00e9velopper la confiance en soi, le sens des responsabilit\u00e9s et l\u2019ouverture au territoire. Elle valorise des comp\u00e9tences humaines et sociales, utiles pour l\u2019orientation professionnelle, dans un cadre reconnu par le minist\u00e8re de l\u2019Agriculture. Un v\u00e9ritable tremplin vers l\u2019engagement et l\u2019autonomie.<\/p>\t\t\t\t\t\t\t\t<\/div>\n\t\t\t\t\t<\/div>\n\t\t<\/div>\n\t\t\t\t\t<\/div>\n\t\t<\/section>\n\t\t\t\t<\/div>\n\t\t","protected":false},"excerpt":{"rendered":"<p>ENGAGEMENT CITOYEN OPTION ENGAGEMENT CITOYEN Construire son avenir par l\u2019engagement citoyen Propos\u00e9e comme option facultative, l\u2019option \u00ab Engagement citoyen \u00bb est ouverte aux \u00e9l\u00e8ves de la section Services aux personnes et aux territoires du lyc\u00e9e agricole ISSAT Redon. Elle permet aux lyc\u00e9ens de valoriser leur engagement associatif dans le cadre du bac. L\u2019implication se d\u00e9roule [&hellip;]<\/p>\n","protected":false},"author":1,"featured_media":0,"parent":0,"menu_order":0,"comment_status":"closed","ping_status":"closed","template":"","meta":{"footnotes":""},"mode-d039enseignement":[],"type-de-diplome":[],"filiere":[],"folder":[15],"class_list":["post-1463","page","type-page","status-publish","hentry"],"yoast_head":"<!-- This site is optimized with the Yoast SEO plugin v27.2 - https:\/\/yoast.com\/product\/yoast-seo-wordpress\/ -->\n<title>Engagement citoyen - ISSAT Pays de Vilaine<\/title>\n<meta name=\"description\" content=\"Stage \u00e0 l\u2019\u00e9tranger valoris\u00e9 au Bac Pro au lyc\u00e9e agricole ISSAT Redon : accompagnement vers la mobilit\u00e9 internationale.\" \/>\n<meta name=\"robots\" content=\"index, follow, max-snippet:-1, max-image-preview:large, max-video-preview:-1\" \/>\n<link rel=\"canonical\" href=\"https:\/\/www.issat.info\/2026\/engagement-citoyen\/\" \/>\n<meta property=\"og:locale\" content=\"fr_FR\" \/>\n<meta property=\"og:type\" content=\"article\" \/>\n<meta property=\"og:title\" content=\"Engagement citoyen - ISSAT Pays de Vilaine\" \/>\n<meta property=\"og:description\" content=\"Stage \u00e0 l\u2019\u00e9tranger valoris\u00e9 au Bac Pro au lyc\u00e9e agricole ISSAT Redon : accompagnement vers la mobilit\u00e9 internationale.\" \/>\n<meta property=\"og:url\" content=\"https:\/\/www.issat.info\/2026\/engagement-citoyen\/\" \/>\n<meta property=\"og:site_name\" content=\"ISSAT Pays de Vilaine\" \/>\n<meta property=\"article:publisher\" content=\"https:\/\/www.facebook.com\/lyceeissat\/\" \/>\n<meta property=\"article:modified_time\" content=\"2025-10-08T12:52:14+00:00\" \/>\n<meta property=\"og:image\" content=\"https:\/\/www.issat.info\/2026\/wp-content\/uploads\/elementor\/thumbs\/MjAyMDAyYzE1MDAxOWU0ZTFmODgzMjg0NWNiZWMwNTQ4NDA4YzQ-1-rcwmbwvajyg3ah5ldtgs976h2ylnz4etgmjuz69caw.jpg\" \/>\n<meta name=\"twitter:card\" content=\"summary_large_image\" \/>\n<meta name=\"twitter:label1\" content=\"Dur\u00e9e de lecture estim\u00e9e\" \/>\n\t<meta name=\"twitter:data1\" content=\"1 minute\" \/>\n<script type=\"application\/ld+json\" class=\"yoast-schema-graph\">{\"@context\":\"https:\/\/schema.org\",\"@graph\":[{\"@type\":\"WebPage\",\"@id\":\"https:\/\/www.issat.info\/2026\/engagement-citoyen\/\",\"url\":\"https:\/\/www.issat.info\/2026\/engagement-citoyen\/\",\"name\":\"Engagement citoyen - ISSAT Pays de Vilaine\",\"isPartOf\":{\"@id\":\"https:\/\/www.issat.info\/2026\/#website\"},\"primaryImageOfPage\":{\"@id\":\"https:\/\/www.issat.info\/2026\/engagement-citoyen\/#primaryimage\"},\"image\":{\"@id\":\"https:\/\/www.issat.info\/2026\/engagement-citoyen\/#primaryimage\"},\"thumbnailUrl\":\"https:\/\/www.issat.info\/2026\/wp-content\/uploads\/elementor\/thumbs\/MjAyMDAyYzE1MDAxOWU0ZTFmODgzMjg0NWNiZWMwNTQ4NDA4YzQ-1-rcwmbwvajyg3ah5ldtgs976h2ylnz4etgmjuz69caw.jpg\",\"datePublished\":\"2025-10-08T12:44:05+00:00\",\"dateModified\":\"2025-10-08T12:52:14+00:00\",\"description\":\"Stage \u00e0 l\u2019\u00e9tranger valoris\u00e9 au Bac Pro au lyc\u00e9e agricole ISSAT Redon : accompagnement vers la mobilit\u00e9 internationale.\",\"breadcrumb\":{\"@id\":\"https:\/\/www.issat.info\/2026\/engagement-citoyen\/#breadcrumb\"},\"inLanguage\":\"fr-FR\",\"potentialAction\":[{\"@type\":\"ReadAction\",\"target\":[\"https:\/\/www.issat.info\/2026\/engagement-citoyen\/\"]}]},{\"@type\":\"ImageObject\",\"inLanguage\":\"fr-FR\",\"@id\":\"https:\/\/www.issat.info\/2026\/engagement-citoyen\/#primaryimage\",\"url\":\"https:\/\/www.issat.info\/2026\/wp-content\/uploads\/elementor\/thumbs\/MjAyMDAyYzE1MDAxOWU0ZTFmODgzMjg0NWNiZWMwNTQ4NDA4YzQ-1-rcwmbwvajyg3ah5ldtgs976h2ylnz4etgmjuz69caw.jpg\",\"contentUrl\":\"https:\/\/www.issat.info\/2026\/wp-content\/uploads\/elementor\/thumbs\/MjAyMDAyYzE1MDAxOWU0ZTFmODgzMjg0NWNiZWMwNTQ4NDA4YzQ-1-rcwmbwvajyg3ah5ldtgs976h2ylnz4etgmjuz69caw.jpg\"},{\"@type\":\"BreadcrumbList\",\"@id\":\"https:\/\/www.issat.info\/2026\/engagement-citoyen\/#breadcrumb\",\"itemListElement\":[{\"@type\":\"ListItem\",\"position\":1,\"name\":\"Accueil\",\"item\":\"https:\/\/www.issat.info\/2026\/\"},{\"@type\":\"ListItem\",\"position\":2,\"name\":\"Engagement citoyen\"}]},{\"@type\":\"WebSite\",\"@id\":\"https:\/\/www.issat.info\/2026\/#website\",\"url\":\"https:\/\/www.issat.info\/2026\/\",\"name\":\"ISSAT\",\"description\":\"Lyc\u00e9e Professionnel \/ Apprentissage \/ \u00c9tudes Sup\u00e9rieures et Formation continue\",\"publisher\":{\"@id\":\"https:\/\/www.issat.info\/2026\/#organization\"},\"alternateName\":\"ISSAT\",\"potentialAction\":[{\"@type\":\"SearchAction\",\"target\":{\"@type\":\"EntryPoint\",\"urlTemplate\":\"https:\/\/www.issat.info\/2026\/?s={search_term_string}\"},\"query-input\":{\"@type\":\"PropertyValueSpecification\",\"valueRequired\":true,\"valueName\":\"search_term_string\"}}],\"inLanguage\":\"fr-FR\"},{\"@type\":\"Organization\",\"@id\":\"https:\/\/www.issat.info\/2026\/#organization\",\"name\":\"ISSAT\",\"url\":\"https:\/\/www.issat.info\/2026\/\",\"logo\":{\"@type\":\"ImageObject\",\"inLanguage\":\"fr-FR\",\"@id\":\"https:\/\/www.issat.info\/2026\/#\/schema\/logo\/image\/\",\"url\":\"https:\/\/www.issat.info\/2026\/wp-content\/uploads\/2025\/07\/logo-site-couleur.png\",\"contentUrl\":\"https:\/\/www.issat.info\/2026\/wp-content\/uploads\/2025\/07\/logo-site-couleur.png\",\"width\":1459,\"height\":417,\"caption\":\"ISSAT\"},\"image\":{\"@id\":\"https:\/\/www.issat.info\/2026\/#\/schema\/logo\/image\/\"},\"sameAs\":[\"https:\/\/www.facebook.com\/lyceeissat\/\",\"https:\/\/www.instagram.com\/lyceeissat\/\",\"https:\/\/fr.linkedin.com\/school\/lyce-issat\/\"]}]}<\/script>\n<!-- \/ Yoast SEO plugin. -->","yoast_head_json":{"title":"Engagement citoyen - ISSAT Pays de Vilaine","description":"Stage \u00e0 l\u2019\u00e9tranger valoris\u00e9 au Bac Pro au lyc\u00e9e agricole ISSAT Redon : accompagnement vers la mobilit\u00e9 internationale.","robots":{"index":"index","follow":"follow","max-snippet":"max-snippet:-1","max-image-preview":"max-image-preview:large","max-video-preview":"max-video-preview:-1"},"canonical":"https:\/\/www.issat.info\/2026\/engagement-citoyen\/","og_locale":"fr_FR","og_type":"article","og_title":"Engagement citoyen - ISSAT Pays de Vilaine","og_description":"Stage \u00e0 l\u2019\u00e9tranger valoris\u00e9 au Bac Pro au lyc\u00e9e agricole ISSAT Redon : accompagnement vers la mobilit\u00e9 internationale.","og_url":"https:\/\/www.issat.info\/2026\/engagement-citoyen\/","og_site_name":"ISSAT Pays de Vilaine","article_publisher":"https:\/\/www.facebook.com\/lyceeissat\/","article_modified_time":"2025-10-08T12:52:14+00:00","og_image":[{"url":"https:\/\/www.issat.info\/2026\/wp-content\/uploads\/elementor\/thumbs\/MjAyMDAyYzE1MDAxOWU0ZTFmODgzMjg0NWNiZWMwNTQ4NDA4YzQ-1-rcwmbwvajyg3ah5ldtgs976h2ylnz4etgmjuz69caw.jpg","type":"","width":"","height":""}],"twitter_card":"summary_large_image","twitter_misc":{"Dur\u00e9e de lecture estim\u00e9e":"1 minute"},"schema":{"@context":"https:\/\/schema.org","@graph":[{"@type":"WebPage","@id":"https:\/\/www.issat.info\/2026\/engagement-citoyen\/","url":"https:\/\/www.issat.info\/2026\/engagement-citoyen\/","name":"Engagement citoyen - ISSAT Pays de Vilaine","isPartOf":{"@id":"https:\/\/www.issat.info\/2026\/#website"},"primaryImageOfPage":{"@id":"https:\/\/www.issat.info\/2026\/engagement-citoyen\/#primaryimage"},"image":{"@id":"https:\/\/www.issat.info\/2026\/engagement-citoyen\/#primaryimage"},"thumbnailUrl":"https:\/\/www.issat.info\/2026\/wp-content\/uploads\/elementor\/thumbs\/MjAyMDAyYzE1MDAxOWU0ZTFmODgzMjg0NWNiZWMwNTQ4NDA4YzQ-1-rcwmbwvajyg3ah5ldtgs976h2ylnz4etgmjuz69caw.jpg","datePublished":"2025-10-08T12:44:05+00:00","dateModified":"2025-10-08T12:52:14+00:00","description":"Stage \u00e0 l\u2019\u00e9tranger valoris\u00e9 au Bac Pro au lyc\u00e9e agricole ISSAT Redon : accompagnement vers la mobilit\u00e9 internationale.","breadcrumb":{"@id":"https:\/\/www.issat.info\/2026\/engagement-citoyen\/#breadcrumb"},"inLanguage":"fr-FR","potentialAction":[{"@type":"ReadAction","target":["https:\/\/www.issat.info\/2026\/engagement-citoyen\/"]}]},{"@type":"ImageObject","inLanguage":"fr-FR","@id":"https:\/\/www.issat.info\/2026\/engagement-citoyen\/#primaryimage","url":"https:\/\/www.issat.info\/2026\/wp-content\/uploads\/elementor\/thumbs\/MjAyMDAyYzE1MDAxOWU0ZTFmODgzMjg0NWNiZWMwNTQ4NDA4YzQ-1-rcwmbwvajyg3ah5ldtgs976h2ylnz4etgmjuz69caw.jpg","contentUrl":"https:\/\/www.issat.info\/2026\/wp-content\/uploads\/elementor\/thumbs\/MjAyMDAyYzE1MDAxOWU0ZTFmODgzMjg0NWNiZWMwNTQ4NDA4YzQ-1-rcwmbwvajyg3ah5ldtgs976h2ylnz4etgmjuz69caw.jpg"},{"@type":"BreadcrumbList","@id":"https:\/\/www.issat.info\/2026\/engagement-citoyen\/#breadcrumb","itemListElement":[{"@type":"ListItem","position":1,"name":"Accueil","item":"https:\/\/www.issat.info\/2026\/"},{"@type":"ListItem","position":2,"name":"Engagement citoyen"}]},{"@type":"WebSite","@id":"https:\/\/www.issat.info\/2026\/#website","url":"https:\/\/www.issat.info\/2026\/","name":"ISSAT","description":"Lyc\u00e9e Professionnel \/ Apprentissage \/ \u00c9tudes Sup\u00e9rieures et Formation continue","publisher":{"@id":"https:\/\/www.issat.info\/2026\/#organization"},"alternateName":"ISSAT","potentialAction":[{"@type":"SearchAction","target":{"@type":"EntryPoint","urlTemplate":"https:\/\/www.issat.info\/2026\/?s={search_term_string}"},"query-input":{"@type":"PropertyValueSpecification","valueRequired":true,"valueName":"search_term_string"}}],"inLanguage":"fr-FR"},{"@type":"Organization","@id":"https:\/\/www.issat.info\/2026\/#organization","name":"ISSAT","url":"https:\/\/www.issat.info\/2026\/","logo":{"@type":"ImageObject","inLanguage":"fr-FR","@id":"https:\/\/www.issat.info\/2026\/#\/schema\/logo\/image\/","url":"https:\/\/www.issat.info\/2026\/wp-content\/uploads\/2025\/07\/logo-site-couleur.png","contentUrl":"https:\/\/www.issat.info\/2026\/wp-content\/uploads\/2025\/07\/logo-site-couleur.png","width":1459,"height":417,"caption":"ISSAT"},"image":{"@id":"https:\/\/www.issat.info\/2026\/#\/schema\/logo\/image\/"},"sameAs":["https:\/\/www.facebook.com\/lyceeissat\/","https:\/\/www.instagram.com\/lyceeissat\/","https:\/\/fr.linkedin.com\/school\/lyce-issat\/"]}]}},"_links":{"self":[{"href":"https:\/\/www.issat.info\/2026\/wp-json\/wp\/v2\/pages\/1463","targetHints":{"allow":["GET"]}}],"collection":[{"href":"https:\/\/www.issat.info\/2026\/wp-json\/wp\/v2\/pages"}],"about":[{"href":"https:\/\/www.issat.info\/2026\/wp-json\/wp\/v2\/types\/page"}],"author":[{"embeddable":true,"href":"https:\/\/www.issat.info\/2026\/wp-json\/wp\/v2\/users\/1"}],"replies":[{"embeddable":true,"href":"https:\/\/www.issat.info\/2026\/wp-json\/wp\/v2\/comments?post=1463"}],"version-history":[{"count":4,"href":"https:\/\/www.issat.info\/2026\/wp-json\/wp\/v2\/pages\/1463\/revisions"}],"predecessor-version":[{"id":1469,"href":"https:\/\/www.issat.info\/2026\/wp-json\/wp\/v2\/pages\/1463\/revisions\/1469"}],"wp:attachment":[{"href":"https:\/\/www.issat.info\/2026\/wp-json\/wp\/v2\/media?parent=1463"}],"wp:term":[{"taxonomy":"mode-d039enseignement","embeddable":true,"href":"https:\/\/www.issat.info\/2026\/wp-json\/wp\/v2\/mode-d039enseignement?post=1463"},{"taxonomy":"type-de-diplome","embeddable":true,"href":"https:\/\/www.issat.info\/2026\/wp-json\/wp\/v2\/type-de-diplome?post=1463"},{"taxonomy":"filiere","embeddable":true,"href":"https:\/\/www.issat.info\/2026\/wp-json\/wp\/v2\/filiere?post=1463"},{"taxonomy":"folder","embeddable":true,"href":"https:\/\/www.issat.info\/2026\/wp-json\/wp\/v2\/folder?post=1463"}],"curies":[{"name":"wp","href":"https:\/\/api.w.org\/{rel}","templated":true}]}}